{"id":755343,"date":"2025-08-28T06:37:03","date_gmt":"2025-08-28T03:37:03","guid":{"rendered":"https:\/\/roveyayinevi.com.tr\/index.php\/urun\/el-sensin-alem-senin-icinde\/"},"modified":"2026-04-03T03:10:12","modified_gmt":"2026-04-03T00:10:12","slug":"el-sensin-alem-senin-icinde","status":"publish","type":"product","link":"https:\/\/roveyayinevi.com.tr\/index.php\/urun\/el-sensin-alem-senin-icinde\/","title":{"rendered":"El Sensin Alem Senin \u0130\u00e7inde"},"content":{"rendered":"<p>Siz hen\u00fcz kendi g\u00fcc\u00fcn\u00fcz\u00fcn, kendi yolunuzun ve yolculu\u011funuzun fark\u0131nda de\u011filseniz, ger\u00e7ekten i\u00e7inize ayna tutam\u0131yor ve g\u00f6rd\u00fc\u011f\u00fcn\u00fczle y\u00fczle\u015femiyorsan\u0131z, varl\u0131\u011f\u0131n\u0131z\u0131 t\u00fcm benli\u011finizle kabullenip sonra d\u00fczeltmeye ge\u00e7emiyorsan\u0131z, hep arada, aral\u0131kta kalmaya devam edersiniz. Neye inan\u0131r\u0131m biliyor musunuz? \u0130nsan kusursuz de\u011fil, kusurludur. \u0130nsan olmak fark\u0131nda olmakla \u00f6l\u00e7\u00fcl\u00fcd\u00fcr. \u0130nsan de\u011fi\u015fmek, d\u00f6n\u00fc\u015fmek, geli\u015fmek zorundad\u0131r. O zaman insan olabilir, o zaman ehlile\u015fir.   Yar\u0131\u015f her daim kendinle, var\u0131\u015f her dem kendinedir.<\/p>\n","protected":false},"excerpt":{"rendered":"<p>Siz hen\u00fcz kendi g\u00fcc\u00fcn\u00fcz\u00fcn, kendi yolunuzun ve yolculu\u011funuzun fark\u0131nda de\u011filseniz, ger\u00e7ekten i\u00e7inize ayna tutam\u0131yor ve g\u00f6rd\u00fc\u011f\u00fcn\u00fczle y\u00fczle\u015femiyorsan\u0131z, varl\u0131\u011f\u0131n\u0131z\u0131 t\u00fcm benli\u011finizle kabullenip sonra d\u00fczeltmeye ge\u00e7emiyorsan\u0131z, hep arada,<span class=\"excerpt-hellip\"> [\u2026]<\/span><\/p>\n","protected":false},"featured_media":0,"template":"","meta":{"_monsterinsights_skip_tracking":false,"_monsterinsights_sitenote_active":false,"_monsterinsights_sitenote_note":"","_monsterinsights_sitenote_category":0},"product_brand":[],"product_cat":[12364,12376],"product_tag":[],"class_list":{"0":"post-755343","1":"product","2":"type-product","3":"status-publish","5":"product_cat-genel-konular","6":"product_cat-kisisel-gelisim","7":"pa_cilt-ciltsiz","8":"pa_tur-kitap","9":"pa_yayinevi-luna-yayinlari","10":"pa_yazar-merve-karahisar","12":"first","13":"instock","14":"sale","15":"shipping-taxable","16":"purchasable","17":"product-type-simple"},"_links":{"self":[{"href":"https:\/\/roveyayinevi.com.tr\/index.php\/wp-json\/wp\/v2\/product\/755343","targetHints":{"allow":["GET"]}}],"collection":[{"href":"https:\/\/roveyayinevi.com.tr\/index.php\/wp-json\/wp\/v2\/product"}],"about":[{"href":"https:\/\/roveyayinevi.com.tr\/index.php\/wp-json\/wp\/v2\/types\/product"}],"wp:attachment":[{"href":"https:\/\/roveyayinevi.com.tr\/index.php\/wp-json\/wp\/v2\/media?parent=755343"}],"wp:term":[{"taxonomy":"product_brand","embeddable":true,"href":"https:\/\/roveyayinevi.com.tr\/index.php\/wp-json\/wp\/v2\/product_brand?post=755343"},{"taxonomy":"product_cat","embeddable":true,"href":"https:\/\/roveyayinevi.com.tr\/index.php\/wp-json\/wp\/v2\/product_cat?post=755343"},{"taxonomy":"product_tag","embeddable":true,"href":"https:\/\/roveyayinevi.com.tr\/index.php\/wp-json\/wp\/v2\/product_tag?post=755343"}],"curies":[{"name":"wp","href":"https:\/\/api.w.org\/{rel}","templated":true}]}}