{"id":755342,"date":"2025-08-28T06:37:01","date_gmt":"2025-08-28T03:37:01","guid":{"rendered":"https:\/\/roveyayinevi.com.tr\/index.php\/urun\/davetsiz-misafir-3\/"},"modified":"2026-04-16T03:08:27","modified_gmt":"2026-04-16T00:08:27","slug":"davetsiz-misafir-3","status":"publish","type":"product","link":"https:\/\/roveyayinevi.com.tr\/index.php\/urun\/davetsiz-misafir-3\/","title":{"rendered":"Davetsiz Misafir"},"content":{"rendered":"<p>Baz\u0131 insanlar k\u00fc\u00e7\u00fck bir tahta kurdunun kalbini k\u0131rm\u0131\u015ft\u0131. Hatta sadece kalbi k\u0131r\u0131lmam\u0131\u015ft\u0131 tahta kurdu Parlak\u2019\u0131n. Yuvas\u0131ndan da ayr\u0131lmak zorunda kalm\u0131\u015ft\u0131. R\u00fcya Orman\u0131\u2019ndaki evine d\u00f6nmek istiyordu, ama umudu iyice azalm\u0131\u015ft\u0131. Ta ki Nisan, bu davetsiz misafirin sesini duyana kadar\u2026     Nisan, R\u00fcya Orman\u0131\u2019na do\u011fru y\u00fcr\u00fcd\u00fc. Parlak\u2019a \u201c\u0130stersen d\u0131\u015far\u0131y\u0131 izleyebilirsin. K\u00fc\u00e7\u00fck \u015feyleri genelde kimse fark etmez,\u201d dedi. \u201cAma sen fark ettin Nisan,\u201d dedi Parlak. \u201cHem fark ettin hem de sesimi duydun.\u201d<\/p>\n","protected":false},"excerpt":{"rendered":"<p>Baz\u0131 insanlar k\u00fc\u00e7\u00fck bir tahta kurdunun kalbini k\u0131rm\u0131\u015ft\u0131. Hatta sadece kalbi k\u0131r\u0131lmam\u0131\u015ft\u0131 tahta kurdu Parlak\u2019\u0131n. Yuvas\u0131ndan da ayr\u0131lmak zorunda kalm\u0131\u015ft\u0131. R\u00fcya Orman\u0131\u2019ndaki evine d\u00f6nmek istiyordu, ama<span class=\"excerpt-hellip\"> [\u2026]<\/span><\/p>\n","protected":false},"featured_media":0,"template":"","meta":{"_monsterinsights_skip_tracking":false,"_monsterinsights_sitenote_active":false,"_monsterinsights_sitenote_note":"","_monsterinsights_sitenote_category":0},"product_brand":[],"product_cat":[12274,12284],"product_tag":[],"class_list":{"0":"post-755342","1":"product","2":"type-product","3":"status-publish","5":"product_cat-cocuk-ve-genclik-kitaplari","6":"product_cat-hikayeler","7":"pa_cilt-ciltsiz","8":"pa_tur-kitap","9":"pa_yayinevi-luna-cocuk-yayinlari","10":"pa_yazar-hande-kayacan","12":"first","13":"instock","14":"sale","15":"shipping-taxable","16":"purchasable","17":"product-type-simple"},"_links":{"self":[{"href":"https:\/\/roveyayinevi.com.tr\/index.php\/wp-json\/wp\/v2\/product\/755342","targetHints":{"allow":["GET"]}}],"collection":[{"href":"https:\/\/roveyayinevi.com.tr\/index.php\/wp-json\/wp\/v2\/product"}],"about":[{"href":"https:\/\/roveyayinevi.com.tr\/index.php\/wp-json\/wp\/v2\/types\/product"}],"wp:attachment":[{"href":"https:\/\/roveyayinevi.com.tr\/index.php\/wp-json\/wp\/v2\/media?parent=755342"}],"wp:term":[{"taxonomy":"product_brand","embeddable":true,"href":"https:\/\/roveyayinevi.com.tr\/index.php\/wp-json\/wp\/v2\/product_brand?post=755342"},{"taxonomy":"product_cat","embeddable":true,"href":"https:\/\/roveyayinevi.com.tr\/index.php\/wp-json\/wp\/v2\/product_cat?post=755342"},{"taxonomy":"product_tag","embeddable":true,"href":"https:\/\/roveyayinevi.com.tr\/index.php\/wp-json\/wp\/v2\/product_tag?post=755342"}],"curies":[{"name":"wp","href":"https:\/\/api.w.org\/{rel}","templated":true}]}}