{"id":755341,"date":"2025-08-28T06:37:00","date_gmt":"2025-08-28T03:37:00","guid":{"rendered":"https:\/\/roveyayinevi.com.tr\/index.php\/urun\/ormandaki-sir\/"},"modified":"2026-04-16T03:08:27","modified_gmt":"2026-04-16T00:08:27","slug":"ormandaki-sir","status":"publish","type":"product","link":"https:\/\/roveyayinevi.com.tr\/index.php\/urun\/ormandaki-sir\/","title":{"rendered":"Ormandaki S\u0131r"},"content":{"rendered":"<p>Onlar bir seri katili hapishaneye g\u00f6nderdiklerinde on bir ya\u015f\u0131ndalard\u0131. Kahramand\u0131lar\u2026 Ama yalanc\u0131yd\u0131lar. Chester kasabas\u0131nda \u00fc\u00e7 yak\u0131n arkada\u015f; Naomi, Olivia ve Cassidy yaz boyunca ormanda dola\u015f\u0131p Tanr\u0131\u00e7a Oyunu ad\u0131n\u0131 verdikleri rit\u00fcellerin pe\u015finden gider. Ama yaz, i\u00e7lerinden biri sald\u0131r\u0131ya u\u011fray\u0131p on yedi yerinden b\u0131\u00e7aklan\u0131nca aniden sona erer. Mucizevi bir \u015fekilde hayatta kalan Naomi, ona zarar veren adam\u0131 te\u015fhis eder ve k\u0131zlar\u0131n tan\u0131kl\u0131klar\u0131, alt\u0131 kad\u0131n\u0131 \u00f6ld\u00fcrmekle su\u00e7lanan Alan Michael Stahl\u2019\u0131 hapishaneye g\u00f6nderir. Seneler sonra Stahl hapishanede \u00f6l\u00fcnce \u00fc\u00e7 k\u0131z, Olivia\u2019n\u0131n iste\u011fi \u00fczerine tekrar kasabada bir araya gelir. Olay g\u00fcn\u00fcnden beri kimseye s\u00f6yleyemedikleri bir s\u0131rlar\u0131 vard\u0131r. Olivia, her \u015feyi anlatmak i\u00e7in harekete ge\u00e7mek \u00fczeredir ve ne kadar tehlikeli olursa olsun, Naomi de o g\u00fcn ormanda tam olarak neler ya\u015fand\u0131\u011f\u0131n\u0131 \u00f6\u011frenmeye kararl\u0131d\u0131r. Yirmi iki y\u0131ld\u0131r saklad\u0131klar\u0131 bu s\u0131r, b\u00fct\u00fcn ger\u00e7ekleri ortaya \u00e7\u0131karabilecek midir?<\/p>\n","protected":false},"excerpt":{"rendered":"<p>Onlar bir seri katili hapishaneye g\u00f6nderdiklerinde on bir ya\u015f\u0131ndalard\u0131. Kahramand\u0131lar\u2026 Ama yalanc\u0131yd\u0131lar. Chester kasabas\u0131nda \u00fc\u00e7 yak\u0131n arkada\u015f; Naomi, Olivia ve Cassidy yaz boyunca ormanda dola\u015f\u0131p Tanr\u0131\u00e7a<span class=\"excerpt-hellip\"> [\u2026]<\/span><\/p>\n","protected":false},"featured_media":0,"template":"","meta":{"_monsterinsights_skip_tracking":false,"_monsterinsights_sitenote_active":false,"_monsterinsights_sitenote_note":"","_monsterinsights_sitenote_category":0},"product_brand":[],"product_cat":[12291,17033],"product_tag":[],"class_list":{"0":"post-755341","1":"product","2":"type-product","3":"status-publish","5":"product_cat-edebiyat","6":"product_cat-korku-gerilim","7":"pa_cilt-ciltsiz","8":"pa_tur-kitap","9":"pa_yayinevi-nemesis-kitap","10":"pa_yazar-kate-alice-marshall","12":"first","13":"instock","14":"sale","15":"shipping-taxable","16":"purchasable","17":"product-type-simple"},"_links":{"self":[{"href":"https:\/\/roveyayinevi.com.tr\/index.php\/wp-json\/wp\/v2\/product\/755341","targetHints":{"allow":["GET"]}}],"collection":[{"href":"https:\/\/roveyayinevi.com.tr\/index.php\/wp-json\/wp\/v2\/product"}],"about":[{"href":"https:\/\/roveyayinevi.com.tr\/index.php\/wp-json\/wp\/v2\/types\/product"}],"wp:attachment":[{"href":"https:\/\/roveyayinevi.com.tr\/index.php\/wp-json\/wp\/v2\/media?parent=755341"}],"wp:term":[{"taxonomy":"product_brand","embeddable":true,"href":"https:\/\/roveyayinevi.com.tr\/index.php\/wp-json\/wp\/v2\/product_brand?post=755341"},{"taxonomy":"product_cat","embeddable":true,"href":"https:\/\/roveyayinevi.com.tr\/index.php\/wp-json\/wp\/v2\/product_cat?post=755341"},{"taxonomy":"product_tag","embeddable":true,"href":"https:\/\/roveyayinevi.com.tr\/index.php\/wp-json\/wp\/v2\/product_tag?post=755341"}],"curies":[{"name":"wp","href":"https:\/\/api.w.org\/{rel}","templated":true}]}}