{"id":755340,"date":"2025-08-28T06:36:59","date_gmt":"2025-08-28T03:36:59","guid":{"rendered":"https:\/\/roveyayinevi.com.tr\/index.php\/urun\/sosyal-benlik\/"},"modified":"2026-04-16T03:08:27","modified_gmt":"2026-04-16T00:08:27","slug":"sosyal-benlik","status":"publish","type":"product","link":"https:\/\/roveyayinevi.com.tr\/index.php\/urun\/sosyal-benlik\/","title":{"rendered":"Sosyal Benlik"},"content":{"rendered":"<p>Bu kitapta ahlak ve ki\u015filik teorisi i\u00e7in ka\u00e7\u0131n\u0131lmaz bir gereklilik olan benlik kavram\u0131, George Herbert Mead perspektif inden ele al\u0131nmaktad\u0131r. D\u00fcalist kuramlar\u0131n ruh-beden ayr\u0131m\u0131n\u0131 nakzeden b\u00fct\u00fcnc\u00fcl, tek\u00e7i bir benlik kuram\u0131n\u0131 savunan Mead, benli\u011fi zaman, eylem, bilin\u00e7, birey, toplum vb. kavramlar\u0131n kilit rol oynad\u0131\u011f\u0131 bir b\u00fct\u00fcnl\u00fck i\u00e7erisinde temellendirir. Benlik, d\u0131\u015f d\u00fcnyadan, zamansall\u0131ktan ve eylemsellikten soyutlanarak a\u00e7\u0131klanabilecek bir hususu de\u011fil, insan\u0131n s\u00fcre\u00e7 i\u00e7erisinde eylemsellik yoluyla kendi t\u00fcr\u00fcnden \u00f6tekinin tutumunu ve perspektifini almak suretiyle \u00f6\u011frenebildi\u011fi dinamik, in\u015fa edilebilen ve uyarlanabilen bir hususu ifade eder. Analitik ayr\u0131mlar olarak \u00f6zne ve nesne benliklerin hem kendi i\u00e7inde hem de do\u011fa ile b\u00fct\u00fcnle\u015fik olu\u015funu ifade eden sosyal benlik, ayn\u0131 zamanda ahlakili\u011fin de ko\u015fulu olarak kabul edilir. Bu kitapta neler var? \u2022 D\u00fc\u015f\u00fcnce tarihinde benlik sorunu ve benlik teorileri \u2022 George Herbert Mead\u2019in felsefesinde ger\u00e7eklik anlay\u0131\u015f\u0131 \u2022 George Herbert Mead\u2019in zaman kuram\u0131 \u2022 Sosyal benli\u011fin temellendirilmesi \u2022 Sosyal benli\u011fin olu\u015fumu ve geli\u015fimi \u2022 Benli\u011fin b\u00fct\u00fcnl\u00fc\u011f\u00fc \u2022 Benlik ve toplum ili\u015fkisi \u2022 Benlik ve ahlak ili\u015fkisi<\/p>\n","protected":false},"excerpt":{"rendered":"<p>Bu kitapta ahlak ve ki\u015filik teorisi i\u00e7in ka\u00e7\u0131n\u0131lmaz bir gereklilik olan benlik kavram\u0131, George Herbert Mead perspektif inden ele al\u0131nmaktad\u0131r. D\u00fcalist kuramlar\u0131n ruh-beden ayr\u0131m\u0131n\u0131 nakzeden b\u00fct\u00fcnc\u00fcl,<span class=\"excerpt-hellip\"> [\u2026]<\/span><\/p>\n","protected":false},"featured_media":0,"template":"","meta":{"_monsterinsights_skip_tracking":false,"_monsterinsights_sitenote_active":false,"_monsterinsights_sitenote_note":"","_monsterinsights_sitenote_category":0},"product_brand":[],"product_cat":[16038,12388],"product_tag":[],"class_list":{"0":"post-755340","1":"product","2":"type-product","3":"status-publish","5":"product_cat-arastirma-inceleme-referans-felsefe","6":"product_cat-felsefe","7":"pa_cilt-ciltsiz","8":"pa_tur-kitap","9":"pa_yayinevi-episteme-yayinlari","10":"pa_yazar-mustafa-kinag","12":"first","13":"instock","14":"sale","15":"shipping-taxable","16":"purchasable","17":"product-type-simple"},"_links":{"self":[{"href":"https:\/\/roveyayinevi.com.tr\/index.php\/wp-json\/wp\/v2\/product\/755340","targetHints":{"allow":["GET"]}}],"collection":[{"href":"https:\/\/roveyayinevi.com.tr\/index.php\/wp-json\/wp\/v2\/product"}],"about":[{"href":"https:\/\/roveyayinevi.com.tr\/index.php\/wp-json\/wp\/v2\/types\/product"}],"wp:attachment":[{"href":"https:\/\/roveyayinevi.com.tr\/index.php\/wp-json\/wp\/v2\/media?parent=755340"}],"wp:term":[{"taxonomy":"product_brand","embeddable":true,"href":"https:\/\/roveyayinevi.com.tr\/index.php\/wp-json\/wp\/v2\/product_brand?post=755340"},{"taxonomy":"product_cat","embeddable":true,"href":"https:\/\/roveyayinevi.com.tr\/index.php\/wp-json\/wp\/v2\/product_cat?post=755340"},{"taxonomy":"product_tag","embeddable":true,"href":"https:\/\/roveyayinevi.com.tr\/index.php\/wp-json\/wp\/v2\/product_tag?post=755340"}],"curies":[{"name":"wp","href":"https:\/\/api.w.org\/{rel}","templated":true}]}}