{"id":755327,"date":"2025-08-28T06:36:35","date_gmt":"2025-08-28T03:36:35","guid":{"rendered":"https:\/\/roveyayinevi.com.tr\/index.php\/urun\/sozlu-eserler-1\/"},"modified":"2026-04-16T03:08:27","modified_gmt":"2026-04-16T00:08:27","slug":"sozlu-eserler-1","status":"publish","type":"product","link":"https:\/\/roveyayinevi.com.tr\/index.php\/urun\/sozlu-eserler-1\/","title":{"rendered":"S\u00f6zl\u00fc Eserler 1"},"content":{"rendered":"<p>T\u00fcrk m\u00fczi\u011fimiz kullanm\u0131\u015f oldu\u011fu nota sistemleriyle, repertuvar\u0131n\u0131n zenginli\u011fi, melodilerinin ve s\u00f6zlerinin \u00f6zg\u00fcnl\u00fc\u011f\u00fc ile \u00fclkemizin en \u00f6nemli k\u00fclt\u00fcr hazinelerinden biri olmaktad\u0131r. Bu hazineyi korumak, yeni nesillere \u00f6\u011fretmek, sevdirmek, onu tan\u0131tmak, geli\u015ftirmek ve uluslararas\u0131 platformlara ta\u015f\u0131mak en \u00f6nemli k\u00fclt\u00fcr vazifelerinden biridir. T\u00fcrk sanat m\u00fczi\u011fimiz, T\u00fcrk halk m\u00fczi\u011fimizin yan\u0131nda; \u00fclkemizde her kesimden insan\u0131n severek dinledi\u011fi, e\u015flik etmekten ho\u015fland\u0131\u011f\u0131 bir m\u00fczik t\u00fcr\u00fcm\u00fczd\u00fcr. T\u00fcrk sanat m\u00fczi\u011fi s\u00f6zl\u00fc eserleri, \u00fclkemizin zengin m\u00fczik k\u00fclt\u00fcr\u00fcn\u00fcn bir par\u00e7as\u0131 olmakta; ayn\u0131 zamanda repertuvar\u0131n \u00f6nemli bir b\u00f6l\u00fcm\u00fcn\u00fc olu\u015fturmaktad\u0131r. Bu eserlerde bestek\u00e2rlar\u0131n kulland\u0131\u011f\u0131 zengin melodiler ve g\u00fcftek\u00e2rlar\u0131n eserin manas\u0131n\u0131 daha da g\u00fczelle\u015ftiren g\u00fcfteleriyle, dinleyiciler e\u015fsiz bir m\u00fczik yolculu\u011funa \u00e7\u0131kar. Bestek\u00e2rlar s\u00f6zl\u00fc eserleri ortaya \u00e7\u0131kar\u0131rken genellikle bir g\u00fcfte \u015fairinin \u015fiirinden ya da kendi yazm\u0131\u015f olduklar\u0131 bir \u015fiirden ilham al\u0131rlar. Bunun sonucu olarak \u015fiir; bestek\u00e2r\u0131n elinde musiki na\u011fmeleriyle uyumlu bir \u015fekilde adeta bir nak\u0131\u015f gibi i\u015flenerek s\u00f6zl\u00fc eser haline gelir. T\u00fcrk sanat m\u00fczi\u011findeki s\u00f6zl\u00fc eser formlar\u0131 Din D\u0131\u015f\u0131 Musiki ve Dini Musiki formlar\u0131 olarak ikiye ayr\u0131lmakta; bu iki formun ise kendi i\u00e7erisinde k\u00fc\u00e7\u00fck ve b\u00fcy\u00fck formlar olmak \u00fczere iki ayr\u0131 b\u00f6l\u00fcm\u00fc bulunmaktad\u0131r. Ayr\u0131ca s\u00f6zl\u00fc musiki i\u00e7erisinde mehter musikimizde \u00f6nemli bir yere sahip olmaktad\u0131r. Bu eserler aras\u0131nda toplum taraf\u0131ndan en \u00e7ok dinlenen s\u00f6zl\u00fc eserlerden biri \u015fark\u0131 formudur. T\u00fcrk sanat m\u00fczi\u011finde yer alan k\u00fc\u00e7\u00fck formdaki eserler aras\u0131nda \u00f6nemli bir yere sahip olan \u015fark\u0131 formunun 19. y\u00fczy\u0131l bestek\u00e2rlar\u0131ndan Hac\u0131 Arif bey ve \u015eevki bey ile geli\u015fti\u011fi bilinmektedir. <\/p>\n","protected":false},"excerpt":{"rendered":"<p>T\u00fcrk m\u00fczi\u011fimiz kullanm\u0131\u015f oldu\u011fu nota sistemleriyle, repertuvar\u0131n\u0131n zenginli\u011fi, melodilerinin ve s\u00f6zlerinin \u00f6zg\u00fcnl\u00fc\u011f\u00fc ile \u00fclkemizin en \u00f6nemli k\u00fclt\u00fcr hazinelerinden biri olmaktad\u0131r. Bu hazineyi korumak, yeni nesillere \u00f6\u011fretmek,<span class=\"excerpt-hellip\"> [\u2026]<\/span><\/p>\n","protected":false},"featured_media":0,"template":"","meta":{"_monsterinsights_skip_tracking":false,"_monsterinsights_sitenote_active":false,"_monsterinsights_sitenote_note":"","_monsterinsights_sitenote_category":0},"product_brand":[],"product_cat":[14556],"product_tag":[],"class_list":{"0":"post-755327","1":"product","2":"type-product","3":"status-publish","5":"product_cat-muzik","6":"pa_cilt-ciltsiz","7":"pa_tur-kitap","8":"pa_yayinevi-soncag-akademik-kitaplar","9":"pa_yazar-ahmet-hakan-bas","11":"first","12":"instock","13":"sale","14":"shipping-taxable","15":"purchasable","16":"product-type-simple"},"_links":{"self":[{"href":"https:\/\/roveyayinevi.com.tr\/index.php\/wp-json\/wp\/v2\/product\/755327","targetHints":{"allow":["GET"]}}],"collection":[{"href":"https:\/\/roveyayinevi.com.tr\/index.php\/wp-json\/wp\/v2\/product"}],"about":[{"href":"https:\/\/roveyayinevi.com.tr\/index.php\/wp-json\/wp\/v2\/types\/product"}],"wp:attachment":[{"href":"https:\/\/roveyayinevi.com.tr\/index.php\/wp-json\/wp\/v2\/media?parent=755327"}],"wp:term":[{"taxonomy":"product_brand","embeddable":true,"href":"https:\/\/roveyayinevi.com.tr\/index.php\/wp-json\/wp\/v2\/product_brand?post=755327"},{"taxonomy":"product_cat","embeddable":true,"href":"https:\/\/roveyayinevi.com.tr\/index.php\/wp-json\/wp\/v2\/product_cat?post=755327"},{"taxonomy":"product_tag","embeddable":true,"href":"https:\/\/roveyayinevi.com.tr\/index.php\/wp-json\/wp\/v2\/product_tag?post=755327"}],"curies":[{"name":"wp","href":"https:\/\/api.w.org\/{rel}","templated":true}]}}