{"id":755325,"date":"2025-08-28T06:36:30","date_gmt":"2025-08-28T03:36:30","guid":{"rendered":"https:\/\/roveyayinevi.com.tr\/index.php\/urun\/suriyede-bir-turk-basketbolcu\/"},"modified":"2026-04-16T03:08:27","modified_gmt":"2026-04-16T00:08:27","slug":"suriyede-bir-turk-basketbolcu","status":"publish","type":"product","link":"https:\/\/roveyayinevi.com.tr\/index.php\/urun\/suriyede-bir-turk-basketbolcu\/","title":{"rendered":"Suriye\u2019de Bir T\u00fcrk Basketbolcu"},"content":{"rendered":"<p>Kemal Canbolat\u2026 Suriye\u2019nin Al Wahda tak\u0131m\u0131nda ve Suriye milli tak\u0131m\u0131nda forma giyen T\u00fcrk basketbolcu\u2026 \u201cSuriye milli tak\u0131m\u0131nda oynamak ister misiniz\u201d sorusuyla ba\u015flayan yolculu\u011fu, ona sadece bir \u00fclkenin spor kap\u0131s\u0131n\u0131 de\u011fil, i\u00e7 sava\u015f\u0131n ya\u015fand\u0131\u011f\u0131 bir toplumu tarihiyle, sosyo-ekonomik karakteriyle, k\u00fclt\u00fcr\u00fcyle tan\u0131ma f\u0131rsat\u0131n\u0131 da sa\u011flad\u0131. Sporcu olman\u0131n \u00f6tesinde, merakl\u0131 bir gezgin, uygarl\u0131k tarihine duyarl\u0131 bir Ortado\u011fulu, \u201ckom\u015fularla bar\u0131\u015f\u201d isteyen bir T\u00fcrk olarak Canbolat\u2019\u0131n \u00f6yk\u00fcs\u00fc, Suriye i\u00e7 sava\u015f\u0131n\u0131n sanc\u0131lar\u0131n\u0131 olanca a\u011f\u0131rl\u0131\u011f\u0131yla ya\u015fayan T\u00fcrk toplumu i\u00e7in de \u00e7ok \u00f6\u011fretici bir deneyim niteli\u011finde\u2026 Ya\u015fad\u0131\u011f\u0131 Suriye ile anlat\u0131lan Suriye aras\u0131nda derin bir u\u00e7urum g\u00f6ren Canbolat\u2019\u0131n dini ya\u015famdan siyasete, sosyo-ekonomik durumdan k\u00fclt\u00fcr ve sanata uzanan g\u00f6zlemleri; hele de T\u00fcrkiye\u2019de say\u0131s\u0131 tam olarak bilinemeyen milyonlarca Suriyelinin varl\u0131\u011f\u0131yla birlikte daha da \u00f6nemli hale geliyor. Neden burada olduklar\u0131n\u0131 ve neden g\u00f6nderilmek istenmediklerini, Canbolat\u2019\u0131n Suriye deneyimiyle daha iyi anl\u0131yorsunuz\u2026 Dahas\u0131, bu siyasi s\u00fcrecin kimi akt\u00f6rlerinin \u201cSuriye\u2019de Bir T\u00fcrk Basketbolcu\u201d olarak Canbolat\u2019\u0131 neden hedef ald\u0131klar\u0131na da \u015fa\u015f\u0131rm\u0131yorsunuz! <\/p>\n","protected":false},"excerpt":{"rendered":"<p>Kemal Canbolat\u2026 Suriye\u2019nin Al Wahda tak\u0131m\u0131nda ve Suriye milli tak\u0131m\u0131nda forma giyen T\u00fcrk basketbolcu\u2026 \u201cSuriye milli tak\u0131m\u0131nda oynamak ister misiniz\u201d sorusuyla ba\u015flayan yolculu\u011fu, ona sadece bir<span class=\"excerpt-hellip\"> [\u2026]<\/span><\/p>\n","protected":false},"featured_media":0,"template":"","meta":{"_monsterinsights_skip_tracking":false,"_monsterinsights_sitenote_active":false,"_monsterinsights_sitenote_note":"","_monsterinsights_sitenote_category":0},"product_brand":[],"product_cat":[14009,12291],"product_tag":[],"class_list":{"0":"post-755325","1":"product","2":"type-product","3":"status-publish","5":"product_cat-biyografi-otobiyografi-edebiyat","6":"product_cat-edebiyat","7":"pa_cilt-ciltsiz","8":"pa_tur-kitap","9":"pa_yayinevi-kirmizi-kedi-yayinevi","10":"pa_yazar-kemal-canbolat","12":"first","13":"instock","14":"sale","15":"shipping-taxable","16":"purchasable","17":"product-type-simple"},"_links":{"self":[{"href":"https:\/\/roveyayinevi.com.tr\/index.php\/wp-json\/wp\/v2\/product\/755325","targetHints":{"allow":["GET"]}}],"collection":[{"href":"https:\/\/roveyayinevi.com.tr\/index.php\/wp-json\/wp\/v2\/product"}],"about":[{"href":"https:\/\/roveyayinevi.com.tr\/index.php\/wp-json\/wp\/v2\/types\/product"}],"wp:attachment":[{"href":"https:\/\/roveyayinevi.com.tr\/index.php\/wp-json\/wp\/v2\/media?parent=755325"}],"wp:term":[{"taxonomy":"product_brand","embeddable":true,"href":"https:\/\/roveyayinevi.com.tr\/index.php\/wp-json\/wp\/v2\/product_brand?post=755325"},{"taxonomy":"product_cat","embeddable":true,"href":"https:\/\/roveyayinevi.com.tr\/index.php\/wp-json\/wp\/v2\/product_cat?post=755325"},{"taxonomy":"product_tag","embeddable":true,"href":"https:\/\/roveyayinevi.com.tr\/index.php\/wp-json\/wp\/v2\/product_tag?post=755325"}],"curies":[{"name":"wp","href":"https:\/\/api.w.org\/{rel}","templated":true}]}}