{"id":755324,"date":"2025-08-28T06:36:27","date_gmt":"2025-08-28T03:36:27","guid":{"rendered":"https:\/\/roveyayinevi.com.tr\/index.php\/urun\/evaristo-carriego\/"},"modified":"2026-04-16T03:08:27","modified_gmt":"2026-04-16T00:08:27","slug":"evaristo-carriego","status":"publish","type":"product","link":"https:\/\/roveyayinevi.com.tr\/index.php\/urun\/evaristo-carriego\/","title":{"rendered":"Evaristo Carriego"},"content":{"rendered":"<p>\u201cEvaristo Carriego ad\u0131n\u0131n bundan b\u00f6yle Arjantin yaz\u0131n\u0131n\u0131n ecclesia visibilis\u2019inde yerini alaca\u011f\u0131na ve yaz\u0131n\u0131m\u0131z\u0131n t\u00fcm sayg\u0131n kurumlar\u0131n\u0131n \u2013retorik dersleri, antolojiler, ulusal yaz\u0131n tarihi\u2013 bu ad\u0131 anmadan edemeyeceklerine inan\u0131yorum. Ayr\u0131ca inan\u0131yorum ki Carriego, en do\u011fru ve se\u00e7kin ecclesia invisibilis\u2019in par\u00e7as\u0131 ve d\u00f6rt bir yana yay\u0131lm\u0131\u015f \u015fiire iman edenler cemaatinin \u00fcyesi olacakt\u0131r. Ve \u015funa da inan\u0131yorum, bu de\u011ferli \u00fcyeli\u011fi ona kazand\u0131racak yap\u0131t\u0131ndaki h\u00fcz\u00fcnl\u00fc \u00e7\u0131\u011fl\u0131klar olmayacakt\u0131r. Burada i\u015fte bu savlar\u0131 temellendirmeyi ama\u00e7lad\u0131m.\u201d   Borges, Buenos Aires banliy\u00f6lerinin ayk\u0131r\u0131 d\u00fc\u015f\u00fcn\u00fcr\u00fc, Latin argosunun uzman\u0131, k\u00fct\u00fcphanecilerin sonsuz toplam\u0131, \u00d6n Asya ve Palermo\u2019nun nadir harman\u0131, Chesterton ve Carriego, Kafka ve Mart\u00edn Fierro. Borges, her \u015feyden \u00f6nce b\u00fcy\u00fck bir \u015fair.   Ernesto Sabato <\/p>\n","protected":false},"excerpt":{"rendered":"<p>\u201cEvaristo Carriego ad\u0131n\u0131n bundan b\u00f6yle Arjantin yaz\u0131n\u0131n\u0131n ecclesia visibilis\u2019inde yerini alaca\u011f\u0131na ve yaz\u0131n\u0131m\u0131z\u0131n t\u00fcm sayg\u0131n kurumlar\u0131n\u0131n \u2013retorik dersleri, antolojiler, ulusal yaz\u0131n tarihi\u2013 bu ad\u0131 anmadan edemeyeceklerine<span class=\"excerpt-hellip\"> [\u2026]<\/span><\/p>\n","protected":false},"featured_media":0,"template":"","meta":{"_monsterinsights_skip_tracking":false,"_monsterinsights_sitenote_active":false,"_monsterinsights_sitenote_note":"","_monsterinsights_sitenote_category":0},"product_brand":[],"product_cat":[18545,12291],"product_tag":[],"class_list":{"0":"post-755324","1":"product","2":"type-product","3":"status-publish","5":"product_cat-anlati","6":"product_cat-edebiyat","7":"pa_cilt-ciltsiz","8":"pa_tur-kitap","9":"pa_yayinevi-can-yayinlari","10":"pa_yazar-jorge-luis-borges","12":"first","13":"instock","14":"sale","15":"shipping-taxable","16":"purchasable","17":"product-type-simple"},"_links":{"self":[{"href":"https:\/\/roveyayinevi.com.tr\/index.php\/wp-json\/wp\/v2\/product\/755324","targetHints":{"allow":["GET"]}}],"collection":[{"href":"https:\/\/roveyayinevi.com.tr\/index.php\/wp-json\/wp\/v2\/product"}],"about":[{"href":"https:\/\/roveyayinevi.com.tr\/index.php\/wp-json\/wp\/v2\/types\/product"}],"wp:attachment":[{"href":"https:\/\/roveyayinevi.com.tr\/index.php\/wp-json\/wp\/v2\/media?parent=755324"}],"wp:term":[{"taxonomy":"product_brand","embeddable":true,"href":"https:\/\/roveyayinevi.com.tr\/index.php\/wp-json\/wp\/v2\/product_brand?post=755324"},{"taxonomy":"product_cat","embeddable":true,"href":"https:\/\/roveyayinevi.com.tr\/index.php\/wp-json\/wp\/v2\/product_cat?post=755324"},{"taxonomy":"product_tag","embeddable":true,"href":"https:\/\/roveyayinevi.com.tr\/index.php\/wp-json\/wp\/v2\/product_tag?post=755324"}],"curies":[{"name":"wp","href":"https:\/\/api.w.org\/{rel}","templated":true}]}}