{"id":755320,"date":"2025-08-28T06:36:19","date_gmt":"2025-08-28T03:36:19","guid":{"rendered":"https:\/\/roveyayinevi.com.tr\/index.php\/urun\/kali-2\/"},"modified":"2026-04-16T03:08:27","modified_gmt":"2026-04-16T00:08:27","slug":"kali-2","status":"publish","type":"product","link":"https:\/\/roveyayinevi.com.tr\/index.php\/urun\/kali-2\/","title":{"rendered":"Kali"},"content":{"rendered":"<p>\u201cSaddhu bu s\u00f6zlerin ne oldu\u011funu Brajlal&#8217;a orada, Ganj&#8217;\u0131n k\u0131y\u0131s\u0131nda s\u00f6ylemedi. \u00c7\u00fcnk\u00fc baz\u0131 kelimeler karanl\u0131\u011fa daha \u00e7ok yak\u0131\u015f\u0131rd\u0131.\u201d   Evlad\u0131n\u0131 kaybetmi\u015f birinin intikam\u0131 \u00e7ok ac\u0131 olabilir ancak kadim mitlerin sat\u0131r aralar\u0131nda kalm\u0131\u015f bir ruhu geri d\u00f6nd\u00fcrmenin bedeli bundan daha a\u011f\u0131r olabilir. Demir Barlas ikinci kitab\u0131 Kali&#8217;de bizi, mitolojik bir anlat\u0131n\u0131n pe\u015finden giderek ger\u00e7ek ac\u0131larla y\u00fczle\u015ftiriyor. Kali\u2019yi okurken ac\u0131lar\u0131 ve hatta korkular\u0131 zihninizde hissedeceksiniz.<\/p>\n","protected":false},"excerpt":{"rendered":"<p>\u201cSaddhu bu s\u00f6zlerin ne oldu\u011funu Brajlal&#8217;a orada, Ganj&#8217;\u0131n k\u0131y\u0131s\u0131nda s\u00f6ylemedi. \u00c7\u00fcnk\u00fc baz\u0131 kelimeler karanl\u0131\u011fa daha \u00e7ok yak\u0131\u015f\u0131rd\u0131.\u201d Evlad\u0131n\u0131 kaybetmi\u015f birinin intikam\u0131 \u00e7ok ac\u0131 olabilir ancak kadim<span class=\"excerpt-hellip\"> [\u2026]<\/span><\/p>\n","protected":false},"featured_media":0,"template":"","meta":{"_monsterinsights_skip_tracking":false,"_monsterinsights_sitenote_active":false,"_monsterinsights_sitenote_note":"","_monsterinsights_sitenote_category":0},"product_brand":[],"product_cat":[12540,12291],"product_tag":[],"class_list":{"0":"post-755320","1":"product","2":"type-product","3":"status-publish","5":"product_cat-bilim-kurgu","6":"product_cat-edebiyat","7":"pa_cilt-ciltsiz","8":"pa_tur-kitap","9":"pa_yayinevi-perseus","10":"pa_yazar-demir-barlas","12":"first","13":"instock","14":"sale","15":"shipping-taxable","16":"purchasable","17":"product-type-simple"},"_links":{"self":[{"href":"https:\/\/roveyayinevi.com.tr\/index.php\/wp-json\/wp\/v2\/product\/755320","targetHints":{"allow":["GET"]}}],"collection":[{"href":"https:\/\/roveyayinevi.com.tr\/index.php\/wp-json\/wp\/v2\/product"}],"about":[{"href":"https:\/\/roveyayinevi.com.tr\/index.php\/wp-json\/wp\/v2\/types\/product"}],"wp:attachment":[{"href":"https:\/\/roveyayinevi.com.tr\/index.php\/wp-json\/wp\/v2\/media?parent=755320"}],"wp:term":[{"taxonomy":"product_brand","embeddable":true,"href":"https:\/\/roveyayinevi.com.tr\/index.php\/wp-json\/wp\/v2\/product_brand?post=755320"},{"taxonomy":"product_cat","embeddable":true,"href":"https:\/\/roveyayinevi.com.tr\/index.php\/wp-json\/wp\/v2\/product_cat?post=755320"},{"taxonomy":"product_tag","embeddable":true,"href":"https:\/\/roveyayinevi.com.tr\/index.php\/wp-json\/wp\/v2\/product_tag?post=755320"}],"curies":[{"name":"wp","href":"https:\/\/api.w.org\/{rel}","templated":true}]}}