{"id":755319,"date":"2025-08-28T06:36:18","date_gmt":"2025-08-28T03:36:18","guid":{"rendered":"https:\/\/roveyayinevi.com.tr\/index.php\/urun\/fil-fino\/"},"modified":"2026-04-16T03:08:26","modified_gmt":"2026-04-16T00:08:26","slug":"fil-fino","status":"publish","type":"product","link":"https:\/\/roveyayinevi.com.tr\/index.php\/urun\/fil-fino\/","title":{"rendered":"Fil Fino"},"content":{"rendered":"<p>Arkada\u015flar\u0131yla vakit ge\u00e7irmek isteyen Fil Fino, onlardan iri g\u00f6r\u00fcnd\u00fc\u011f\u00fc i\u00e7in oynanan b\u00fct\u00fcn oyunlar\u0131 kaybediyor bu da onun mutsuz olmas\u0131na sebep oluyordu. Acaba ormandaki di\u011fer arkada\u015flar\u0131ndan farkl\u0131 g\u00f6r\u00fcnmesi k\u00f6t\u00fc bir \u015fey miydi, yoksa t\u00fcm bu farkl\u0131l\u0131klar orman\u0131 g\u00fczelle\u015ftiriyor muydu? <\/p>\n","protected":false},"excerpt":{"rendered":"<p>Arkada\u015flar\u0131yla vakit ge\u00e7irmek isteyen Fil Fino, onlardan iri g\u00f6r\u00fcnd\u00fc\u011f\u00fc i\u00e7in oynanan b\u00fct\u00fcn oyunlar\u0131 kaybediyor bu da onun mutsuz olmas\u0131na sebep oluyordu. Acaba ormandaki di\u011fer arkada\u015flar\u0131ndan farkl\u0131<span class=\"excerpt-hellip\"> [\u2026]<\/span><\/p>\n","protected":false},"featured_media":0,"template":"","meta":{"_monsterinsights_skip_tracking":false,"_monsterinsights_sitenote_active":false,"_monsterinsights_sitenote_note":"","_monsterinsights_sitenote_category":0},"product_brand":[],"product_cat":[12274,12284],"product_tag":[],"class_list":{"0":"post-755319","1":"product","2":"type-product","3":"status-publish","5":"product_cat-cocuk-ve-genclik-kitaplari","6":"product_cat-hikayeler","7":"pa_cilt-ciltsiz","8":"pa_tur-kitap","9":"pa_yayinevi-perseus","10":"pa_yazar-betul-yildirim","12":"first","13":"instock","14":"sale","15":"shipping-taxable","16":"purchasable","17":"product-type-simple"},"_links":{"self":[{"href":"https:\/\/roveyayinevi.com.tr\/index.php\/wp-json\/wp\/v2\/product\/755319","targetHints":{"allow":["GET"]}}],"collection":[{"href":"https:\/\/roveyayinevi.com.tr\/index.php\/wp-json\/wp\/v2\/product"}],"about":[{"href":"https:\/\/roveyayinevi.com.tr\/index.php\/wp-json\/wp\/v2\/types\/product"}],"wp:attachment":[{"href":"https:\/\/roveyayinevi.com.tr\/index.php\/wp-json\/wp\/v2\/media?parent=755319"}],"wp:term":[{"taxonomy":"product_brand","embeddable":true,"href":"https:\/\/roveyayinevi.com.tr\/index.php\/wp-json\/wp\/v2\/product_brand?post=755319"},{"taxonomy":"product_cat","embeddable":true,"href":"https:\/\/roveyayinevi.com.tr\/index.php\/wp-json\/wp\/v2\/product_cat?post=755319"},{"taxonomy":"product_tag","embeddable":true,"href":"https:\/\/roveyayinevi.com.tr\/index.php\/wp-json\/wp\/v2\/product_tag?post=755319"}],"curies":[{"name":"wp","href":"https:\/\/api.w.org\/{rel}","templated":true}]}}