{"id":755318,"date":"2025-08-28T06:36:17","date_gmt":"2025-08-28T03:36:17","guid":{"rendered":"https:\/\/roveyayinevi.com.tr\/index.php\/urun\/fanin-gozunden-bak\/"},"modified":"2026-04-03T03:10:12","modified_gmt":"2026-04-03T00:10:12","slug":"fanin-gozunden-bak","status":"publish","type":"product","link":"https:\/\/roveyayinevi.com.tr\/index.php\/urun\/fanin-gozunden-bak\/","title":{"rendered":"Fa\u2019n\u0131n G\u00f6z\u00fcnden Bak"},"content":{"rendered":"<p>Neyi, neden yapt\u0131n, yap\u0131yorsun, yapacaks\u0131n? \u0130yi veya \u00e7ok iyi bir insan olmak sa\u011fl\u0131kl\u0131 bir durum mudur? Kalp k\u0131rmak ile ego k\u0131rmak ayn\u0131 m\u0131d\u0131r? Bilin\u00e7alt\u0131n\u0131n \u00e7al\u0131\u015fma prensibini yeterince biliyor musun? Yarat\u0131c\u0131 ile bilin\u00e7alt\u0131 aras\u0131ndaki ili\u015fki nedir? Neden dualarda emir kipi kullan\u0131l\u0131r? D\u00fcnyadaki t\u00fcm sorunlar\u0131n ana kayna\u011f\u0131 nedir? Do\u011frular\u0131n\u0131n tam tersinin do\u011fru olabilme ihtimaline a\u00e7\u0131k biri misin? \u00d6z sevgi ve egoistlik kavramlar\u0131 ayn\u0131 m\u0131d\u0131r? D\u00fc\u015f\u00fcncelerini k\u0131smen de olsa kontrol edebiliyor musun? Ergen bir egoya m\u0131 sahipsin yoksa olgun bir egoya m\u0131? Herkes hak etti\u011fi gibi mi ya\u015f\u0131yor? Herkesin ba\u015f\u0131n\u0131 yast\u0131\u011fa koyup g\u00f6zlerini kapad\u0131\u011f\u0131 d\u00fcnya ayn\u0131 d\u00fcnya m\u0131? Hem \u00e7okluktan hem teklikten bakabilenlerden misin? Herkes sihirli bir de\u011fne\u011fe sahip ve sadece baz\u0131lar\u0131 bunun fark\u0131nda olabilirler mi? Sorular burada cevaplar i\u00e7inde. Kitab\u0131n m\u0131 i\u00e7inde, senin mi i\u00e7inde?<\/p>\n","protected":false},"excerpt":{"rendered":"<p>Neyi, neden yapt\u0131n, yap\u0131yorsun, yapacaks\u0131n? \u0130yi veya \u00e7ok iyi bir insan olmak sa\u011fl\u0131kl\u0131 bir durum mudur? Kalp k\u0131rmak ile ego k\u0131rmak ayn\u0131 m\u0131d\u0131r? Bilin\u00e7alt\u0131n\u0131n \u00e7al\u0131\u015fma prensibini<span class=\"excerpt-hellip\"> [\u2026]<\/span><\/p>\n","protected":false},"featured_media":0,"template":"","meta":{"_monsterinsights_skip_tracking":false,"_monsterinsights_sitenote_active":false,"_monsterinsights_sitenote_note":"","_monsterinsights_sitenote_category":0},"product_brand":[],"product_cat":[12364,12376],"product_tag":[],"class_list":{"0":"post-755318","1":"product","2":"type-product","3":"status-publish","5":"product_cat-genel-konular","6":"product_cat-kisisel-gelisim","7":"pa_cilt-ciltsiz","8":"pa_tur-kitap","9":"pa_yayinevi-perseus","10":"pa_yazar-fatma-akkaya","12":"first","13":"instock","14":"sale","15":"shipping-taxable","16":"purchasable","17":"product-type-simple"},"_links":{"self":[{"href":"https:\/\/roveyayinevi.com.tr\/index.php\/wp-json\/wp\/v2\/product\/755318","targetHints":{"allow":["GET"]}}],"collection":[{"href":"https:\/\/roveyayinevi.com.tr\/index.php\/wp-json\/wp\/v2\/product"}],"about":[{"href":"https:\/\/roveyayinevi.com.tr\/index.php\/wp-json\/wp\/v2\/types\/product"}],"wp:attachment":[{"href":"https:\/\/roveyayinevi.com.tr\/index.php\/wp-json\/wp\/v2\/media?parent=755318"}],"wp:term":[{"taxonomy":"product_brand","embeddable":true,"href":"https:\/\/roveyayinevi.com.tr\/index.php\/wp-json\/wp\/v2\/product_brand?post=755318"},{"taxonomy":"product_cat","embeddable":true,"href":"https:\/\/roveyayinevi.com.tr\/index.php\/wp-json\/wp\/v2\/product_cat?post=755318"},{"taxonomy":"product_tag","embeddable":true,"href":"https:\/\/roveyayinevi.com.tr\/index.php\/wp-json\/wp\/v2\/product_tag?post=755318"}],"curies":[{"name":"wp","href":"https:\/\/api.w.org\/{rel}","templated":true}]}}