{"id":755317,"date":"2025-08-28T06:36:15","date_gmt":"2025-08-28T03:36:15","guid":{"rendered":"https:\/\/roveyayinevi.com.tr\/index.php\/urun\/altin-cag-2\/"},"modified":"2026-04-16T03:08:26","modified_gmt":"2026-04-16T00:08:26","slug":"altin-cag-2","status":"publish","type":"product","link":"https:\/\/roveyayinevi.com.tr\/index.php\/urun\/altin-cag-2\/","title":{"rendered":"Alt\u0131n \u00c7a\u011f 2"},"content":{"rendered":"<p>Uzay istasyonunun o kocaman camlar\u0131 aras\u0131ndan d\u00fcnyaya hem ac\u0131yarak hem de pi\u015fmanl\u0131kla bak\u0131yordu. \u0130nsanl\u0131k y\u0131llar \u00f6nce b\u0131rakt\u0131\u011f\u0131 noktaya tekrar ad\u0131m ad\u0131m var\u0131yordu. Karanl\u0131k yery\u00fcz\u00fcn\u00fcn \u00e7atlaklar\u0131ndan sinmi\u015f, g\u00fcce tapanlar\u0131n kibri y\u00fcce da\u011flar\u0131 a\u015fm\u0131\u015ft\u0131. Art\u0131k d\u00f6n\u00fc\u015f\u00fc yoktu, d\u00fcnya bin y\u0131llar sonra yine ayn\u0131 elim hastal\u0131\u011fa yakalanm\u0131\u015ft\u0131. Ad\u0131 insan olan bu maraz g\u00fc\u00e7le beslenmi\u015f, kibirle bilenmi\u015f, h\u0131rs\u0131n \u00e7\u0131\u011f\u0131rtkanl\u0131\u011f\u0131 ile d\u00f6rt bir yana yay\u0131lm\u0131\u015ft\u0131. D\u00fcnya ba\u015f\u0131na gelecekleri biliyordu, bu ne ilk ne de sondu. Kahredici bir tan\u0131kl\u0131kt\u0131 bu yapt\u0131\u011f\u0131, her seferinde daha derinden ac\u0131tan.   Derin bir i\u00e7 \u00e7ekti, belki de son kez bu kadar masum, belki de son kez bu kadar sakindi d\u00fcnya. Atalar\u0131 y\u0131llard\u0131r insanl\u0131\u011f\u0131n bar\u0131\u015f\u0131 i\u00e7in yitiriyordu \u00f6mr\u00fcn\u00fc. Ama art\u0131k yitecek bir \u00f6m\u00fcr sava\u015facak bir takat kalmam\u0131\u015ft\u0131. Yenik ruhlar esir olmu\u015ftu bir hainin elinde. Ne kadar ac\u0131yd\u0131 y\u0131llarca bir haini bar\u0131nd\u0131rmak ne kadar ac\u0131yd\u0131 t\u00fcm emellerinin g\u00f6z\u00fcn\u00fcn \u00f6n\u00fcnden bir y\u0131ld\u0131z gibi kay\u0131p gitmesi. Ama biliyordu, ac\u0131d\u0131\u011f\u0131 yerden kalbinin, y\u0131ld\u0131\u011f\u0131 yerden ruhunun do\u011facakt\u0131 umut, bitti denilen yerden, s\u0131narken zay\u0131f y\u00fcrekleri.<\/p>\n","protected":false},"excerpt":{"rendered":"<p>Uzay istasyonunun o kocaman camlar\u0131 aras\u0131ndan d\u00fcnyaya hem ac\u0131yarak hem de pi\u015fmanl\u0131kla bak\u0131yordu. \u0130nsanl\u0131k y\u0131llar \u00f6nce b\u0131rakt\u0131\u011f\u0131 noktaya tekrar ad\u0131m ad\u0131m var\u0131yordu. Karanl\u0131k yery\u00fcz\u00fcn\u00fcn \u00e7atlaklar\u0131ndan sinmi\u015f,<span class=\"excerpt-hellip\"> [\u2026]<\/span><\/p>\n","protected":false},"featured_media":0,"template":"","meta":{"_monsterinsights_skip_tracking":false,"_monsterinsights_sitenote_active":false,"_monsterinsights_sitenote_note":"","_monsterinsights_sitenote_category":0},"product_brand":[],"product_cat":[12540,12291],"product_tag":[],"class_list":{"0":"post-755317","1":"product","2":"type-product","3":"status-publish","5":"product_cat-bilim-kurgu","6":"product_cat-edebiyat","7":"pa_cilt-ciltsiz","8":"pa_tur-kitap","9":"pa_yayinevi-elpis-yayinlari","10":"pa_yazar-harun-mugla","12":"first","13":"instock","14":"sale","15":"shipping-taxable","16":"purchasable","17":"product-type-simple"},"_links":{"self":[{"href":"https:\/\/roveyayinevi.com.tr\/index.php\/wp-json\/wp\/v2\/product\/755317","targetHints":{"allow":["GET"]}}],"collection":[{"href":"https:\/\/roveyayinevi.com.tr\/index.php\/wp-json\/wp\/v2\/product"}],"about":[{"href":"https:\/\/roveyayinevi.com.tr\/index.php\/wp-json\/wp\/v2\/types\/product"}],"wp:attachment":[{"href":"https:\/\/roveyayinevi.com.tr\/index.php\/wp-json\/wp\/v2\/media?parent=755317"}],"wp:term":[{"taxonomy":"product_brand","embeddable":true,"href":"https:\/\/roveyayinevi.com.tr\/index.php\/wp-json\/wp\/v2\/product_brand?post=755317"},{"taxonomy":"product_cat","embeddable":true,"href":"https:\/\/roveyayinevi.com.tr\/index.php\/wp-json\/wp\/v2\/product_cat?post=755317"},{"taxonomy":"product_tag","embeddable":true,"href":"https:\/\/roveyayinevi.com.tr\/index.php\/wp-json\/wp\/v2\/product_tag?post=755317"}],"curies":[{"name":"wp","href":"https:\/\/api.w.org\/{rel}","templated":true}]}}