{"id":755311,"date":"2025-08-28T06:36:06","date_gmt":"2025-08-28T03:36:06","guid":{"rendered":"https:\/\/roveyayinevi.com.tr\/index.php\/urun\/rob-ile-ciziyorum\/"},"modified":"2026-04-16T03:08:26","modified_gmt":"2026-04-16T00:08:26","slug":"rob-ile-ciziyorum","status":"publish","type":"product","link":"https:\/\/roveyayinevi.com.tr\/index.php\/urun\/rob-ile-ciziyorum\/","title":{"rendered":"Rob ile \u00c7iziyorum"},"content":{"rendered":"<p>Rob Biddulph\u2019un 3 kitapl\u0131k Rob ile \u00c7iziyorum serisi, Esra K\u00f6kk\u0131l\u0131\u00e7 \u00e7evirisiyle k\u00fc\u00e7\u00fck sanat\u00e7\u0131larla bulu\u015fuyor.   Kronik \u00c7ocuk, reng\u00e2renk bir seriyle yola devam ediyor: Rob ile \u00c7iziyorum. Youtube\u2019da yay\u0131nlad\u0131\u011f\u0131 videolarla \u00e7ocuklar\u0131n ve ebeveynlerin birlikte e\u011flenceli vakit ge\u00e7irmesini sa\u011flayan Rob Biddulph k\u0131sa s\u00fcrede fenomen oldu. Herkesin \u00e7izim yapabilece\u011fine inanan Biddulph, olduk\u00e7a basit ve anla\u015f\u0131l\u0131r y\u00f6nlendirmelerle seni i\u00e7indeki sanat\u00e7\u0131y\u0131 ke\u015ffetmeye \u00e7a\u011f\u0131r\u0131yor!   Birbirinden e\u011flenceli karakterlerden olu\u015fan tayfayla farkl\u0131 d\u00fcnyalara a\u00e7\u0131lmaya haz\u0131r m\u0131s\u0131n? Bu macerada sana korsan penguenler, ormandaki en iyi ay\u0131lar, mini dinozorlar, ba\u015fka evrenlerden yarat\u0131klar e\u015flik edecek. \u00dcstelik kitab\u0131n sonunda seni bekleyen bir s\u00fcrpriz var. ***Kronik \u00c7ocuk\u2019tan yepyeni bir seri: Rob ile \u00c7iziyorum.   \u00d6d\u00fcll\u00fc yazar ve \u00e7izer Rob Biddulph ile tayfas\u0131, herkesin \u00e7izim yapabilece\u011fine inan\u0131yor ve k\u00fc\u00e7\u00fck sanat\u00e7\u0131lara b\u00fcy\u00fck e\u011flence vadediyor.   YouTube kanal\u0131ndaki videolar\u0131yla fenomen h\u00e2line gelen Rob Biddulph, kolay al\u0131\u015ft\u0131rmalar ve anla\u015f\u0131l\u0131r y\u00f6nlendirmelerle b\u00fcy\u00fck k\u00fc\u00e7\u00fck herkesin \u00e7izim yapmas\u0131na yard\u0131mc\u0131 oluyor. E\u011fitimler alman\u0131za, do\u011fu\u015ftan yetenekli olman\u0131za gerek yok! Yaln\u0131zca bir kaleme, silgiye, kalemt\u0131ra\u015fa ve bolca renge ihtiyac\u0131n\u0131z var.   Rob ile \u00c7iziyorum sizi gizli yeteneklerinizi ke\u015ffetmeye \u00e7a\u011f\u0131r\u0131yor! Bu macerada yaln\u0131z da de\u011filsiniz \u00fcstelik: dinozorlar, penguenler, ay\u0131lar, korsanlar, k\u00f6pekler\u2026 Rob Biddulph ve tayfas\u0131 sizleri bekliyor! Hadi i\u015f ba\u015f\u0131na!   <\/p>\n","protected":false},"excerpt":{"rendered":"<p>Rob Biddulph\u2019un 3 kitapl\u0131k Rob ile \u00c7iziyorum serisi, Esra K\u00f6kk\u0131l\u0131\u00e7 \u00e7evirisiyle k\u00fc\u00e7\u00fck sanat\u00e7\u0131larla bulu\u015fuyor. Kronik \u00c7ocuk, reng\u00e2renk bir seriyle yola devam ediyor: Rob ile \u00c7iziyorum. Youtube\u2019da<span class=\"excerpt-hellip\"> [\u2026]<\/span><\/p>\n","protected":false},"featured_media":0,"template":"","meta":{"_monsterinsights_skip_tracking":false,"_monsterinsights_sitenote_active":false,"_monsterinsights_sitenote_note":"","_monsterinsights_sitenote_category":0},"product_brand":[],"product_cat":[12274,15842],"product_tag":[],"class_list":{"0":"post-755311","1":"product","2":"type-product","3":"status-publish","5":"product_cat-cocuk-ve-genclik-kitaplari","6":"product_cat-egitici-kitaplar","7":"pa_cilt-ciltsiz","8":"pa_tur-kitap","9":"pa_yayinevi-kronik-kitap","10":"pa_yazar-rob-biddulph","12":"first","13":"instock","14":"sale","15":"shipping-taxable","16":"purchasable","17":"product-type-simple"},"_links":{"self":[{"href":"https:\/\/roveyayinevi.com.tr\/index.php\/wp-json\/wp\/v2\/product\/755311","targetHints":{"allow":["GET"]}}],"collection":[{"href":"https:\/\/roveyayinevi.com.tr\/index.php\/wp-json\/wp\/v2\/product"}],"about":[{"href":"https:\/\/roveyayinevi.com.tr\/index.php\/wp-json\/wp\/v2\/types\/product"}],"wp:attachment":[{"href":"https:\/\/roveyayinevi.com.tr\/index.php\/wp-json\/wp\/v2\/media?parent=755311"}],"wp:term":[{"taxonomy":"product_brand","embeddable":true,"href":"https:\/\/roveyayinevi.com.tr\/index.php\/wp-json\/wp\/v2\/product_brand?post=755311"},{"taxonomy":"product_cat","embeddable":true,"href":"https:\/\/roveyayinevi.com.tr\/index.php\/wp-json\/wp\/v2\/product_cat?post=755311"},{"taxonomy":"product_tag","embeddable":true,"href":"https:\/\/roveyayinevi.com.tr\/index.php\/wp-json\/wp\/v2\/product_tag?post=755311"}],"curies":[{"name":"wp","href":"https:\/\/api.w.org\/{rel}","templated":true}]}}