{"id":755310,"date":"2025-08-28T06:36:05","date_gmt":"2025-08-28T03:36:05","guid":{"rendered":"https:\/\/roveyayinevi.com.tr\/index.php\/urun\/montessori-potansiyeli\/"},"modified":"2026-04-16T03:08:26","modified_gmt":"2026-04-16T00:08:26","slug":"montessori-potansiyeli","status":"publish","type":"product","link":"https:\/\/roveyayinevi.com.tr\/index.php\/urun\/montessori-potansiyeli\/","title":{"rendered":"Montessori Potansiyeli"},"content":{"rendered":"<p>HER B\u0130R \u00c7OCUKNEDEN MONTESSOR\u0130 E\u011e\u0130T\u0130M\u0130N\u0130 HAK EDER?   Son y\u0131llarda pek \u00e7ok psikolog ve \u00e7ocuk geli\u015fimi uzman\u0131, ebeveynlere \u00e7ocuklar\u0131n\u0131n ba\u011f\u0131ms\u0131zl\u0131k geli\u015ftirmelerine izin vermeleri i\u00e7in \u00e2deta yalvar\u0131yor. Ancak \u00e7ocuklar\u0131n\u0131 y\u00f6nlendirmeden, kontrol etmeden ya da \u00e7ocuklar\u0131n\u0131n performanslar\u0131 hakk\u0131nda yorum yapmadan kendi ba\u015flar\u0131na hareket etmelerine izin vermek ebeveynler i\u00e7in her zaman kolay olmuyor. Daha da k\u00f6tu\u0308su\u0308, ya\u015f\u0131na uygun makul sorumluluklar vermek yerine, \u00e7ocuklar devaml\u0131 aktiviteden aktiviteye ko\u015fturmaya, daha fazla \u00f6dev yapmaya ya da kendilerine dijital d\u00fcnyada e\u011flence bulmaya te\u015fvik ediliyor. Ezberlemeye, notlara ve testlere a\u011f\u0131rl\u0131k veren geleneksel e\u011fitim metodu ise \u00e7ocuklar\u0131 hayata haz\u0131rlayan temel becerileri geli\u015ftirmekte ba\u015far\u0131s\u0131z kal\u0131yor. Oysa bu t\u00fcr temel becerilerin do\u011fal geli\u015fimini etkili \u015fekilde destekleyen bir e\u011fitim sistemi var: Montessori. Dr. Montessori, insanlar bu\u0308yu\u0308rken i\u00e7lerinde onlar\u0131 harekete ge\u00e7iren bir k\u0131lavuz oldu\u011fu g\u00f6ru\u0308\u015fu\u0308ndeydi ve yeti\u015fkinlere \u00e7ocuklar\u0131n sa\u011fl\u0131kl\u0131 geli\u015fimini te\u015fvik etmek i\u00e7in bu i\u00e7sel rehberlere kar\u015f\u0131 \u00e7\u0131kmamalar\u0131n\u0131, aksine onlarla \u00e7al\u0131\u015fmalar\u0131n\u0131 \u00f6neriyordu. Peki, Montessori pratikte nas\u0131l \u00e7al\u0131\u015f\u0131yor ve neden \u00f6nemli?Geleneksel e\u011fitim modelinden hangi y\u00f6nlerde ayr\u0131\u015f\u0131yor? Montessori Potansiyeli, Montessori s\u0131n\u0131flar\u0131na a\u00e7\u0131lan bir pencere olup yakla\u015f\u0131m\u0131n tarihini, \u00e7er\u00e7evesini ve g\u00fcc\u00fcn\u00fc okurlara aktar\u0131yor. Y\u0131llar\u0131n\u0131 Montessori\u2019ye adam\u0131\u015f Paula Polk Lillard\u2019\u0131n k\u0131z\u0131, Montessori e\u011fitim uzman\u0131 Paula Lillard Preschlack bir yandan deneyimlerini payla\u015f\u0131yor, bir yandan ger\u00e7ek ya\u015fam hik\u00e2yeleri \u00fczerinden Montessori\u2019yi herkese anla\u015f\u0131l\u0131r k\u0131l\u0131yor. Montessori yakla\u015f\u0131m\u0131n\u0131n evde ya da okulda her ya\u015ftan \u00e7ocu\u011fa nas\u0131l uyguland\u0131\u011f\u0131n\u0131, Montessori\u2019yi herkes i\u00e7in nas\u0131l eri\u015filir h\u00e2le getirebilece\u011fimizi ve Montessori ile \u00e7ocuklar\u0131n birer yeti\u015fkin olduklar\u0131nda ihtiya\u00e7 duyacaklar\u0131 becerileri g\u00fc\u00e7lendirmeleri aras\u0131ndaki s\u0131k\u0131 ili\u015fkiyi g\u00f6steren kapsaml\u0131 bir kitap&#8230;   Ebeveynler, \u00f6\u011fretmenler, e\u011fitime g\u00f6n\u00fcl verenler\u2026 \u00c7ocuklar\u0131n mutlu, uyumlu bir e\u011fitim almas\u0131n\u0131 ve kendilerini bekleyen her t\u00fcrl\u00fc zorlukla y\u00fczle\u015febilecek yeti\u015fkinlere d\u00f6n\u00fc\u015fmelerini istiyorsan\u0131z bu kitap sizin i\u00e7in\u2026 <\/p>\n","protected":false},"excerpt":{"rendered":"<p>HER B\u0130R \u00c7OCUKNEDEN MONTESSOR\u0130 E\u011e\u0130T\u0130M\u0130N\u0130 HAK EDER? Son y\u0131llarda pek \u00e7ok psikolog ve \u00e7ocuk geli\u015fimi uzman\u0131, ebeveynlere \u00e7ocuklar\u0131n\u0131n ba\u011f\u0131ms\u0131zl\u0131k geli\u015ftirmelerine izin vermeleri i\u00e7in \u00e2deta yalvar\u0131yor. Ancak<span class=\"excerpt-hellip\"> [\u2026]<\/span><\/p>\n","protected":false},"featured_media":0,"template":"","meta":{"_monsterinsights_skip_tracking":false,"_monsterinsights_sitenote_active":false,"_monsterinsights_sitenote_note":"","_monsterinsights_sitenote_category":0},"product_brand":[],"product_cat":[12831,12324],"product_tag":[],"class_list":{"0":"post-755310","1":"product","2":"type-product","3":"status-publish","5":"product_cat-aile-ve-cocuk","6":"product_cat-sosyoloji","7":"pa_cilt-ciltsiz","8":"pa_tur-kitap","9":"pa_yayinevi-kronik-kitap","10":"pa_yazar-paula-lillard-preschlack","12":"first","13":"instock","14":"sale","15":"shipping-taxable","16":"purchasable","17":"product-type-simple"},"_links":{"self":[{"href":"https:\/\/roveyayinevi.com.tr\/index.php\/wp-json\/wp\/v2\/product\/755310","targetHints":{"allow":["GET"]}}],"collection":[{"href":"https:\/\/roveyayinevi.com.tr\/index.php\/wp-json\/wp\/v2\/product"}],"about":[{"href":"https:\/\/roveyayinevi.com.tr\/index.php\/wp-json\/wp\/v2\/types\/product"}],"wp:attachment":[{"href":"https:\/\/roveyayinevi.com.tr\/index.php\/wp-json\/wp\/v2\/media?parent=755310"}],"wp:term":[{"taxonomy":"product_brand","embeddable":true,"href":"https:\/\/roveyayinevi.com.tr\/index.php\/wp-json\/wp\/v2\/product_brand?post=755310"},{"taxonomy":"product_cat","embeddable":true,"href":"https:\/\/roveyayinevi.com.tr\/index.php\/wp-json\/wp\/v2\/product_cat?post=755310"},{"taxonomy":"product_tag","embeddable":true,"href":"https:\/\/roveyayinevi.com.tr\/index.php\/wp-json\/wp\/v2\/product_tag?post=755310"}],"curies":[{"name":"wp","href":"https:\/\/api.w.org\/{rel}","templated":true}]}}