{"id":755308,"date":"2025-08-28T06:36:03","date_gmt":"2025-08-28T03:36:03","guid":{"rendered":"https:\/\/roveyayinevi.com.tr\/index.php\/urun\/dakikalar-icinde-insan-vucudu\/"},"modified":"2026-04-16T03:08:26","modified_gmt":"2026-04-16T00:08:26","slug":"dakikalar-icinde-insan-vucudu","status":"publish","type":"product","link":"https:\/\/roveyayinevi.com.tr\/index.php\/urun\/dakikalar-icinde-insan-vucudu\/","title":{"rendered":"Dakikalar \u0130\u00e7inde \u0130nsan V\u00fccudu"},"content":{"rendered":"<p>\u0130NSAN V\u00dcCUDU HAKKINDABENZERS\u0130Z B\u0130LG\u0130LER!Do\u011fumdan itibaren insan v\u00fccudu nas\u0131l olu\u015fur? Hareket etmemizi sa\u011flayan kemikler ve kaslar nas\u0131l \u00e7al\u0131\u015f\u0131r? Yedi\u011fimiz besinler bizi nas\u0131l hayatta tutar? Sinirlerimiz v\u00fccudumuzun farkl\u0131 yerlerine hangi y\u00f6ntemlerle elektrik sinyalleri g\u00f6nderir? \u0130nsan neden h\u0131\u00e7k\u0131r\u0131r? Ak\u0131l, bilin\u00e7 ve haf\u0131za nedir, nas\u0131l \u00e7al\u0131\u015f\u0131r? \u0130nsan hangi sebeplerden dolay\u0131 hasta olur ve hangi yollarla iyile\u015fir? Ya\u015flanmak bir zorunluluk mudur? B\u00f6brek\u00fcst\u00fc bezleri v\u00fccudu hangi tehlikelere kar\u015f\u0131 haz\u0131rlar? G\u00f6zya\u015f\u0131n\u0131n kayna\u011f\u0131 nedir? \u0130nsan v\u00fccudunun hayvanlarla ortak noktalar\u0131 nelerdir? Sonsuza dek ya\u015fayabilecek bir v\u00fccut bir g\u00fcn m\u00fcmk\u00fcn olacak m\u0131d\u0131r?S\u0131radan gibi g\u00f6r\u00fcnen v\u00fccudumuz asl\u0131nda inan\u0131lmaz \u00f6zelliklere sahiptir. Do\u011fum an\u0131ndan \u00f6l\u00fcm an\u0131na kadar bir v\u00fccut incelendi\u011finde, m\u00fckemmel bi\u00e7imde \u00e7al\u0131\u015fan bir makine g\u00f6rmek m\u00fcmk\u00fcnd\u00fcr. Her makine gibi bu makine de zaman zaman bak\u0131ma ihtiya\u00e7 duyar, baz\u0131 aksamalar yapabilir ve nihayet \u00e7al\u0131\u015fmaz h\u00e2le gelebilir. T\u00fcm bu s\u00fcre\u00e7ler aras\u0131nda insan v\u00fccudunu incelemek ise d\u00fcnyan\u0131n en b\u00fcy\u00fcleyici i\u015flerinden biridir.Dakikalar \u0130\u00e7inde \u0130nsan V\u00fccudu; 200 temel kavram\u0131 a\u00e7\u0131klarken, sindirimden ba\u011f\u0131\u015f\u0131kl\u0131\u011fa, sinirden \u00fcremeye kadar v\u00fccudun b\u00fct\u00fcn sistemlerini kolay anla\u015f\u0131l\u0131r g\u00f6rseller e\u015fli\u011finde inceliyor. Hem h\u0131zla okunabiliyor hem de unutulmaz bir \u00f6\u011frenme zevki veriyor. <\/p>\n","protected":false},"excerpt":{"rendered":"<p>\u0130NSAN V\u00dcCUDU HAKKINDABENZERS\u0130Z B\u0130LG\u0130LER!Do\u011fumdan itibaren insan v\u00fccudu nas\u0131l olu\u015fur? Hareket etmemizi sa\u011flayan kemikler ve kaslar nas\u0131l \u00e7al\u0131\u015f\u0131r? Yedi\u011fimiz besinler bizi nas\u0131l hayatta tutar? Sinirlerimiz v\u00fccudumuzun farkl\u0131<span class=\"excerpt-hellip\"> [\u2026]<\/span><\/p>\n","protected":false},"featured_media":0,"template":"","meta":{"_monsterinsights_skip_tracking":false,"_monsterinsights_sitenote_active":false,"_monsterinsights_sitenote_note":"","_monsterinsights_sitenote_category":0},"product_brand":[],"product_cat":[13005,13006],"product_tag":[],"class_list":{"0":"post-755308","1":"product","2":"type-product","3":"status-publish","5":"product_cat-bilim-muhendislik","6":"product_cat-populer-bilim","7":"pa_cilt-ciltsiz","8":"pa_tur-kitap","9":"pa_yayinevi-kronik-kitap","10":"pa_yazar-tom-jackson","12":"first","13":"instock","14":"sale","15":"shipping-taxable","16":"purchasable","17":"product-type-simple"},"_links":{"self":[{"href":"https:\/\/roveyayinevi.com.tr\/index.php\/wp-json\/wp\/v2\/product\/755308","targetHints":{"allow":["GET"]}}],"collection":[{"href":"https:\/\/roveyayinevi.com.tr\/index.php\/wp-json\/wp\/v2\/product"}],"about":[{"href":"https:\/\/roveyayinevi.com.tr\/index.php\/wp-json\/wp\/v2\/types\/product"}],"wp:attachment":[{"href":"https:\/\/roveyayinevi.com.tr\/index.php\/wp-json\/wp\/v2\/media?parent=755308"}],"wp:term":[{"taxonomy":"product_brand","embeddable":true,"href":"https:\/\/roveyayinevi.com.tr\/index.php\/wp-json\/wp\/v2\/product_brand?post=755308"},{"taxonomy":"product_cat","embeddable":true,"href":"https:\/\/roveyayinevi.com.tr\/index.php\/wp-json\/wp\/v2\/product_cat?post=755308"},{"taxonomy":"product_tag","embeddable":true,"href":"https:\/\/roveyayinevi.com.tr\/index.php\/wp-json\/wp\/v2\/product_tag?post=755308"}],"curies":[{"name":"wp","href":"https:\/\/api.w.org\/{rel}","templated":true}]}}