{"id":755307,"date":"2025-08-28T06:36:02","date_gmt":"2025-08-28T03:36:02","guid":{"rendered":"https:\/\/roveyayinevi.com.tr\/index.php\/urun\/buyuk-vatanseverlik-savasi\/"},"modified":"2026-04-16T03:08:26","modified_gmt":"2026-04-16T00:08:26","slug":"buyuk-vatanseverlik-savasi","status":"publish","type":"product","link":"https:\/\/roveyayinevi.com.tr\/index.php\/urun\/buyuk-vatanseverlik-savasi\/","title":{"rendered":"B\u00fcy\u00fck Vatanseverlik Sava\u015f\u0131"},"content":{"rendered":"<p>SOVYET G\u00d6Z\u00dcNDEN \u0130K\u0130NC\u0130 D\u00dcNYA SAVA\u015eI\u2026   80 milyon civar\u0131 insan\u0131n hayat\u0131n\u0131 kaybetmesine yol a\u00e7an, tarihin en \u00f6l\u00fcmc\u00fcl asker\u00ee m\u00fccadelesi olan ve bu zamana kadar genellikle Bat\u0131l\u0131 M\u00fcttefiklerin g\u00f6z\u00fcnden okudu\u011fumuz \u0130kinci D\u00fcnya Sava\u015f\u0131, T\u00fcrk\u00e7ede ilk kez cephenin di\u011fer taraf\u0131ndan, Sovyetler Birli\u011fi\u2019nin g\u00f6z\u00fcnden okurlarla bulu\u015fuyor.   Rusya\u2019n\u0131n \u00f6nde gelen tarih\u00e7ileri Aleksey \u0130sayev ve Artyom Drabkin taraf\u0131ndan kaleme al\u0131nan B\u00fcy\u00fck Vatanseverlik Sava\u015f\u0131, 20. Y\u00fczy\u0131l titanlar\u0131n\u0131n girdikleri amans\u0131z m\u00fccadelenin kalbine iniyor ve sava\u015f\u0131 \u00e7ok yabanc\u0131 oldu\u011fumuz bir pencereden takip etme \u015fans\u0131 sunuyor. Sovyetler Birli\u011fi\u2019nin da\u011f\u0131lmas\u0131ndan sonra gizlili\u011fi kald\u0131r\u0131lan ar\u015fiv belgeleri ve d\u00f6nemin tan\u0131klar\u0131yla yap\u0131lan m\u00fclakatlar neticesinde ortaya \u00e7\u0131kan bu kitap, d\u00f6rt y\u0131l s\u00fcren deh\u015fetengiz m\u00fccadeleyi t\u00fcm \u00e7\u0131plakl\u0131\u011f\u0131yla anlat\u0131yor.   &#8211;          Molotov-Ribbentrop Pakt\u0131 nas\u0131l ortaya \u00e7\u0131kt\u0131? &#8211;          Sovyetler Birli\u011fi, Alman i\u015fgaline ger\u00e7ekten haz\u0131rl\u0131ks\u0131z m\u0131 yakaland\u0131? &#8211;          22 Haziran 1941\u2019de Stalin nas\u0131l bir g\u00fcne uyand\u0131? &#8211;          K\u0131z\u0131l Ordu\u2019nun durumu nas\u0131ld\u0131? &#8211;          Almanlar Moskova \u00f6nlerinde nas\u0131l durduruldu? &#8211;          Stalin, Churchill ve Roosevelt\u2019le nas\u0131l anla\u015ft\u0131? &#8211;          \u0130ngiliz ve Amerikan yard\u0131mlar\u0131 Sovyet sava\u015f \u00e7abas\u0131na nas\u0131l etki etti? &#8211;          K\u0131z\u0131l Ordu Man\u00e7urya\u2019da Japonlar\u0131 nas\u0131l ma\u011flup etti? Bu ve benzer pek \u00e7ok soruyu ustal\u0131kla yan\u0131tlayan B\u00fcy\u00fck Vatanseverlik Sava\u015f\u0131, okurlar\u0131 Do\u011fu Polonya\u2019dan Kiev\u2019e, Leningrad\u2019dan Barents Denizi\u2019ne, K\u0131r\u0131m\u2019dan Stalingrad\u2019a ve Berlin\u2019den Man\u00e7urya\u2019ya g\u00f6t\u00fcr\u00fcrken d\u00fcnyan\u0131n d\u00f6rt bir yan\u0131na s\u0131\u00e7rayan sava\u015f alevlerini yerinde g\u00f6rme \u015fans\u0131 sunuyor. B\u00fcy\u00fck Vatanseverlik Sava\u015f\u0131, \u0130kinci D\u00fcnya Sava\u015f\u0131\u2019na bamba\u015fka bir pencereden bakmak isteyenler i\u00e7in \u00f6nemli bir ba\u015fvuru kitab\u0131. <\/p>\n","protected":false},"excerpt":{"rendered":"<p>SOVYET G\u00d6Z\u00dcNDEN \u0130K\u0130NC\u0130 D\u00dcNYA SAVA\u015eI\u2026 80 milyon civar\u0131 insan\u0131n hayat\u0131n\u0131 kaybetmesine yol a\u00e7an, tarihin en \u00f6l\u00fcmc\u00fcl asker\u00ee m\u00fccadelesi olan ve bu zamana kadar genellikle Bat\u0131l\u0131 M\u00fcttefiklerin<span class=\"excerpt-hellip\"> [\u2026]<\/span><\/p>\n","protected":false},"featured_media":0,"template":"","meta":{"_monsterinsights_skip_tracking":false,"_monsterinsights_sitenote_active":false,"_monsterinsights_sitenote_note":"","_monsterinsights_sitenote_category":0},"product_brand":[],"product_cat":[12304],"product_tag":[],"class_list":{"0":"post-755307","1":"product","2":"type-product","3":"status-publish","5":"product_cat-tarih","6":"pa_cilt-ciltsiz","7":"pa_tur-kitap","8":"pa_yayinevi-kronik-kitap","9":"pa_yazar-aleksey-isayev-artyom-drabkin","11":"first","12":"instock","13":"sale","14":"shipping-taxable","15":"purchasable","16":"product-type-simple"},"_links":{"self":[{"href":"https:\/\/roveyayinevi.com.tr\/index.php\/wp-json\/wp\/v2\/product\/755307","targetHints":{"allow":["GET"]}}],"collection":[{"href":"https:\/\/roveyayinevi.com.tr\/index.php\/wp-json\/wp\/v2\/product"}],"about":[{"href":"https:\/\/roveyayinevi.com.tr\/index.php\/wp-json\/wp\/v2\/types\/product"}],"wp:attachment":[{"href":"https:\/\/roveyayinevi.com.tr\/index.php\/wp-json\/wp\/v2\/media?parent=755307"}],"wp:term":[{"taxonomy":"product_brand","embeddable":true,"href":"https:\/\/roveyayinevi.com.tr\/index.php\/wp-json\/wp\/v2\/product_brand?post=755307"},{"taxonomy":"product_cat","embeddable":true,"href":"https:\/\/roveyayinevi.com.tr\/index.php\/wp-json\/wp\/v2\/product_cat?post=755307"},{"taxonomy":"product_tag","embeddable":true,"href":"https:\/\/roveyayinevi.com.tr\/index.php\/wp-json\/wp\/v2\/product_tag?post=755307"}],"curies":[{"name":"wp","href":"https:\/\/api.w.org\/{rel}","templated":true}]}}