{"id":755306,"date":"2025-08-28T06:36:01","date_gmt":"2025-08-28T03:36:01","guid":{"rendered":"https:\/\/roveyayinevi.com.tr\/index.php\/urun\/mim-mim-grubu\/"},"modified":"2026-04-16T03:08:26","modified_gmt":"2026-04-16T00:08:26","slug":"mim-mim-grubu","status":"publish","type":"product","link":"https:\/\/roveyayinevi.com.tr\/index.php\/urun\/mim-mim-grubu\/","title":{"rendered":"Mim Mim Grubu"},"content":{"rendered":"<p>\u0130\u015eGAL G\u00dcNLER\u0130NDE \u0130STANBUL\u2019DA BA\u011eIMSIZLIK \u0130\u00c7\u0130N M\u00dcCADELE EDEN G\u0130ZL\u0130 \u00d6RG\u00dcT: M\u0130M M\u0130M GRUBU   Mondros M\u00fctarekesi sonras\u0131nda i\u015fgal edilen \u0130stanbul\u2019un genel manzaras\u0131 i\u015fgal g\u00fc\u00e7leri, T\u00fcrk ahaliye kar\u015f\u0131 a\u015f\u0131r\u0131 davran\u0131\u015flarda bulunan az\u0131nl\u0131klar, i\u015fbirlik\u00e7iler, pasif h\u00fck\u00fcmetler, Mill\u00ee M\u00fccadele kar\u015f\u0131t\u0131 bas\u0131n ile \u015fekillenir. Ancak i\u015fin asl\u0131 tam b\u00f6yle de\u011fildir: \u0130stanbul\u2019un karanl\u0131k arka sokaklar\u0131 ve yeralt\u0131nda bamba\u015fka bir d\u00fcnya ya\u015f\u0131yor; kalpleri \u201cVatan\u201d diye atan serdenge\u00e7ti y\u00fcrekler sessiz ve derinden istiklal i\u00e7in \u00e7al\u0131\u015f\u0131yordur.   30 Ekim 1918\u2019deki m\u00fctareke sonras\u0131nda \u0130ttihat ve Terakki Cemiyeti\u2019nin (\u0130TC) liderleri yurt d\u0131\u015f\u0131na \u00e7\u0131km\u0131\u015f, \u0130TC\u2019nin resmi te\u015fkilat\u0131 direnmeye \u00e7al\u0131\u015fsa da da\u011f\u0131lmak zorunda kalm\u0131\u015ft\u0131. Ancak \u0130ttihat\u00e7\u0131lar \u00fclkenin en \u00f6rg\u00fctl\u00fc g\u00fcc\u00fc olmay\u0131 s\u00fcrd\u00fcrd\u00fc. \u00c7ok ge\u00e7meden gerek \u0130stanbul\u2019daki gerekse Anadolu\u2019daki i\u015fgallere kar\u015f\u0131 sessiz kalmayacaklar\u0131n\u0131 g\u00f6sterdiler. \u0130TC\u2019nin gayrinizami harp \u00f6rg\u00fct\u00fc Te\u015fkilat-\u0131 Mahsusa kadrolar\u0131 harekete ge\u00e7erek \u0130stanbul merkezli Karakol Cemiyeti\u2019ni kurmu\u015flard\u0131. Bu cemiyet bir taraftan semt ve mahallelerde \u00f6rg\u00fctlenirken bir taraftan da asker\u00ee depolardaki silah ve cephaneyi, \u0130stanbul\u2019da s\u0131k\u0131\u015f\u0131p kalm\u0131\u015f \u0130stiklal sevdal\u0131lar\u0131n\u0131 ve edindikleri \u00f6nemli istihbari bilgileri Anadolu\u2019da ba\u015flayacak direni\u015f hareketine sevk edecek zemini haz\u0131rlam\u0131\u015ft\u0131. 16 Mart 1920\u2019de \u0130stanbul\u2019un resmen i\u015fgaliyle etkinli\u011fi zay\u0131flat\u0131lan Karakol Cemiyeti\u2019nin g\u00f6revini kald\u0131\u011f\u0131 yerden s\u00fcrd\u00fcrmek \u00fczere Ankara h\u00fck\u00fcmetinin emriyle Mim Mim Grubu h\u0131zl\u0131ca kuruldu. Grubun esas g\u00f6revi Anadolu\u2019ya silah ve cephane g\u00f6ndermek; \u0130stanbul H\u00fck\u00fcmetleri, \u0130stanbul\u2019daki Mill\u00ee M\u00fccadele kar\u015f\u0131t\u0131 cemiyetler, f\u0131rkalar ve i\u015fgal g\u00fc\u00e7leri hakk\u0131nda istihbarat faaliyetleri y\u00fcr\u00fctmekti. \u0130\u015fgal alt\u0131ndaki \u015fehirde Ankara\u2019n\u0131n siyasi, sosyal, ekonomik hedeflerini ger\u00e7ekle\u015ftirmek ve ihtiya\u00e7 halinde T\u00fcrk ahaliyi silahla savunmak grubun di\u011fer asli g\u00f6revlerindendi. Asaf \u00d6zkan, birincil ve ikincil kaynaklardan beslenerek kaleme ald\u0131\u011f\u0131 Mim Mim Grubu: \u0130stanbul\u2019un \u0130\u015fgalinde \u0130stiklal \u0130\u00e7in \u00c7al\u0131\u015fan Gizli \u00d6rg\u00fct ile istihbarat ve gayrinizami harp tarihimizden bilinmeyen bir sayfay\u0131 titizlikle ele al\u0131yor. Mim Mim Grubu \u0130stanbul\u2019un en kasvetli g\u00fcnlerine ferahl\u0131k getirmek ad\u0131na kendilerini adayanlar\u0131n gizli kalm\u0131\u015f hik\u00e2yesini anlat\u0131yor.  <\/p>\n","protected":false},"excerpt":{"rendered":"<p>\u0130\u015eGAL G\u00dcNLER\u0130NDE \u0130STANBUL\u2019DA BA\u011eIMSIZLIK \u0130\u00c7\u0130N M\u00dcCADELE EDEN G\u0130ZL\u0130 \u00d6RG\u00dcT: M\u0130M M\u0130M GRUBU Mondros M\u00fctarekesi sonras\u0131nda i\u015fgal edilen \u0130stanbul\u2019un genel manzaras\u0131 i\u015fgal g\u00fc\u00e7leri, T\u00fcrk ahaliye kar\u015f\u0131 a\u015f\u0131r\u0131<span class=\"excerpt-hellip\"> [\u2026]<\/span><\/p>\n","protected":false},"featured_media":0,"template":"","meta":{"_monsterinsights_skip_tracking":false,"_monsterinsights_sitenote_active":false,"_monsterinsights_sitenote_note":"","_monsterinsights_sitenote_category":0},"product_brand":[],"product_cat":[12304],"product_tag":[],"class_list":{"0":"post-755306","1":"product","2":"type-product","3":"status-publish","5":"product_cat-tarih","6":"pa_cilt-ciltsiz","7":"pa_tur-kitap","8":"pa_yayinevi-kronik-kitap","9":"pa_yazar-asaf-ozkan","11":"first","12":"instock","13":"sale","14":"shipping-taxable","15":"purchasable","16":"product-type-simple"},"_links":{"self":[{"href":"https:\/\/roveyayinevi.com.tr\/index.php\/wp-json\/wp\/v2\/product\/755306","targetHints":{"allow":["GET"]}}],"collection":[{"href":"https:\/\/roveyayinevi.com.tr\/index.php\/wp-json\/wp\/v2\/product"}],"about":[{"href":"https:\/\/roveyayinevi.com.tr\/index.php\/wp-json\/wp\/v2\/types\/product"}],"wp:attachment":[{"href":"https:\/\/roveyayinevi.com.tr\/index.php\/wp-json\/wp\/v2\/media?parent=755306"}],"wp:term":[{"taxonomy":"product_brand","embeddable":true,"href":"https:\/\/roveyayinevi.com.tr\/index.php\/wp-json\/wp\/v2\/product_brand?post=755306"},{"taxonomy":"product_cat","embeddable":true,"href":"https:\/\/roveyayinevi.com.tr\/index.php\/wp-json\/wp\/v2\/product_cat?post=755306"},{"taxonomy":"product_tag","embeddable":true,"href":"https:\/\/roveyayinevi.com.tr\/index.php\/wp-json\/wp\/v2\/product_tag?post=755306"}],"curies":[{"name":"wp","href":"https:\/\/api.w.org\/{rel}","templated":true}]}}