{"id":755305,"date":"2025-08-28T06:35:59","date_gmt":"2025-08-28T03:35:59","guid":{"rendered":"https:\/\/roveyayinevi.com.tr\/index.php\/urun\/imparatorlar-yataklarinda-olmez\/"},"modified":"2026-04-16T03:08:26","modified_gmt":"2026-04-16T00:08:26","slug":"imparatorlar-yataklarinda-olmez","status":"publish","type":"product","link":"https:\/\/roveyayinevi.com.tr\/index.php\/urun\/imparatorlar-yataklarinda-olmez\/","title":{"rendered":"\u0130mparatorlar Yataklar\u0131nda \u00d6lmez"},"content":{"rendered":"<p>Roma devletinde cumhuriyet, Iulius Caesar\u2019\u0131n \u201c\u00f6m\u00fcr boyu diktat\u00f6r\u201d unvan\u0131 almas\u0131yla ilk ciddi darbesini ald\u0131 ve \u00fc\u00e7 k\u0131taya yay\u0131lan topraklar \u00fczerinde bir imparatorluk y\u00f6netimi kurulmas\u0131n\u0131n tohumlar\u0131 at\u0131lm\u0131\u015f oldu. S\u0131n\u0131rlar\u0131 bilinen d\u00fcnyan\u0131n s\u0131n\u0131rlar\u0131na denk bu devlet \u00e7ok ge\u00e7meden tek ki\u015fi taraf\u0131ndan tek elden y\u00f6netilecekti. Roma taht\u0131 \u0131\u015f\u0131lt\u0131l\u0131 olmakla birlikte bir o kadar da karanl\u0131k bir y\u00f6n bar\u0131nd\u0131r\u0131yordu: Bu makam kendisine sahip olmak isteyenlere adeta d\u00fcnyan\u0131n fanili\u011fini hat\u0131rlatacak \u015fekilde s\u0131k\u0131nt\u0131l\u0131 sonlar sunuyordu. Pek az Roma imparatoru do\u011fal sebeplerden \u00f6lm\u00fc\u015ft\u00fc. \u00c7\u0131lg\u0131n Caligula tiyatrodan \u00e7\u0131karken, Caracalla da ihtiyac\u0131n\u0131 giderirken suikasta u\u011fram\u0131\u015ft\u0131. Caesar en yak\u0131n\u0131nda bulunanlar taraf\u0131ndan yirmi \u00fc\u00e7 kez han\u00e7erlenmi\u015f, Otho ise bir et kancas\u0131na tak\u0131larak Tiber Nehri\u2019ne at\u0131lm\u0131\u015ft\u0131. \u0130mparatorlar her ne kadar d\u00fcnya h\u00e2kimiyetine talip olabilecek bir kudrete sahip olsalar da tahttan indirilme tehlikesi her an kap\u0131da bekliyordu. \u0130mparatorlar Yataklar\u0131nda \u00d6lmez, M\u00d6 44\u2019te \u00f6ld\u00fcr\u00fclen Iulius Caesar\u2019dan MS 476\u2019da tahttan feragat eden Romulus Augustulus\u2019a kadar ba\u015fa ge\u00e7mi\u015f b\u00fct\u00fcn Roma imparatorlar\u0131n\u0131n bu d\u00fcnyadaki son anlar\u0131na e\u011filiyor. Bunu yaparken imparatorlar\u0131n \u00f6l\u00fcm bi\u00e7imlerinin hayatlar\u0131na dair neler anlatt\u0131\u011f\u0131n\u0131 da i\u015faret ediyor. Fik Meijer Roma\u2019da imparator olman\u0131n, tehlikelere ve taht\u0131 ele ge\u00e7irmek i\u00e7in birbiri ard\u0131na ortaya \u00e7\u0131kan a\u00e7 g\u00f6zl\u00fc rakiplere ra\u011fmen \u00e7ekicili\u011fini nas\u0131l korudu\u011funu g\u00f6steriyor. \u0130mparatorlar Yataklar\u0131nda \u00d6lmez, imparatorlar\u0131n ki\u015fisel tarihlerini a\u00e7\u0131k bir \u015fekilde anlat\u0131rken, ayn\u0131 zamanda Roma \u0130mparatorlu\u011fu\u2019ndaki siyasi entrikalar\u0131 ve dramlar\u0131 g\u00f6zler \u00f6n\u00fcne seriyor.<\/p>\n","protected":false},"excerpt":{"rendered":"<p>Roma devletinde cumhuriyet, Iulius Caesar\u2019\u0131n \u201c\u00f6m\u00fcr boyu diktat\u00f6r\u201d unvan\u0131 almas\u0131yla ilk ciddi darbesini ald\u0131 ve \u00fc\u00e7 k\u0131taya yay\u0131lan topraklar \u00fczerinde bir imparatorluk y\u00f6netimi kurulmas\u0131n\u0131n tohumlar\u0131 at\u0131lm\u0131\u015f<span class=\"excerpt-hellip\"> [\u2026]<\/span><\/p>\n","protected":false},"featured_media":0,"template":"","meta":{"_monsterinsights_skip_tracking":false,"_monsterinsights_sitenote_active":false,"_monsterinsights_sitenote_note":"","_monsterinsights_sitenote_category":0},"product_brand":[],"product_cat":[12304],"product_tag":[],"class_list":{"0":"post-755305","1":"product","2":"type-product","3":"status-publish","5":"product_cat-tarih","6":"pa_cilt-ciltsiz","7":"pa_tur-kitap","8":"pa_yayinevi-kronik-kitap","9":"pa_yazar-fik-meijer","11":"first","12":"instock","13":"sale","14":"shipping-taxable","15":"purchasable","16":"product-type-simple"},"_links":{"self":[{"href":"https:\/\/roveyayinevi.com.tr\/index.php\/wp-json\/wp\/v2\/product\/755305","targetHints":{"allow":["GET"]}}],"collection":[{"href":"https:\/\/roveyayinevi.com.tr\/index.php\/wp-json\/wp\/v2\/product"}],"about":[{"href":"https:\/\/roveyayinevi.com.tr\/index.php\/wp-json\/wp\/v2\/types\/product"}],"wp:attachment":[{"href":"https:\/\/roveyayinevi.com.tr\/index.php\/wp-json\/wp\/v2\/media?parent=755305"}],"wp:term":[{"taxonomy":"product_brand","embeddable":true,"href":"https:\/\/roveyayinevi.com.tr\/index.php\/wp-json\/wp\/v2\/product_brand?post=755305"},{"taxonomy":"product_cat","embeddable":true,"href":"https:\/\/roveyayinevi.com.tr\/index.php\/wp-json\/wp\/v2\/product_cat?post=755305"},{"taxonomy":"product_tag","embeddable":true,"href":"https:\/\/roveyayinevi.com.tr\/index.php\/wp-json\/wp\/v2\/product_tag?post=755305"}],"curies":[{"name":"wp","href":"https:\/\/api.w.org\/{rel}","templated":true}]}}