{"id":755303,"date":"2025-08-28T06:35:57","date_gmt":"2025-08-28T03:35:57","guid":{"rendered":"https:\/\/roveyayinevi.com.tr\/index.php\/urun\/ittihatcilik-dogus\/"},"modified":"2026-04-16T03:08:26","modified_gmt":"2026-04-16T00:08:26","slug":"ittihatcilik-dogus","status":"publish","type":"product","link":"https:\/\/roveyayinevi.com.tr\/index.php\/urun\/ittihatcilik-dogus\/","title":{"rendered":"\u0130ttihat\u00e7\u0131l\u0131k &#8211; Do\u011fu\u015f"},"content":{"rendered":"<p>\u0130TT\u0130HAT\u00c7ILIK NASIL DO\u011eDU? Bir fikir, bir hareket, bir ruh.   Osmanl\u0131 \u0130mparatorlu\u011fu\u2019nun \u00e7\u00f6k\u00fc\u015f d\u00f6neminde ate\u015fle yo\u011frulan, Avrupa\u2019da esen h\u00fcrriyet r\u00fczgarlar\u0131 ve \u00fclke i\u00e7indeki istibdat rejimi aras\u0131nda kalm\u0131\u015f, kutsal sayd\u0131klar\u0131 vatan i\u00e7in canla ba\u015fla m\u00fccadele eden o nesil\u2026   \u0130brahim Temo, \u0130sh\u00e2k Sukuti gibi isimlerin ba\u015flatt\u0131klar\u0131 m\u00fccadeleyi Paris\u2019te devam ettiren, 1908 sonras\u0131nda H\u00fcrriyetin Babas\u0131 gibi olduk\u00e7a iddial\u0131 elkaplarla hitap edilen; Ahmed R\u0131za   Gen\u00e7 ya\u015f\u0131nda vapura binip Paris\u2019in yolunu tutan, Selanik\u2019te Hoca Mehmed, \u0130zmir\u2019de T\u00fct\u00fcnc\u00fc Yakup A\u011fa m\u00fcstearlar\u0131yla \u0130ttihat\u00e7\u0131 m\u00fccadelesini s\u00fcrd\u00fcren; Dr. N\u00e2z\u0131m   \u015eehzadelerin doktoru, 1905\u2019te adeta y\u0131k\u0131lan \u0130ttihat\u00e7\u0131l\u0131\u011f\u0131 kurdu\u011fu sistemle yeniden aya\u011fa kald\u0131ran, te\u015fkilat\u00e7\u0131l\u0131k denilince akla gelen isim; Dr. Bahaeddin \u015eakir   Triumvira tamlamas\u0131n\u0131n ilki, \u0130ttihat\u00e7\u0131l\u0131\u011f\u0131n beyni, bir \u00f6rg\u00fct ustas\u0131, te\u015fkilat\u0131n ruhu; Talat   \u00c7etecilerin korkulu r\u00fcyas\u0131, Manast\u0131r \u015eubesinin kurucusu, Me\u015frutiyet\u2019in H\u00fcrriyet Kahraman\u0131; Enver   \u0130ttihat\u00e7\u0131l\u0131kla \u00f6zde\u015fle\u015fen \u00fc\u00e7l\u00fcn\u00fcn; Ek\u00e2n\u00eem-i Sel\u00e2se\u2019nin \u00fc\u00e7\u00fcnc\u00fcs\u00fc, \u0130ttihat\u00e7\u0131l\u0131\u011f\u0131n v\u00fccut buldu\u011fu isim; Cemal   Hen\u00fcz mektep s\u0131ralar\u0131nda ba\u015flayan h\u00fcrriyet m\u00fccadelesini \u015eam\u2019da kurdu\u011fu Vatan ve H\u00fcrriyet Cemiyeti ile ta\u00e7land\u0131ran, istikbaldeki T\u00fcrkiye Cumhuriyeti\u2019nin kurucusu; Mustafa Kemal   \u0130ttihat\u00e7\u0131l\u0131\u011f\u0131n hatibi, ate\u015fli nutuklar\u0131n aranan ismi, yerinde duramayan; konu\u015ftu\u011funda herkesin a\u011fz\u0131 a\u00e7\u0131k dinledi\u011fi \u015fair ve hatip; \u00d6mer Naci   \u0130ttihat\u00e7\u0131l\u0131k: Do\u011fu\u015f\u2019ta tarih\u00e7i S\u00fcleyman Tekir, \u0130ttihat\u00e7\u0131l\u0131k fikri ve \u0130ttihat ve Terakki Cemiyeti\u2019nin do\u011fu\u015funu devrin sekiz \u00f6nemli portresi \u00fczerinden inceliyor. Daha \u00f6nce g\u00f6zden ka\u00e7\u0131r\u0131lan pek \u00e7ok detay\u0131 ustal\u0131kla yakalayan Tekir\u2019in ak\u0131c\u0131 anlat\u0131m\u0131yla kendinizi 20. Y\u00fczy\u0131l\u0131n Osmanl\u0131 \u0130mparatorlu\u011fu\u2019nda bulacak, fedailerin, \u00e7etecilerin, hatiplerin ve h\u00fcrriyetperverlerin aras\u0131na kar\u0131\u015facak ve h\u00fcrriyet r\u00fczg\u00e2rlar\u0131n\u0131 soluyacaks\u0131n\u0131z. <\/p>\n","protected":false},"excerpt":{"rendered":"<p>\u0130TT\u0130HAT\u00c7ILIK NASIL DO\u011eDU? Bir fikir, bir hareket, bir ruh. Osmanl\u0131 \u0130mparatorlu\u011fu\u2019nun \u00e7\u00f6k\u00fc\u015f d\u00f6neminde ate\u015fle yo\u011frulan, Avrupa\u2019da esen h\u00fcrriyet r\u00fczgarlar\u0131 ve \u00fclke i\u00e7indeki istibdat rejimi aras\u0131nda kalm\u0131\u015f,<span class=\"excerpt-hellip\"> [\u2026]<\/span><\/p>\n","protected":false},"featured_media":0,"template":"","meta":{"_monsterinsights_skip_tracking":false,"_monsterinsights_sitenote_active":false,"_monsterinsights_sitenote_note":"","_monsterinsights_sitenote_category":0},"product_brand":[],"product_cat":[12304],"product_tag":[],"class_list":{"0":"post-755303","1":"product","2":"type-product","3":"status-publish","5":"product_cat-tarih","6":"pa_cilt-ciltsiz","7":"pa_tur-kitap","8":"pa_yayinevi-kronik-kitap","9":"pa_yazar-suleyman-tekir","11":"first","12":"instock","13":"sale","14":"shipping-taxable","15":"purchasable","16":"product-type-simple"},"_links":{"self":[{"href":"https:\/\/roveyayinevi.com.tr\/index.php\/wp-json\/wp\/v2\/product\/755303","targetHints":{"allow":["GET"]}}],"collection":[{"href":"https:\/\/roveyayinevi.com.tr\/index.php\/wp-json\/wp\/v2\/product"}],"about":[{"href":"https:\/\/roveyayinevi.com.tr\/index.php\/wp-json\/wp\/v2\/types\/product"}],"wp:attachment":[{"href":"https:\/\/roveyayinevi.com.tr\/index.php\/wp-json\/wp\/v2\/media?parent=755303"}],"wp:term":[{"taxonomy":"product_brand","embeddable":true,"href":"https:\/\/roveyayinevi.com.tr\/index.php\/wp-json\/wp\/v2\/product_brand?post=755303"},{"taxonomy":"product_cat","embeddable":true,"href":"https:\/\/roveyayinevi.com.tr\/index.php\/wp-json\/wp\/v2\/product_cat?post=755303"},{"taxonomy":"product_tag","embeddable":true,"href":"https:\/\/roveyayinevi.com.tr\/index.php\/wp-json\/wp\/v2\/product_tag?post=755303"}],"curies":[{"name":"wp","href":"https:\/\/api.w.org\/{rel}","templated":true}]}}