{"id":755300,"date":"2025-08-28T06:35:52","date_gmt":"2025-08-28T03:35:52","guid":{"rendered":"https:\/\/roveyayinevi.com.tr\/index.php\/urun\/matematik-parmaklarimizin-ucunda-2\/"},"modified":"2026-04-16T03:08:26","modified_gmt":"2026-04-16T00:08:26","slug":"matematik-parmaklarimizin-ucunda-2","status":"publish","type":"product","link":"https:\/\/roveyayinevi.com.tr\/index.php\/urun\/matematik-parmaklarimizin-ucunda-2\/","title":{"rendered":"Matematik Parmaklar\u0131m\u0131z\u0131n Ucunda &#8211; 2"},"content":{"rendered":"<p>Matematik hayat\u0131m\u0131z\u0131n her yerinde, ka\u00e7ma \u015fans\u0131m\u0131z da yok. Matemati\u011fi iyi olan bireyler bizden biraz daha zeki de de\u011filler. \u00dcst\u00fcn zekal\u0131l\u0131k, disleksi ya da zihin gerili\u011fi ile de m\u00fccadele ediyor olabiliriz. Birka\u00e7 ki\u015fi ayn\u0131 miktar para ile al\u0131\u015fveri\u015fe gitti\u011fimizi d\u00fc\u015f\u00fcnelim. Hepimizin ayn\u0131 malzemelerle geri d\u00f6nme \u015fans\u0131m\u0131z yoktur. Herkes kendi ihtiyac\u0131na g\u00f6re al\u0131\u015fveri\u015f yapm\u0131\u015f, eksiklerini tamamlam\u0131\u015ft\u0131r. Zihin al\u0131\u015ft\u0131rmalar\u0131 \u00e7al\u0131\u015fmalar\u0131m\u0131z\u0131n da her birimize farkl\u0131 faydas\u0131 olmaktad\u0131r. Ortak hedefimiz zihnimizi daha fazla \u00e7al\u0131\u015f\u0131r hale getirmektir. Say\u0131sal ba\u015far\u0131s\u0131zl\u0131\u011f\u0131 kabullenmi\u015fsek, d\u0131\u015far\u0131dan bilgi i\u00e7eriye giremez, i\u00e7erideki bilgileri de d\u0131\u015far\u0131ya \u00e7\u0131karamay\u0131z. Bu duruma zihin kilitlenmi\u015f diyoruz. Nas\u0131l ki kilitli kap\u0131dan giri\u015f \u00e7\u0131k\u0131\u015f olmazsa kilitli beyinden de giri\u015f \u00e7\u0131k\u0131\u015f olmuyor. Zihin al\u0131\u015ft\u0131rmalar\u0131 yap\u0131larak bu kilitler a\u00e7\u0131l\u0131yor. \u00d6\u011frenmeye, ba\u015farmaya ba\u015flayan bireylerde de \u00f6\u011frenme iste\u011fi ve mutluluk art\u0131yor. Amac\u0131m\u0131z matematik sevmeyen \u00f6\u011frencilerimizi matematik ile bar\u0131\u015ft\u0131rmak, ba\u015far\u0131l\u0131 \u00f6\u011frencilerimizi biraz daha ileriye ta\u015f\u0131mak, \u00e7al\u0131\u015fmalar\u0131m\u0131z\u0131 yapan herkesin h\u0131zl\u0131 ve aktif zihnini kullanabilmesine katk\u0131 sa\u011flamakt\u0131r. Temelimiz iyi de\u011filse \u00f6m\u00fcr boyu k\u00e2busumuz oluyor. Okul\u00f6ncesi d\u00f6nem \u00f6\u011frenmenin en h\u0131zl\u0131 oldu\u011fu d\u00f6nemdir. Bu y\u00fczden iki farkl\u0131 \u00e7al\u0131\u015fma haz\u0131rlad\u0131k. 1) 0-6 ya\u015f Zihin Al\u0131\u015ft\u0131rmalar\u0131, 2) 7&#8217;den 77&#8217;ye Zihin Al\u0131\u015ft\u0131rmalar\u0131 7&#8217;den 77&#8217;ye Zihin Al\u0131\u015ft\u0131rmalar\u0131 * Matematikten korkmak istemiyorum * Matemati\u011fi sevmiyorum * Matematik temelim yok * Ba\u015far\u0131s\u0131zl\u0131ktan \u00f6zg\u00fcvenimi kaybettim * S\u0131navlarda verilen s\u00fcre yetmiyor * Temelim daha sa\u011flam olsun * Dikkatimi toplayam\u0131yorum * Okudu\u011fumu anlayam\u0131yorum   * Olaylar aras\u0131nda ba\u011flant\u0131 kurup h\u0131zl\u0131 kararlar verebilmeliyim * Uzun saatler de\u011fil, k\u0131sa zamanda etkili \u00e7al\u0131\u015fmal\u0131y\u0131m * Zihnimi etkili olarak kullanmal\u0131y\u0131m * Testlerde i\u015flem yaparken zaman kaybetmemeliyim * Zihnimi s\u00f6zel derslerde de h\u0131zl\u0131 kullanmal\u0131y\u0131m * \u00d6\u011frenmeyi \u00f6\u011frenmeliyim <\/p>\n","protected":false},"excerpt":{"rendered":"<p>Matematik hayat\u0131m\u0131z\u0131n her yerinde, ka\u00e7ma \u015fans\u0131m\u0131z da yok. Matemati\u011fi iyi olan bireyler bizden biraz daha zeki de de\u011filler. \u00dcst\u00fcn zekal\u0131l\u0131k, disleksi ya da zihin gerili\u011fi ile<span class=\"excerpt-hellip\"> [\u2026]<\/span><\/p>\n","protected":false},"featured_media":0,"template":"","meta":{"_monsterinsights_skip_tracking":false,"_monsterinsights_sitenote_active":false,"_monsterinsights_sitenote_note":"","_monsterinsights_sitenote_category":0},"product_brand":[],"product_cat":[12274,15842],"product_tag":[],"class_list":{"0":"post-755300","1":"product","2":"type-product","3":"status-publish","5":"product_cat-cocuk-ve-genclik-kitaplari","6":"product_cat-egitici-kitaplar","7":"pa_cilt-ciltsiz","8":"pa_tur-kitap","9":"pa_yayinevi-us-yayinlari","10":"pa_yazar-nuray-dumrul-kirca","12":"first","13":"instock","14":"sale","15":"shipping-taxable","16":"purchasable","17":"product-type-simple"},"_links":{"self":[{"href":"https:\/\/roveyayinevi.com.tr\/index.php\/wp-json\/wp\/v2\/product\/755300","targetHints":{"allow":["GET"]}}],"collection":[{"href":"https:\/\/roveyayinevi.com.tr\/index.php\/wp-json\/wp\/v2\/product"}],"about":[{"href":"https:\/\/roveyayinevi.com.tr\/index.php\/wp-json\/wp\/v2\/types\/product"}],"wp:attachment":[{"href":"https:\/\/roveyayinevi.com.tr\/index.php\/wp-json\/wp\/v2\/media?parent=755300"}],"wp:term":[{"taxonomy":"product_brand","embeddable":true,"href":"https:\/\/roveyayinevi.com.tr\/index.php\/wp-json\/wp\/v2\/product_brand?post=755300"},{"taxonomy":"product_cat","embeddable":true,"href":"https:\/\/roveyayinevi.com.tr\/index.php\/wp-json\/wp\/v2\/product_cat?post=755300"},{"taxonomy":"product_tag","embeddable":true,"href":"https:\/\/roveyayinevi.com.tr\/index.php\/wp-json\/wp\/v2\/product_tag?post=755300"}],"curies":[{"name":"wp","href":"https:\/\/api.w.org\/{rel}","templated":true}]}}