{"id":755299,"date":"2025-08-28T06:35:51","date_gmt":"2025-08-28T03:35:51","guid":{"rendered":"https:\/\/roveyayinevi.com.tr\/index.php\/urun\/bolunmus-zihinler-dissosiyatif-kimlik-bozuklugunun-dkb-tani-ve-tedavi-el-kitabi\/"},"modified":"2026-04-16T03:08:26","modified_gmt":"2026-04-16T00:08:26","slug":"bolunmus-zihinler-dissosiyatif-kimlik-bozuklugunun-dkb-tani-ve-tedavi-el-kitabi","status":"publish","type":"product","link":"https:\/\/roveyayinevi.com.tr\/index.php\/urun\/bolunmus-zihinler-dissosiyatif-kimlik-bozuklugunun-dkb-tani-ve-tedavi-el-kitabi\/","title":{"rendered":"B\u00f6l\u00fcnm\u00fc\u015f Zihinler Dissosiyatif Kimlik Bozuklu\u011funun (DKB) Tan\u0131 ve Tedavi El Kitab\u0131"},"content":{"rendered":"<p>DKB yani \u201cDissosiyatif Kimlik Bozuklu\u011fu\u201d \u00fczerine uzmanla\u015fm\u0131\u015f olan Prof. Dr. Medaim Yan\u0131k, bu kitab\u0131nda konuyu akademik bir yakla\u015f\u0131mla ele al\u0131yor. \u201cB\u00f6l\u00fcnm\u00fc\u015f Zihinler\u201d kavramla\u015ft\u0131rmas\u0131yla dikkat \u00e7eken Yan\u0131k, kitab\u0131nda kuramlara, tan\u0131mlara ve \u00f6rnek vakalara yer vererek b\u00fct\u00fcnl\u00fckl\u00fc bir yakla\u015f\u0131m sunuyor. Psikoloji \u00f6\u011frencilerinin, terapistlerin, DKB tedavisi g\u00f6ren veya yak\u0131n\u0131 olanlar\u0131n ellerinden d\u00fc\u015f\u00fcrmeyece\u011fi kitap, alan\u0131nda ilk olma \u00f6zelli\u011fine sahip.<\/p>\n","protected":false},"excerpt":{"rendered":"<p>DKB yani \u201cDissosiyatif Kimlik Bozuklu\u011fu\u201d \u00fczerine uzmanla\u015fm\u0131\u015f olan Prof. Dr. Medaim Yan\u0131k, bu kitab\u0131nda konuyu akademik bir yakla\u015f\u0131mla ele al\u0131yor. \u201cB\u00f6l\u00fcnm\u00fc\u015f Zihinler\u201d kavramla\u015ft\u0131rmas\u0131yla dikkat \u00e7eken Yan\u0131k,<span class=\"excerpt-hellip\"> [\u2026]<\/span><\/p>\n","protected":false},"featured_media":0,"template":"","meta":{"_monsterinsights_skip_tracking":false,"_monsterinsights_sitenote_active":false,"_monsterinsights_sitenote_note":"","_monsterinsights_sitenote_category":0},"product_brand":[],"product_cat":[12358,12357],"product_tag":[],"class_list":{"0":"post-755299","1":"product","2":"type-product","3":"status-publish","5":"product_cat-genel-psikoloji","6":"product_cat-psikoloji","7":"pa_cilt-ciltsiz","8":"pa_tur-kitap","9":"pa_yayinevi-erdem-yayinlari","10":"pa_yazar-medaim-yanik","12":"first","13":"instock","14":"sale","15":"shipping-taxable","16":"purchasable","17":"product-type-simple"},"_links":{"self":[{"href":"https:\/\/roveyayinevi.com.tr\/index.php\/wp-json\/wp\/v2\/product\/755299","targetHints":{"allow":["GET"]}}],"collection":[{"href":"https:\/\/roveyayinevi.com.tr\/index.php\/wp-json\/wp\/v2\/product"}],"about":[{"href":"https:\/\/roveyayinevi.com.tr\/index.php\/wp-json\/wp\/v2\/types\/product"}],"wp:attachment":[{"href":"https:\/\/roveyayinevi.com.tr\/index.php\/wp-json\/wp\/v2\/media?parent=755299"}],"wp:term":[{"taxonomy":"product_brand","embeddable":true,"href":"https:\/\/roveyayinevi.com.tr\/index.php\/wp-json\/wp\/v2\/product_brand?post=755299"},{"taxonomy":"product_cat","embeddable":true,"href":"https:\/\/roveyayinevi.com.tr\/index.php\/wp-json\/wp\/v2\/product_cat?post=755299"},{"taxonomy":"product_tag","embeddable":true,"href":"https:\/\/roveyayinevi.com.tr\/index.php\/wp-json\/wp\/v2\/product_tag?post=755299"}],"curies":[{"name":"wp","href":"https:\/\/api.w.org\/{rel}","templated":true}]}}