{"id":755297,"date":"2025-08-28T06:35:47","date_gmt":"2025-08-28T03:35:47","guid":{"rendered":"https:\/\/roveyayinevi.com.tr\/index.php\/urun\/ben-kimim-bozkirin-tezenesi-neset-ertas\/"},"modified":"2026-04-12T03:12:24","modified_gmt":"2026-04-12T00:12:24","slug":"ben-kimim-bozkirin-tezenesi-neset-ertas","status":"publish","type":"product","link":"https:\/\/roveyayinevi.com.tr\/index.php\/urun\/ben-kimim-bozkirin-tezenesi-neset-ertas\/","title":{"rendered":"Ben Kimim? &#8211; Bozk\u0131r\u0131n Tezenesi Ne\u015fet Erta\u015f"},"content":{"rendered":"<p>Ben Kimim setinde edebiyattan spora, sanattan bilime, siyasetten i\u015f d\u00fcnyas\u0131na bir\u00e7ok alanda ad\u0131n\u0131 T\u00fcrk ve d\u00fcnya tarihine yazd\u0131ran isimlerin biyografisi yer al\u0131yor. Biyografiler; her bir ismin hayat\u0131nda, \u00f6n plana \u00e7\u0131kan temel de\u011fer etraf\u0131nda olmak \u00fczere hik\u00e2ye tad\u0131nda kaleme al\u0131nd\u0131.Her bir kitap; ger\u00e7ek bilgilerden yola \u00e7\u0131k\u0131larak yaz\u0131lsa da \u00e7ok fazla bilgi i\u00e7ermiyor, sizlere keyifle okuyaca\u011f\u0131n\u0131z hik\u00e2ye tad\u0131nda. Metinler i\u00e7indeki temel baz\u0131 bilgiler sayfalardaki kutucuklar i\u00e7inde, anlam\u0131n\u0131 merak etti\u011finiz kelimeler de kitab\u0131n sonunda sizleri bekliyor.Bozk\u0131r\u0131n Tezenesi Ne\u015fet Erta\u015f kitab\u0131nda, halk ozan\u0131m\u0131z Ne\u015fet Erta\u015f\u2019\u0131n hayat hik\u00e2yesini okuyacaks\u0131n\u0131z.<\/p>\n","protected":false},"excerpt":{"rendered":"<p>Ben Kimim setinde edebiyattan spora, sanattan bilime, siyasetten i\u015f d\u00fcnyas\u0131na bir\u00e7ok alanda ad\u0131n\u0131 T\u00fcrk ve d\u00fcnya tarihine yazd\u0131ran isimlerin biyografisi yer al\u0131yor. Biyografiler; her bir ismin<span class=\"excerpt-hellip\"> [\u2026]<\/span><\/p>\n","protected":false},"featured_media":0,"template":"","meta":{"_monsterinsights_skip_tracking":false,"_monsterinsights_sitenote_active":false,"_monsterinsights_sitenote_note":"","_monsterinsights_sitenote_category":0},"product_brand":[],"product_cat":[14009,12291],"product_tag":[],"class_list":{"0":"post-755297","1":"product","2":"type-product","3":"status-publish","5":"product_cat-biyografi-otobiyografi-edebiyat","6":"product_cat-edebiyat","7":"pa_cilt-ciltsiz","8":"pa_tur-kitap","9":"pa_yayinevi-erdem-cocuk","10":"pa_yazar-ayse-seker-kilic","12":"first","13":"instock","14":"sale","15":"shipping-taxable","16":"purchasable","17":"product-type-simple"},"_links":{"self":[{"href":"https:\/\/roveyayinevi.com.tr\/index.php\/wp-json\/wp\/v2\/product\/755297","targetHints":{"allow":["GET"]}}],"collection":[{"href":"https:\/\/roveyayinevi.com.tr\/index.php\/wp-json\/wp\/v2\/product"}],"about":[{"href":"https:\/\/roveyayinevi.com.tr\/index.php\/wp-json\/wp\/v2\/types\/product"}],"wp:attachment":[{"href":"https:\/\/roveyayinevi.com.tr\/index.php\/wp-json\/wp\/v2\/media?parent=755297"}],"wp:term":[{"taxonomy":"product_brand","embeddable":true,"href":"https:\/\/roveyayinevi.com.tr\/index.php\/wp-json\/wp\/v2\/product_brand?post=755297"},{"taxonomy":"product_cat","embeddable":true,"href":"https:\/\/roveyayinevi.com.tr\/index.php\/wp-json\/wp\/v2\/product_cat?post=755297"},{"taxonomy":"product_tag","embeddable":true,"href":"https:\/\/roveyayinevi.com.tr\/index.php\/wp-json\/wp\/v2\/product_tag?post=755297"}],"curies":[{"name":"wp","href":"https:\/\/api.w.org\/{rel}","templated":true}]}}