{"id":755296,"date":"2025-08-28T06:35:45","date_gmt":"2025-08-28T03:35:45","guid":{"rendered":"https:\/\/roveyayinevi.com.tr\/index.php\/urun\/ben-kimim-bir-halk-ozani-asik-veysel\/"},"modified":"2026-04-12T03:12:24","modified_gmt":"2026-04-12T00:12:24","slug":"ben-kimim-bir-halk-ozani-asik-veysel","status":"publish","type":"product","link":"https:\/\/roveyayinevi.com.tr\/index.php\/urun\/ben-kimim-bir-halk-ozani-asik-veysel\/","title":{"rendered":"Ben Kimim? &#8211; Bir Halk Ozan\u0131 A\u015f\u0131k Veysel"},"content":{"rendered":"<p>Ben Kimim setinde edebiyattan spora, sanattan bilime, siyasetten i\u015f d\u00fcnyas\u0131na bir\u00e7ok alanda ad\u0131n\u0131 T\u00fcrk ve d\u00fcnya tarihine yazd\u0131ran isimlerin biyografisi yer al\u0131yor. Biyografiler; her bir ismin hayat\u0131nda \u00f6ne \u00e7\u0131kan temel de\u011fer etraf\u0131nda hik\u00e2ye tad\u0131nda kaleme al\u0131nd\u0131. Her bir kitap; ger\u00e7ek bilgilerden yola \u00e7\u0131k\u0131larak yaz\u0131lan, keyifle okuyaca\u011f\u0131n\u0131z, etkili ve ilham verici bir hayat sunuyor. Metinler i\u00e7indeki temel baz\u0131 bilgiler sayfalardaki kutucuklar i\u00e7inde, anlam\u0131n\u0131 merak etti\u011finiz kelimeler de kitab\u0131n sonunda sizleri bekliyor. Bu kitapta \u00fcnl\u00fc ozan\u0131m\u0131z A\u015f\u0131k Veysel\u2019in, etkili ve ilham verici hayat hik\u00e2yesini okuyacaks\u0131n\u0131z. T\u00fcrkiye\u2019nin en \u00f6nemli halk ozanlar\u0131ndan A\u015f\u0131k Veysel de bir zamanlar \u00e7ocuktur. \u00c7ok k\u00fc\u00e7\u00fckken ge\u00e7irdi\u011fi \u00e7i\u00e7ek hastal\u0131\u011f\u0131 onu g\u00f6rme engelli yapsa da Veysel hi\u00e7bir engel tan\u0131mayarak par\u0131ldar t\u00fcrk\u00fcleri ve saz\u0131yla. T\u00fcm d\u00fcnya onu ve t\u00fcrk\u00fclerini i\u015fitir, karanl\u0131ktaki bir\u00e7ok kalp onun m\u00fczi\u011fiyle ayd\u0131nlan\u0131r. Bir Halk Ozan\u0131 A\u015f\u0131k Veysel kitab\u0131nda umut, \u015fefkat, dostluk, azim ve m\u00fczikle dolu ilham verici bir hayat hik\u00e2yesini okuyacaks\u0131n\u0131z.<\/p>\n","protected":false},"excerpt":{"rendered":"<p>Ben Kimim setinde edebiyattan spora, sanattan bilime, siyasetten i\u015f d\u00fcnyas\u0131na bir\u00e7ok alanda ad\u0131n\u0131 T\u00fcrk ve d\u00fcnya tarihine yazd\u0131ran isimlerin biyografisi yer al\u0131yor. Biyografiler; her bir ismin<span class=\"excerpt-hellip\"> [\u2026]<\/span><\/p>\n","protected":false},"featured_media":0,"template":"","meta":{"_monsterinsights_skip_tracking":false,"_monsterinsights_sitenote_active":false,"_monsterinsights_sitenote_note":"","_monsterinsights_sitenote_category":0},"product_brand":[],"product_cat":[14009,12291],"product_tag":[],"class_list":{"0":"post-755296","1":"product","2":"type-product","3":"status-publish","5":"product_cat-biyografi-otobiyografi-edebiyat","6":"product_cat-edebiyat","7":"pa_cilt-ciltsiz","8":"pa_tur-kitap","9":"pa_yayinevi-erdem-cocuk","10":"pa_yazar-naz-n-varli","12":"first","13":"instock","14":"sale","15":"shipping-taxable","16":"purchasable","17":"product-type-simple"},"_links":{"self":[{"href":"https:\/\/roveyayinevi.com.tr\/index.php\/wp-json\/wp\/v2\/product\/755296","targetHints":{"allow":["GET"]}}],"collection":[{"href":"https:\/\/roveyayinevi.com.tr\/index.php\/wp-json\/wp\/v2\/product"}],"about":[{"href":"https:\/\/roveyayinevi.com.tr\/index.php\/wp-json\/wp\/v2\/types\/product"}],"wp:attachment":[{"href":"https:\/\/roveyayinevi.com.tr\/index.php\/wp-json\/wp\/v2\/media?parent=755296"}],"wp:term":[{"taxonomy":"product_brand","embeddable":true,"href":"https:\/\/roveyayinevi.com.tr\/index.php\/wp-json\/wp\/v2\/product_brand?post=755296"},{"taxonomy":"product_cat","embeddable":true,"href":"https:\/\/roveyayinevi.com.tr\/index.php\/wp-json\/wp\/v2\/product_cat?post=755296"},{"taxonomy":"product_tag","embeddable":true,"href":"https:\/\/roveyayinevi.com.tr\/index.php\/wp-json\/wp\/v2\/product_tag?post=755296"}],"curies":[{"name":"wp","href":"https:\/\/api.w.org\/{rel}","templated":true}]}}