{"id":755295,"date":"2025-08-28T06:35:43","date_gmt":"2025-08-28T03:35:43","guid":{"rendered":"https:\/\/roveyayinevi.com.tr\/index.php\/urun\/ben-kimim-bir-mucidin-oykusu-steve-jobs\/"},"modified":"2026-04-12T03:12:24","modified_gmt":"2026-04-12T00:12:24","slug":"ben-kimim-bir-mucidin-oykusu-steve-jobs","status":"publish","type":"product","link":"https:\/\/roveyayinevi.com.tr\/index.php\/urun\/ben-kimim-bir-mucidin-oykusu-steve-jobs\/","title":{"rendered":"Ben Kimim? \u2013 Bir Mucidin \u00d6yk\u00fcs\u00fc Steve Jobs"},"content":{"rendered":"<p>Ben Kimim setinde edebiyattan spora, sanattan bilime, siyasetten i\u015f d\u00fcnyas\u0131na bir\u00e7ok alanda ad\u0131n\u0131 T\u00fcrk ve d\u00fcnya tarihine yazd\u0131ran isimlerin biyografisi yer al\u0131yor. Biyografiler; her bir ismin hayat\u0131nda \u00f6ne \u00e7\u0131kan temel de\u011fer etraf\u0131nda hik\u00e2ye tad\u0131nda kaleme al\u0131nd\u0131.Her bir kitap; ger\u00e7ek bilgilerden yola \u00e7\u0131k\u0131larak yaz\u0131lan, keyifle okuyaca\u011f\u0131n\u0131z, etkili ve ilham verici bir hayat sunuyor. Metinler i\u00e7indeki temel baz\u0131 bilgiler sayfalardaki kutucuklar i\u00e7inde, anlam\u0131n\u0131 merak etti\u011finiz kelimeler de kitab\u0131n sonunda sizleri bekliyor.Bu kitapta d\u00fcnyaca \u00fcnl\u00fc bilgisayar uzman\u0131 Steve Jobs\u2019\u0131n ilham verici hayat hik\u00e2yesini okuyacaks\u0131n\u0131z.D\u00fcnyan\u0131n en b\u00fcy\u00fck \u015firketlerinden birinin kurucusu olan Steve Jobs da bir zamanlar \u00e7ocuktur. Babas\u0131n\u0131n garaj\u0131nda, elektronik par\u00e7alar\u0131yla ve hurdalarla ba\u015flayan merak\u0131, onu daha 12 ya\u015f\u0131ndayken HP firmas\u0131n\u0131n kurucular\u0131ndan Bill Hewlett\u2019i aramak i\u00e7in cesaretlendirir. Sonras\u0131nda hayallerinin pe\u015finde ko\u015fan Jobs d\u00fcnya \u00e7ap\u0131nda markalar\u0131n kurucusu olur.<\/p>\n","protected":false},"excerpt":{"rendered":"<p>Ben Kimim setinde edebiyattan spora, sanattan bilime, siyasetten i\u015f d\u00fcnyas\u0131na bir\u00e7ok alanda ad\u0131n\u0131 T\u00fcrk ve d\u00fcnya tarihine yazd\u0131ran isimlerin biyografisi yer al\u0131yor. Biyografiler; her bir ismin<span class=\"excerpt-hellip\"> [\u2026]<\/span><\/p>\n","protected":false},"featured_media":0,"template":"","meta":{"_monsterinsights_skip_tracking":false,"_monsterinsights_sitenote_active":false,"_monsterinsights_sitenote_note":"","_monsterinsights_sitenote_category":0},"product_brand":[],"product_cat":[14009,12291],"product_tag":[],"class_list":{"0":"post-755295","1":"product","2":"type-product","3":"status-publish","5":"product_cat-biyografi-otobiyografi-edebiyat","6":"product_cat-edebiyat","7":"pa_cilt-ciltsiz","8":"pa_tur-kitap","9":"pa_yayinevi-erdem-cocuk","10":"pa_yazar-naz-n-varli","12":"first","13":"instock","14":"sale","15":"shipping-taxable","16":"purchasable","17":"product-type-simple"},"_links":{"self":[{"href":"https:\/\/roveyayinevi.com.tr\/index.php\/wp-json\/wp\/v2\/product\/755295","targetHints":{"allow":["GET"]}}],"collection":[{"href":"https:\/\/roveyayinevi.com.tr\/index.php\/wp-json\/wp\/v2\/product"}],"about":[{"href":"https:\/\/roveyayinevi.com.tr\/index.php\/wp-json\/wp\/v2\/types\/product"}],"wp:attachment":[{"href":"https:\/\/roveyayinevi.com.tr\/index.php\/wp-json\/wp\/v2\/media?parent=755295"}],"wp:term":[{"taxonomy":"product_brand","embeddable":true,"href":"https:\/\/roveyayinevi.com.tr\/index.php\/wp-json\/wp\/v2\/product_brand?post=755295"},{"taxonomy":"product_cat","embeddable":true,"href":"https:\/\/roveyayinevi.com.tr\/index.php\/wp-json\/wp\/v2\/product_cat?post=755295"},{"taxonomy":"product_tag","embeddable":true,"href":"https:\/\/roveyayinevi.com.tr\/index.php\/wp-json\/wp\/v2\/product_tag?post=755295"}],"curies":[{"name":"wp","href":"https:\/\/api.w.org\/{rel}","templated":true}]}}