{"id":755294,"date":"2025-08-28T06:35:41","date_gmt":"2025-08-28T03:35:41","guid":{"rendered":"https:\/\/roveyayinevi.com.tr\/index.php\/urun\/cocuk-edebiyati-incelemeleri\/"},"modified":"2026-04-16T03:08:26","modified_gmt":"2026-04-16T00:08:26","slug":"cocuk-edebiyati-incelemeleri","status":"publish","type":"product","link":"https:\/\/roveyayinevi.com.tr\/index.php\/urun\/cocuk-edebiyati-incelemeleri\/","title":{"rendered":"\u00c7ocuk Edebiyat\u0131 \u0130ncelemeleri"},"content":{"rendered":"<p>\u00c7ocuk Edebiyat\u0131 \u0130ncelemeleri-\u00c7ocuk Edebiyat\u0131na Disiplinleraras\u0131 Akademik Yakla\u015f\u0131mlar kitab\u0131; e\u011fitim, dil, bilgi ve belge y\u00f6netimi disiplinleri perspektifinden \u00e7ocuk ve gen\u00e7 yeti\u015fkin edebiyat\u0131 alan\u0131n\u0131 ara\u015ft\u0131ran, inceleyen akademisyenler ve alan\u0131n uzmanlar\u0131 taraf\u0131ndan kaleme al\u0131nm\u0131\u015f makalelerin se\u00e7kilerinden olu\u015fmaktad\u0131r. \u00c7ocuk ve gen\u00e7 yeti\u015fkin edebiyat\u0131na \u00e7ok disiplinli yakla\u015f\u0131m\u0131yla ilk olma \u00f6zelli\u011fi ta\u015f\u0131yan bu rehber kitap, edebiyat okuman\u0131n, metinlerin ve ba\u011flamlar\u0131n \u00e7e\u015fitli y\u00f6nlerini tan\u0131mlay\u0131p analiz ederek \u00e7ocuk edebiyat\u0131n\u0131 okuma ve yorumlaman\u0131n farkl\u0131 akademik alanlar i\u00e7inde ve aras\u0131nda nas\u0131l de\u011fi\u015fiklik g\u00f6sterdi\u011fine \u0131\u015f\u0131k tutmaktad\u0131r. \u00dc\u00e7 k\u0131s\u0131mdan olu\u015fan kitapta; okuryazarl\u0131\u011f\u0131n de\u011ferini sorgulama, kozmopolit entelekt\u00fcel olarak g\u00f6\u00e7men \u00f6\u011frenciler; gen\u00e7 yeti\u015fkin romanlar\u0131, resimli kitaplar\u0131, \u00e7izgi romanlar\u0131 ve di\u011fer yanlar\u0131 incelemeye yarayacak analitik \u00e7er\u00e7eveler; \u00e7ocuk kitab\u0131 \u00e7evirisi, kitap incelemeleri, edebiyat\u0131n yan \u00fcr\u00fcnleri ve edebiyat m\u00fczeleri hakk\u0131nda yaz\u0131lm\u0131\u015f, keyifle okunacak derinlikli makaleler yer almaktad\u0131r. Cenk Pamay taraf\u0131ndan duru bir T\u00fcrk\u00e7e ile \u00e7evrilen bu kitap sadece \u00e7ocuk ve gen\u00e7 yeti\u015fkin alan\u0131nda \u00e7al\u0131\u015fan akademisyenlerin de\u011fil, alan\u0131n profesyonellerinin, \u00f6\u011fretmenlerin ve hatta bu alana ilgi duyanlar\u0131n da ba\u015fucu kitab\u0131 olacakt\u0131r.<\/p>\n","protected":false},"excerpt":{"rendered":"<p>\u00c7ocuk Edebiyat\u0131 \u0130ncelemeleri-\u00c7ocuk Edebiyat\u0131na Disiplinleraras\u0131 Akademik Yakla\u015f\u0131mlar kitab\u0131; e\u011fitim, dil, bilgi ve belge y\u00f6netimi disiplinleri perspektifinden \u00e7ocuk ve gen\u00e7 yeti\u015fkin edebiyat\u0131 alan\u0131n\u0131 ara\u015ft\u0131ran, inceleyen akademisyenler ve<span class=\"excerpt-hellip\"> [\u2026]<\/span><\/p>\n","protected":false},"featured_media":0,"template":"","meta":{"_monsterinsights_skip_tracking":false,"_monsterinsights_sitenote_active":false,"_monsterinsights_sitenote_note":"","_monsterinsights_sitenote_category":0},"product_brand":[],"product_cat":[13072,12291],"product_tag":[],"class_list":{"0":"post-755294","1":"product","2":"type-product","3":"status-publish","5":"product_cat-arastirma-inceleme-referans","6":"product_cat-edebiyat","7":"pa_cilt-ciltsiz","8":"pa_tur-kitap","9":"pa_yayinevi-erdem-yayinlari","10":"pa_yazar-kolektif","12":"first","13":"instock","14":"sale","15":"shipping-taxable","16":"purchasable","17":"product-type-simple"},"_links":{"self":[{"href":"https:\/\/roveyayinevi.com.tr\/index.php\/wp-json\/wp\/v2\/product\/755294","targetHints":{"allow":["GET"]}}],"collection":[{"href":"https:\/\/roveyayinevi.com.tr\/index.php\/wp-json\/wp\/v2\/product"}],"about":[{"href":"https:\/\/roveyayinevi.com.tr\/index.php\/wp-json\/wp\/v2\/types\/product"}],"wp:attachment":[{"href":"https:\/\/roveyayinevi.com.tr\/index.php\/wp-json\/wp\/v2\/media?parent=755294"}],"wp:term":[{"taxonomy":"product_brand","embeddable":true,"href":"https:\/\/roveyayinevi.com.tr\/index.php\/wp-json\/wp\/v2\/product_brand?post=755294"},{"taxonomy":"product_cat","embeddable":true,"href":"https:\/\/roveyayinevi.com.tr\/index.php\/wp-json\/wp\/v2\/product_cat?post=755294"},{"taxonomy":"product_tag","embeddable":true,"href":"https:\/\/roveyayinevi.com.tr\/index.php\/wp-json\/wp\/v2\/product_tag?post=755294"}],"curies":[{"name":"wp","href":"https:\/\/api.w.org\/{rel}","templated":true}]}}