{"id":755289,"date":"2025-08-28T06:35:31","date_gmt":"2025-08-28T03:35:31","guid":{"rendered":"https:\/\/roveyayinevi.com.tr\/index.php\/urun\/ellerim-minik-ama\/"},"modified":"2026-04-16T03:08:26","modified_gmt":"2026-04-16T00:08:26","slug":"ellerim-minik-ama","status":"publish","type":"product","link":"https:\/\/roveyayinevi.com.tr\/index.php\/urun\/ellerim-minik-ama\/","title":{"rendered":"Ellerim Minik Ama"},"content":{"rendered":"<p>Sare\u2019nin renklerle, \u00e7izgilerle olu\u015fturdu\u011fu d\u00fcnyaya yolculukSare, Minno\u015f\u2019u anneannesinin do\u011fum g\u00fcn\u00fc i\u00e7in bir resim yapar. Resmini \u00f6nce abisine, sonra annesine daha sonra babas\u0131na en sonunda da ablas\u0131na g\u00f6sterir. Ama hepsi resmin bir taraf\u0131n\u0131 fazla bulur. Sare bu duruma \u00fcz\u00fcl\u00fcr. Asl\u0131nda resminde kulland\u0131\u011f\u0131 her rengin ve \u00e7izdi\u011fi her varl\u0131\u011f\u0131n onun hayat\u0131nda \u00f6nemli bir kar\u015f\u0131l\u0131\u011f\u0131 vard\u0131r. Sare resminde neleri anlatmaya \u00e7al\u0131\u015fm\u0131\u015ft\u0131r ve Minno\u015fu anneannesi, resimde anlat\u0131lanlar\u0131 g\u00f6rebilecek midir?\u00c7ocuklar, etraflar\u0131ndaki b\u00fcy\u00fck-k\u00fc\u00e7\u00fck varl\u0131klarla ili\u015fki kurarlar, duygular\u0131n\u0131 fark ederler ve kendi anlam d\u00fcnyalar\u0131n\u0131 olu\u015ftururlar. Bu kitap, \u00e7ocuklar\u0131n duygu ve anlam d\u00fcnyalar\u0131n\u0131 anlamaya yarayacak harika bir oyun arkada\u015f\u0131.<\/p>\n","protected":false},"excerpt":{"rendered":"<p>Sare\u2019nin renklerle, \u00e7izgilerle olu\u015fturdu\u011fu d\u00fcnyaya yolculukSare, Minno\u015f\u2019u anneannesinin do\u011fum g\u00fcn\u00fc i\u00e7in bir resim yapar. Resmini \u00f6nce abisine, sonra annesine daha sonra babas\u0131na en sonunda da ablas\u0131na<span class=\"excerpt-hellip\"> [\u2026]<\/span><\/p>\n","protected":false},"featured_media":0,"template":"","meta":{"_monsterinsights_skip_tracking":false,"_monsterinsights_sitenote_active":false,"_monsterinsights_sitenote_note":"","_monsterinsights_sitenote_category":0},"product_brand":[],"product_cat":[12274,12284],"product_tag":[],"class_list":{"0":"post-755289","1":"product","2":"type-product","3":"status-publish","5":"product_cat-cocuk-ve-genclik-kitaplari","6":"product_cat-hikayeler","7":"pa_cilt-ciltsiz","8":"pa_tur-kitap","9":"pa_yayinevi-erdem-cocuk","10":"pa_yazar-neslihan-yalcin","12":"first","13":"instock","14":"sale","15":"shipping-taxable","16":"purchasable","17":"product-type-simple"},"_links":{"self":[{"href":"https:\/\/roveyayinevi.com.tr\/index.php\/wp-json\/wp\/v2\/product\/755289","targetHints":{"allow":["GET"]}}],"collection":[{"href":"https:\/\/roveyayinevi.com.tr\/index.php\/wp-json\/wp\/v2\/product"}],"about":[{"href":"https:\/\/roveyayinevi.com.tr\/index.php\/wp-json\/wp\/v2\/types\/product"}],"wp:attachment":[{"href":"https:\/\/roveyayinevi.com.tr\/index.php\/wp-json\/wp\/v2\/media?parent=755289"}],"wp:term":[{"taxonomy":"product_brand","embeddable":true,"href":"https:\/\/roveyayinevi.com.tr\/index.php\/wp-json\/wp\/v2\/product_brand?post=755289"},{"taxonomy":"product_cat","embeddable":true,"href":"https:\/\/roveyayinevi.com.tr\/index.php\/wp-json\/wp\/v2\/product_cat?post=755289"},{"taxonomy":"product_tag","embeddable":true,"href":"https:\/\/roveyayinevi.com.tr\/index.php\/wp-json\/wp\/v2\/product_tag?post=755289"}],"curies":[{"name":"wp","href":"https:\/\/api.w.org\/{rel}","templated":true}]}}