{"id":755287,"date":"2025-08-28T06:35:28","date_gmt":"2025-08-28T03:35:28","guid":{"rendered":"https:\/\/roveyayinevi.com.tr\/index.php\/urun\/gorsel-dikkat-etkinlikleri-mavi-dunya-ile-okula-hazirlik-ciltli\/"},"modified":"2026-04-16T03:08:26","modified_gmt":"2026-04-16T00:08:26","slug":"gorsel-dikkat-etkinlikleri-mavi-dunya-ile-okula-hazirlik-ciltli","status":"publish","type":"product","link":"https:\/\/roveyayinevi.com.tr\/index.php\/urun\/gorsel-dikkat-etkinlikleri-mavi-dunya-ile-okula-hazirlik-ciltli\/","title":{"rendered":"G\u00f6rsel Dikkat Etkinlikleri &#8211; Mavi D\u00fcnya ile Okula Haz\u0131rl\u0131k (Ciltli)"},"content":{"rendered":"<p>Okula gidece\u011fin i\u00e7in heyecanl\u0131 m\u0131s\u0131n? Yeni arkada\u015flar, okuyaca\u011f\u0131n birbirinden g\u00fczel kitaplar, e\u011flenceli bilgiler ve daha neler neler\u2026 Okula ba\u015flamak i\u00e7in sab\u0131rs\u0131zlanmakta hakl\u0131s\u0131n. Biraz okula haz\u0131rl\u0131k yapmaya ne dersin?\u015eimdi \u00e7evir sayfay\u0131 \u201cG\u00f6rsel Dikkat\u201d etkinliklerini birlikte yapal\u0131m. \u00d6r\u00fcnt\u00fc, e\u015fle\u015ftirme, fark\u0131 bulma, par\u00e7a tamamlama, boyama\u2026 Haydi, ba\u015flayal\u0131m.<\/p>\n","protected":false},"excerpt":{"rendered":"<p>Okula gidece\u011fin i\u00e7in heyecanl\u0131 m\u0131s\u0131n? Yeni arkada\u015flar, okuyaca\u011f\u0131n birbirinden g\u00fczel kitaplar, e\u011flenceli bilgiler ve daha neler neler\u2026 Okula ba\u015flamak i\u00e7in sab\u0131rs\u0131zlanmakta hakl\u0131s\u0131n. Biraz okula haz\u0131rl\u0131k yapmaya<span class=\"excerpt-hellip\"> [\u2026]<\/span><\/p>\n","protected":false},"featured_media":0,"template":"","meta":{"_monsterinsights_skip_tracking":false,"_monsterinsights_sitenote_active":false,"_monsterinsights_sitenote_note":"","_monsterinsights_sitenote_category":0},"product_brand":[],"product_cat":[12274,12284],"product_tag":[],"class_list":{"0":"post-755287","1":"product","2":"type-product","3":"status-publish","5":"product_cat-cocuk-ve-genclik-kitaplari","6":"product_cat-hikayeler","7":"pa_cilt-ciltli","8":"pa_tur-kitap","9":"pa_yayinevi-erdem-cocuk","10":"pa_yazar-kolektif","12":"first","13":"instock","14":"sale","15":"shipping-taxable","16":"purchasable","17":"product-type-simple"},"_links":{"self":[{"href":"https:\/\/roveyayinevi.com.tr\/index.php\/wp-json\/wp\/v2\/product\/755287","targetHints":{"allow":["GET"]}}],"collection":[{"href":"https:\/\/roveyayinevi.com.tr\/index.php\/wp-json\/wp\/v2\/product"}],"about":[{"href":"https:\/\/roveyayinevi.com.tr\/index.php\/wp-json\/wp\/v2\/types\/product"}],"wp:attachment":[{"href":"https:\/\/roveyayinevi.com.tr\/index.php\/wp-json\/wp\/v2\/media?parent=755287"}],"wp:term":[{"taxonomy":"product_brand","embeddable":true,"href":"https:\/\/roveyayinevi.com.tr\/index.php\/wp-json\/wp\/v2\/product_brand?post=755287"},{"taxonomy":"product_cat","embeddable":true,"href":"https:\/\/roveyayinevi.com.tr\/index.php\/wp-json\/wp\/v2\/product_cat?post=755287"},{"taxonomy":"product_tag","embeddable":true,"href":"https:\/\/roveyayinevi.com.tr\/index.php\/wp-json\/wp\/v2\/product_tag?post=755287"}],"curies":[{"name":"wp","href":"https:\/\/api.w.org\/{rel}","templated":true}]}}