{"id":755279,"date":"2025-08-28T06:35:14","date_gmt":"2025-08-28T03:35:14","guid":{"rendered":"https:\/\/roveyayinevi.com.tr\/index.php\/urun\/denize-atilan-copler-mavi-dunyadan-masallar\/"},"modified":"2026-04-16T03:08:25","modified_gmt":"2026-04-16T00:08:25","slug":"denize-atilan-copler-mavi-dunyadan-masallar","status":"publish","type":"product","link":"https:\/\/roveyayinevi.com.tr\/index.php\/urun\/denize-atilan-copler-mavi-dunyadan-masallar\/","title":{"rendered":"Denize At\u0131lan \u00c7\u00f6pler &#8211; Mavi D\u00fcnya\u2019dan Masallar"},"content":{"rendered":"<p>Mavi D\u00fcnya\u2019n\u0131n e\u011flenceli, k\u0131p\u0131r k\u0131p\u0131r, arkada\u015fl\u0131k ve oyun dolu g\u00fczel g\u00fcnlerinden birine sen de kat\u0131labilirsin. Haydi, gel! \u00c7evir sayfay\u0131, bakal\u0131m bug\u00fcn hangi maceralara tan\u0131k oluyoruz. Her \u015fey Ye\u015fil Ta\u015f\u2019\u0131n babas\u0131n\u0131n yedi\u011fi pembe \u015feyle ba\u015flad\u0131. Baba kaplumba\u011fa, j\u00f6le san\u0131p bir po\u015fet yemi\u015f me\u011fer. Bizim sevimli bal\u0131klar da po\u015fetin pe\u015fine d\u00fc\u015ft\u00fc. Nereden geldi bu po\u015fet derken bir ne g\u00f6rs\u00fcnler! Ne mi g\u00f6rd\u00fcler? Cevab\u0131 bu g\u00fczel hik\u00e2yede.<\/p>\n","protected":false},"excerpt":{"rendered":"<p>Mavi D\u00fcnya\u2019n\u0131n e\u011flenceli, k\u0131p\u0131r k\u0131p\u0131r, arkada\u015fl\u0131k ve oyun dolu g\u00fczel g\u00fcnlerinden birine sen de kat\u0131labilirsin. Haydi, gel! \u00c7evir sayfay\u0131, bakal\u0131m bug\u00fcn hangi maceralara tan\u0131k oluyoruz. Her<span class=\"excerpt-hellip\"> [\u2026]<\/span><\/p>\n","protected":false},"featured_media":0,"template":"","meta":{"_monsterinsights_skip_tracking":false,"_monsterinsights_sitenote_active":false,"_monsterinsights_sitenote_note":"","_monsterinsights_sitenote_category":0},"product_brand":[],"product_cat":[12274,12284],"product_tag":[],"class_list":{"0":"post-755279","1":"product","2":"type-product","3":"status-publish","5":"product_cat-cocuk-ve-genclik-kitaplari","6":"product_cat-hikayeler","7":"pa_cilt-ciltsiz","8":"pa_tur-kitap","9":"pa_yayinevi-erdem-cocuk","10":"pa_yazar-kolektif","12":"first","13":"instock","14":"sale","15":"shipping-taxable","16":"purchasable","17":"product-type-simple"},"_links":{"self":[{"href":"https:\/\/roveyayinevi.com.tr\/index.php\/wp-json\/wp\/v2\/product\/755279","targetHints":{"allow":["GET"]}}],"collection":[{"href":"https:\/\/roveyayinevi.com.tr\/index.php\/wp-json\/wp\/v2\/product"}],"about":[{"href":"https:\/\/roveyayinevi.com.tr\/index.php\/wp-json\/wp\/v2\/types\/product"}],"wp:attachment":[{"href":"https:\/\/roveyayinevi.com.tr\/index.php\/wp-json\/wp\/v2\/media?parent=755279"}],"wp:term":[{"taxonomy":"product_brand","embeddable":true,"href":"https:\/\/roveyayinevi.com.tr\/index.php\/wp-json\/wp\/v2\/product_brand?post=755279"},{"taxonomy":"product_cat","embeddable":true,"href":"https:\/\/roveyayinevi.com.tr\/index.php\/wp-json\/wp\/v2\/product_cat?post=755279"},{"taxonomy":"product_tag","embeddable":true,"href":"https:\/\/roveyayinevi.com.tr\/index.php\/wp-json\/wp\/v2\/product_tag?post=755279"}],"curies":[{"name":"wp","href":"https:\/\/api.w.org\/{rel}","templated":true}]}}