{"id":755275,"date":"2025-08-28T06:35:07","date_gmt":"2025-08-28T03:35:07","guid":{"rendered":"https:\/\/roveyayinevi.com.tr\/index.php\/urun\/sertac-abiyle-dijital-dunya-rehberi-anne-baba-onayli-tek-youtuber\/"},"modified":"2026-04-16T03:08:25","modified_gmt":"2026-04-16T00:08:25","slug":"sertac-abiyle-dijital-dunya-rehberi-anne-baba-onayli-tek-youtuber","status":"publish","type":"product","link":"https:\/\/roveyayinevi.com.tr\/index.php\/urun\/sertac-abiyle-dijital-dunya-rehberi-anne-baba-onayli-tek-youtuber\/","title":{"rendered":"Serta\u00e7 Abi\u2019yle Dijital D\u00fcnya Rehberi &#8211; Anne-Baba Onayl\u0131 Tek YouTuber"},"content":{"rendered":"<p>\u201cSerta\u00e7 Abi\u201d ad\u0131yla, sosyal medyada ahlaki hassasiyetleri y\u00fcksek bir M\u00fcsl\u00fcman YouTuber olarak \u00e7ocuklara \u00f6rnek olmaya gayret eden Serta\u00e7 G\u00fcng\u00f6r, oyunlar, videolar, y\u00fcz y\u00fcze bulu\u015fmalarla \u00e7ocuklara din\u00ee, manevi, k\u00fclt\u00fcrel de\u011ferlerimizi hat\u0131rlat\u0131yor. Bunu da olduk\u00e7a e\u011flenceli bir dille, \u00e7ocuklar\u0131n ilgi ve beklentilerini kar\u015f\u0131layarak yap\u0131yor.  Bu kitap, Serta\u00e7 Abi\u2019yle farkl\u0131 zaman dilimlerinde ger\u00e7ekle\u015ftirilen s\u00f6yle\u015filerden olu\u015fuyor. \u00c7ocuk ve gen\u00e7leri etkisi alt\u0131na alan ak\u0131mlar, anne babalar\u0131n dijital d\u00fcnyayla ilgili bilmedikleri detaylar, sosyal medyadaki riskler, bu mecralarda neden daha fazla var olmam\u0131z gerekti\u011fi ve dijital d\u00fcnyada ebeveyn olman\u0131n zorluklar\u0131 \u00fczerine derli toplu ve ayd\u0131nlat\u0131c\u0131 bir yakla\u015f\u0131m arayanlar i\u00e7in kaynak niteli\u011finde.<\/p>\n","protected":false},"excerpt":{"rendered":"<p>\u201cSerta\u00e7 Abi\u201d ad\u0131yla, sosyal medyada ahlaki hassasiyetleri y\u00fcksek bir M\u00fcsl\u00fcman YouTuber olarak \u00e7ocuklara \u00f6rnek olmaya gayret eden Serta\u00e7 G\u00fcng\u00f6r, oyunlar, videolar, y\u00fcz y\u00fcze bulu\u015fmalarla \u00e7ocuklara din\u00ee,<span class=\"excerpt-hellip\"> [\u2026]<\/span><\/p>\n","protected":false},"featured_media":0,"template":"","meta":{"_monsterinsights_skip_tracking":false,"_monsterinsights_sitenote_active":false,"_monsterinsights_sitenote_note":"","_monsterinsights_sitenote_category":0},"product_brand":[],"product_cat":[12291,30969],"product_tag":[],"class_list":{"0":"post-755275","1":"product","2":"type-product","3":"status-publish","5":"product_cat-edebiyat","6":"product_cat-soylesi-edebiyat","7":"pa_cilt-ciltsiz","8":"pa_tur-kitap","9":"pa_yayinevi-erdem-yayinlari","10":"pa_yazar-bilgenur-corlu","12":"first","13":"instock","14":"sale","15":"shipping-taxable","16":"purchasable","17":"product-type-simple"},"_links":{"self":[{"href":"https:\/\/roveyayinevi.com.tr\/index.php\/wp-json\/wp\/v2\/product\/755275","targetHints":{"allow":["GET"]}}],"collection":[{"href":"https:\/\/roveyayinevi.com.tr\/index.php\/wp-json\/wp\/v2\/product"}],"about":[{"href":"https:\/\/roveyayinevi.com.tr\/index.php\/wp-json\/wp\/v2\/types\/product"}],"wp:attachment":[{"href":"https:\/\/roveyayinevi.com.tr\/index.php\/wp-json\/wp\/v2\/media?parent=755275"}],"wp:term":[{"taxonomy":"product_brand","embeddable":true,"href":"https:\/\/roveyayinevi.com.tr\/index.php\/wp-json\/wp\/v2\/product_brand?post=755275"},{"taxonomy":"product_cat","embeddable":true,"href":"https:\/\/roveyayinevi.com.tr\/index.php\/wp-json\/wp\/v2\/product_cat?post=755275"},{"taxonomy":"product_tag","embeddable":true,"href":"https:\/\/roveyayinevi.com.tr\/index.php\/wp-json\/wp\/v2\/product_tag?post=755275"}],"curies":[{"name":"wp","href":"https:\/\/api.w.org\/{rel}","templated":true}]}}