{"id":755268,"date":"2025-08-28T06:34:59","date_gmt":"2025-08-28T03:34:59","guid":{"rendered":"https:\/\/roveyayinevi.com.tr\/index.php\/urun\/iyilikle-degisir-dunya\/"},"modified":"2026-04-11T03:16:50","modified_gmt":"2026-04-11T00:16:50","slug":"iyilikle-degisir-dunya","status":"publish","type":"product","link":"https:\/\/roveyayinevi.com.tr\/index.php\/urun\/iyilikle-degisir-dunya\/","title":{"rendered":"\u0130yilikle De\u011fi\u015fir D\u00fcnya"},"content":{"rendered":"<p>Bir \u015feyler yapmal\u0131 insanl\u0131k i\u00e7in, canl\u0131lar i\u00e7in, d\u00fcnya i\u00e7in\u2026 Bir ad\u0131m at\u0131lmal\u0131 d\u00fcnyam\u0131z\u0131 \u00e7epe\u00e7evre saran karanl\u0131klar\u0131 yok etmek i\u00e7in\u2026 Bir g\u00fczel dokunu\u015f gerek herkese ve her \u015feye ki ald\u0131\u011f\u0131m\u0131z nefesler anlam bulabilsin\u2026 \u015eu anda insano\u011flu olarak o kadar \u00e7ok ihtiyac\u0131m\u0131z var ki iyiliklere, iyi d\u00fc\u015f\u00fcnmeye ve iyi \u015feyler yapmaya\u2026 O nedenle bir \u015feyler yapmal\u0131 iyilik ad\u0131na ve insanl\u0131k nam\u0131na\u2026 Sen i\u00e7indeki iyi taraflar\u0131 ortaya \u00e7\u0131kar de\u011fi\u015fir insanlar De\u011fi\u015fir canl\u0131lar! De\u011fi\u015fir d\u00fcnya! L\u00fctfen, iyi d\u00fc\u015f\u00fcn \u00e7\u00fcnk\u00fc iyilikle de\u011fi\u015fir d\u00fcnya! <\/p>\n","protected":false},"excerpt":{"rendered":"<p>Bir \u015feyler yapmal\u0131 insanl\u0131k i\u00e7in, canl\u0131lar i\u00e7in, d\u00fcnya i\u00e7in\u2026 Bir ad\u0131m at\u0131lmal\u0131 d\u00fcnyam\u0131z\u0131 \u00e7epe\u00e7evre saran karanl\u0131klar\u0131 yok etmek i\u00e7in\u2026 Bir g\u00fczel dokunu\u015f gerek herkese ve her<span class=\"excerpt-hellip\"> [\u2026]<\/span><\/p>\n","protected":false},"featured_media":0,"template":"","meta":{"_monsterinsights_skip_tracking":false,"_monsterinsights_sitenote_active":false,"_monsterinsights_sitenote_note":"","_monsterinsights_sitenote_category":0},"product_brand":[],"product_cat":[12364,12376],"product_tag":[],"class_list":{"0":"post-755268","1":"product","2":"type-product","3":"status-publish","5":"product_cat-genel-konular","6":"product_cat-kisisel-gelisim","7":"pa_cilt-ciltsiz","8":"pa_tur-kitap","9":"pa_yayinevi-yediveren-yayinlari","10":"pa_yazar-emirhan-ozhan","12":"first","13":"instock","14":"sale","15":"shipping-taxable","16":"purchasable","17":"product-type-simple"},"_links":{"self":[{"href":"https:\/\/roveyayinevi.com.tr\/index.php\/wp-json\/wp\/v2\/product\/755268","targetHints":{"allow":["GET"]}}],"collection":[{"href":"https:\/\/roveyayinevi.com.tr\/index.php\/wp-json\/wp\/v2\/product"}],"about":[{"href":"https:\/\/roveyayinevi.com.tr\/index.php\/wp-json\/wp\/v2\/types\/product"}],"wp:attachment":[{"href":"https:\/\/roveyayinevi.com.tr\/index.php\/wp-json\/wp\/v2\/media?parent=755268"}],"wp:term":[{"taxonomy":"product_brand","embeddable":true,"href":"https:\/\/roveyayinevi.com.tr\/index.php\/wp-json\/wp\/v2\/product_brand?post=755268"},{"taxonomy":"product_cat","embeddable":true,"href":"https:\/\/roveyayinevi.com.tr\/index.php\/wp-json\/wp\/v2\/product_cat?post=755268"},{"taxonomy":"product_tag","embeddable":true,"href":"https:\/\/roveyayinevi.com.tr\/index.php\/wp-json\/wp\/v2\/product_tag?post=755268"}],"curies":[{"name":"wp","href":"https:\/\/api.w.org\/{rel}","templated":true}]}}