{"id":755267,"date":"2025-08-28T06:34:57","date_gmt":"2025-08-28T03:34:57","guid":{"rendered":"https:\/\/roveyayinevi.com.tr\/index.php\/urun\/enkaz-2\/"},"modified":"2026-04-16T03:08:25","modified_gmt":"2026-04-16T00:08:25","slug":"enkaz-2","status":"publish","type":"product","link":"https:\/\/roveyayinevi.com.tr\/index.php\/urun\/enkaz-2\/","title":{"rendered":"Enkaz"},"content":{"rendered":"<p>Her \u015fey bir gecede yok olup gidince sabah sanki insanl\u0131k uyanm\u0131\u015ft\u0131. O kadar insan\u0131z ki hi\u00e7bir \u015feyimiz yok. O kadar insan\u0131z ki hepimiz muhtac\u0131z. Hatta yard\u0131ma ko\u015fanlar bile\u2026 O kadar \u00e7aresiz bir h\u00e2ldeyiz ki hayatta kalanlar i\u00e7in sevin\u00e7 g\u00f6zya\u015flar\u0131 d\u00f6k\u00fcyoruz. Oysa hepsi hayattayd\u0131 zaten.Kimisi kolunu, kimisi baca\u011f\u0131n\u0131 kaybetmi\u015f ama biz, hayat onlar i\u00e7in h\u00e2l\u00e2 devam ediyor diye seviniyoruz. \u00c7ocu\u011funu kaybetmi\u015f anneler, babalar a\u011flamaya utan\u0131yorlar daha b\u00fcy\u00fck ac\u0131lar\u0131 olanlar\u0131 d\u00fc\u015f\u00fcnerek. Yas tutmaya utan\u0131yorlar. Dillerini, yumru oturmu\u015f bo\u011fazlar\u0131n\u0131 de\u011fil de g\u00f6zlerini tutuyorlar. Bak\u0131nca anl\u0131yorum g\u00f6zlerini tutanlar\u0131, onlar\u0131n yerine a\u011flamak istiyorum.Ah, ben nas\u0131l sar\u0131p sarmalasam onlar\u0131?Romanlar\u0131 ve hik\u00e2yeleriyle kalplerinize dokunan Kahraman Tazeo\u011flu, &#8220;Enkaz&#8221; kitab\u0131yla sizi deprem ger\u00e7ekleriyle y\u00fczle\u015ftiriyor.<\/p>\n","protected":false},"excerpt":{"rendered":"<p>Her \u015fey bir gecede yok olup gidince sabah sanki insanl\u0131k uyanm\u0131\u015ft\u0131. O kadar insan\u0131z ki hi\u00e7bir \u015feyimiz yok. O kadar insan\u0131z ki hepimiz muhtac\u0131z. Hatta yard\u0131ma<span class=\"excerpt-hellip\"> [\u2026]<\/span><\/p>\n","protected":false},"featured_media":0,"template":"","meta":{"_monsterinsights_skip_tracking":false,"_monsterinsights_sitenote_active":false,"_monsterinsights_sitenote_note":"","_monsterinsights_sitenote_category":0},"product_brand":[],"product_cat":[12291,12711],"product_tag":[],"class_list":{"0":"post-755267","1":"product","2":"type-product","3":"status-publish","5":"product_cat-edebiyat","6":"product_cat-roman-oyku","7":"pa_cilt-ciltsiz","8":"pa_tur-kitap","9":"pa_yayinevi-yediveren-yayinlari","10":"pa_yazar-kahraman-tazeoglu","12":"first","13":"instock","14":"sale","15":"shipping-taxable","16":"purchasable","17":"product-type-simple"},"_links":{"self":[{"href":"https:\/\/roveyayinevi.com.tr\/index.php\/wp-json\/wp\/v2\/product\/755267","targetHints":{"allow":["GET"]}}],"collection":[{"href":"https:\/\/roveyayinevi.com.tr\/index.php\/wp-json\/wp\/v2\/product"}],"about":[{"href":"https:\/\/roveyayinevi.com.tr\/index.php\/wp-json\/wp\/v2\/types\/product"}],"wp:attachment":[{"href":"https:\/\/roveyayinevi.com.tr\/index.php\/wp-json\/wp\/v2\/media?parent=755267"}],"wp:term":[{"taxonomy":"product_brand","embeddable":true,"href":"https:\/\/roveyayinevi.com.tr\/index.php\/wp-json\/wp\/v2\/product_brand?post=755267"},{"taxonomy":"product_cat","embeddable":true,"href":"https:\/\/roveyayinevi.com.tr\/index.php\/wp-json\/wp\/v2\/product_cat?post=755267"},{"taxonomy":"product_tag","embeddable":true,"href":"https:\/\/roveyayinevi.com.tr\/index.php\/wp-json\/wp\/v2\/product_tag?post=755267"}],"curies":[{"name":"wp","href":"https:\/\/api.w.org\/{rel}","templated":true}]}}