{"id":755263,"date":"2025-08-28T06:34:50","date_gmt":"2025-08-28T03:34:50","guid":{"rendered":"https:\/\/roveyayinevi.com.tr\/index.php\/urun\/duvar-6\/"},"modified":"2026-04-13T03:14:51","modified_gmt":"2026-04-13T00:14:51","slug":"duvar-6","status":"publish","type":"product","link":"https:\/\/roveyayinevi.com.tr\/index.php\/urun\/duvar-6\/","title":{"rendered":"Duvar"},"content":{"rendered":"<p>Orta ya\u015fl\u0131 bir kad\u0131n, kuzini Luise ve kocas\u0131 Hugo\u2019yla birlikte da\u011fda, onlar\u0131n av k\u00f6\u015fk\u00fcnde birka\u00e7 g\u00fcn ge\u00e7irmek ister. Var\u0131\u015flar\u0131n\u0131n ard\u0131ndan \u00e7ift kom\u015fu k\u00f6ye y\u00fcr\u00fcy\u00fc\u015fe \u00e7\u0131kar ama geri d\u00f6nmez. Ertesi sabah kad\u0131n a\u015f\u0131lamaz, g\u00f6r\u00fcnmez, saydam bir duvara \u00e7arpar: Duvar\u0131n arkas\u0131nda \u00f6l\u00fc kat\u0131l\u0131\u011f\u0131 h\u00e2kimdir. Kad\u0131n d\u00fcnyan\u0131n geri kalan\u0131ndan tecrit edilmi\u015f, dar ve s\u0131n\u0131rland\u0131r\u0131lm\u0131\u015f do\u011fa par\u00e7as\u0131n\u0131n ortas\u0131nda, \u00e7evresinde kendisine yana\u015fan bir k\u00f6pek, bir inek ve bir kediyle birlikte hayatta kalabilmek i\u00e7in bir d\u00fczen kurmaya, \u201cyeni hayat\u201d\u0131na y\u00f6n vermeye \u00e7al\u0131\u015f\u0131r.  1963 Arthur Schnitzler \u00d6d\u00fcl\u00fc\u2019ne de\u011fer g\u00f6r\u00fclen, Marlen Haushofer\u2019in en sevilen roman\u0131 DUVAR kendi i\u00e7inde s\u0131k\u0131\u015f\u0131p kalm\u0131\u015f modern insan\u0131n varolu\u015fsal yaln\u0131zl\u0131\u011f\u0131n\u0131 betimlerken, insan\u0131n h\u00fck\u00fcm s\u00fcrd\u00fc\u011f\u00fc d\u00fcnyada ancak bir metafor olmaktan kurtar\u0131ld\u0131\u011f\u0131nda saydamla\u015fan \u201cduvar\u201d\u0131n arkas\u0131ndaki yaln\u0131zl\u0131\u011f\u0131 biraz olsun dindirecek bir beceriye de i\u015faret ediyor: Sevgi.   DUVAR: Nefes kesici bir hayatta kalma \u00f6yk\u00fcs\u00fc, So\u011fuk Sava\u015f d\u00f6nemini an\u0131\u015ft\u0131ran distopik bir macera, ak\u0131ldan \u00e7\u0131kmayacak bir feminist bilimkurgu ba\u015fyap\u0131t\u0131. *Klaus Antes\u2019in sons\u00f6z\u00fcyle   ROBINSON CRUSOE kadar s\u00fcr\u00fckleyici. Doris Lessing   DUVAR, anlat\u0131c\u0131 yeni bir topluluk olu\u015fturduk\u00e7a yava\u015f yava\u015f \u00fctopya roman\u0131na d\u00f6n\u00fc\u015fen bir distopya roman\u0131. Haushofer\u2019in hayvan do\u011fas\u0131n\u0131 yurt edinme bi\u00e7imi son derece sevgi dolu ve \u00f6zgeci&#8230; Yabans\u0131 ve ola\u011fan\u00fcst\u00fc. James Wood <\/p>\n","protected":false},"excerpt":{"rendered":"<p>Orta ya\u015fl\u0131 bir kad\u0131n, kuzini Luise ve kocas\u0131 Hugo\u2019yla birlikte da\u011fda, onlar\u0131n av k\u00f6\u015fk\u00fcnde birka\u00e7 g\u00fcn ge\u00e7irmek ister. Var\u0131\u015flar\u0131n\u0131n ard\u0131ndan \u00e7ift kom\u015fu k\u00f6ye y\u00fcr\u00fcy\u00fc\u015fe \u00e7\u0131kar ama<span class=\"excerpt-hellip\"> [\u2026]<\/span><\/p>\n","protected":false},"featured_media":0,"template":"","meta":{"_monsterinsights_skip_tracking":false,"_monsterinsights_sitenote_active":false,"_monsterinsights_sitenote_note":"","_monsterinsights_sitenote_category":0},"product_brand":[],"product_cat":[12291,12711],"product_tag":[],"class_list":{"0":"post-755263","1":"product","2":"type-product","3":"status-publish","5":"product_cat-edebiyat","6":"product_cat-roman-oyku","7":"pa_cilt-ciltsiz","8":"pa_tur-kitap","9":"pa_yayinevi-yapi-kredi-yayinlari","10":"pa_yazar-marlen-haushofer","12":"first","13":"instock","14":"sale","15":"shipping-taxable","16":"purchasable","17":"product-type-simple"},"_links":{"self":[{"href":"https:\/\/roveyayinevi.com.tr\/index.php\/wp-json\/wp\/v2\/product\/755263","targetHints":{"allow":["GET"]}}],"collection":[{"href":"https:\/\/roveyayinevi.com.tr\/index.php\/wp-json\/wp\/v2\/product"}],"about":[{"href":"https:\/\/roveyayinevi.com.tr\/index.php\/wp-json\/wp\/v2\/types\/product"}],"wp:attachment":[{"href":"https:\/\/roveyayinevi.com.tr\/index.php\/wp-json\/wp\/v2\/media?parent=755263"}],"wp:term":[{"taxonomy":"product_brand","embeddable":true,"href":"https:\/\/roveyayinevi.com.tr\/index.php\/wp-json\/wp\/v2\/product_brand?post=755263"},{"taxonomy":"product_cat","embeddable":true,"href":"https:\/\/roveyayinevi.com.tr\/index.php\/wp-json\/wp\/v2\/product_cat?post=755263"},{"taxonomy":"product_tag","embeddable":true,"href":"https:\/\/roveyayinevi.com.tr\/index.php\/wp-json\/wp\/v2\/product_tag?post=755263"}],"curies":[{"name":"wp","href":"https:\/\/api.w.org\/{rel}","templated":true}]}}