{"id":755262,"date":"2025-08-28T06:34:49","date_gmt":"2025-08-28T03:34:49","guid":{"rendered":"https:\/\/roveyayinevi.com.tr\/index.php\/urun\/kisaca-moskova\/"},"modified":"2026-04-16T03:08:25","modified_gmt":"2026-04-16T00:08:25","slug":"kisaca-moskova","status":"publish","type":"product","link":"https:\/\/roveyayinevi.com.tr\/index.php\/urun\/kisaca-moskova\/","title":{"rendered":"K\u0131saca Moskova"},"content":{"rendered":"<p>Moskova 14. y\u00fczy\u0131ldan ba\u015flayarak yava\u015f yava\u015f Kremlin\u2019in etraf\u0131nda b\u00fcy\u00fcd\u00fc. Uzun y\u0131llar \u00c7arl\u0131k d\u00f6nemi Rusya\u2019s\u0131 ve Sovyetler Birli\u011fi\u2019nin ba\u015fkenti olan bu \u00e7ekici kent g\u00fcn\u00fcm\u00fczde de \u00f6nemli bir siyaset, ekonomi, k\u00fclt\u00fcr ve bilim merkezidir. Caroline Brooke, Moskova\u2019n\u0131n y\u0131llar i\u00e7inde nas\u0131l kendini yeniden ke\u015ffetti\u011fini ve \u015fehri kendilerine yurt edinen bir\u00e7ok sanat\u00e7\u0131, yazar ve besteci \u00fczerinde yaratt\u0131\u011f\u0131 b\u00fcy\u00fcy\u00fc inceliyor. Ge\u00e7en y\u00fczy\u0131llar i\u00e7inde \u00e7ok say\u0131da isim alm\u0131\u015ft\u0131r: Ortodoks Kilisesi\u2019nin en \u00f6nemli merkezlerinden biri olmas\u0131 nedeniyle Kutsal Moskova ya da \u00dc\u00e7\u00fcnc\u00fc Roma; insanlar\u0131n toplan\u0131p bardak bardak \u00e7ay, tas tas \u00e7orba i\u00e7ti\u011fi ve muazzam miktarlarda b\u00f6rek ve g\u00f6zleme yedi\u011fi meyhanelerin Moskova\u2019s\u0131; daha sonraki d\u00f6nemlerde ise tekstil ticaretindeki \u00fcst\u00fcnl\u00fc\u011f\u00fc nedeniyle Kaliko Moskova\u2019s\u0131. 19. y\u00fczy\u0131lda ve 20. y\u00fczy\u0131l\u0131n ba\u015flar\u0131nda \u015fehre ak\u0131n eden k\u00f6yl\u00fc g\u00f6\u00e7menler nedeniyle \u201cb\u00fcy\u00fck bir k\u00f6y\u201d olarak tan\u0131mlanan Moskova, Sovyet d\u00f6neminde ise \u00dc\u00e7\u00fcnc\u00fc Enternasyonel\u2019in merkezi olmas\u0131ndan m\u00fctevellit kom\u00fcnizmle e\u015fanlaml\u0131 olarak g\u00f6r\u00fclmeye ba\u015flad\u0131. <\/p>\n","protected":false},"excerpt":{"rendered":"<p>Moskova 14. y\u00fczy\u0131ldan ba\u015flayarak yava\u015f yava\u015f Kremlin\u2019in etraf\u0131nda b\u00fcy\u00fcd\u00fc. Uzun y\u0131llar \u00c7arl\u0131k d\u00f6nemi Rusya\u2019s\u0131 ve Sovyetler Birli\u011fi\u2019nin ba\u015fkenti olan bu \u00e7ekici kent g\u00fcn\u00fcm\u00fczde de \u00f6nemli bir<span class=\"excerpt-hellip\"> [\u2026]<\/span><\/p>\n","protected":false},"featured_media":0,"template":"","meta":{"_monsterinsights_skip_tracking":false,"_monsterinsights_sitenote_active":false,"_monsterinsights_sitenote_note":"","_monsterinsights_sitenote_category":0},"product_brand":[],"product_cat":[12304],"product_tag":[],"class_list":{"0":"post-755262","1":"product","2":"type-product","3":"status-publish","5":"product_cat-tarih","6":"pa_cilt-ciltsiz","7":"pa_tur-kitap","8":"pa_yayinevi-say-yayinlari","9":"pa_yazar-caroline-brooke","11":"first","12":"instock","13":"sale","14":"shipping-taxable","15":"purchasable","16":"product-type-simple"},"_links":{"self":[{"href":"https:\/\/roveyayinevi.com.tr\/index.php\/wp-json\/wp\/v2\/product\/755262","targetHints":{"allow":["GET"]}}],"collection":[{"href":"https:\/\/roveyayinevi.com.tr\/index.php\/wp-json\/wp\/v2\/product"}],"about":[{"href":"https:\/\/roveyayinevi.com.tr\/index.php\/wp-json\/wp\/v2\/types\/product"}],"wp:attachment":[{"href":"https:\/\/roveyayinevi.com.tr\/index.php\/wp-json\/wp\/v2\/media?parent=755262"}],"wp:term":[{"taxonomy":"product_brand","embeddable":true,"href":"https:\/\/roveyayinevi.com.tr\/index.php\/wp-json\/wp\/v2\/product_brand?post=755262"},{"taxonomy":"product_cat","embeddable":true,"href":"https:\/\/roveyayinevi.com.tr\/index.php\/wp-json\/wp\/v2\/product_cat?post=755262"},{"taxonomy":"product_tag","embeddable":true,"href":"https:\/\/roveyayinevi.com.tr\/index.php\/wp-json\/wp\/v2\/product_tag?post=755262"}],"curies":[{"name":"wp","href":"https:\/\/api.w.org\/{rel}","templated":true}]}}