{"id":755260,"date":"2025-08-28T06:34:46","date_gmt":"2025-08-28T03:34:46","guid":{"rendered":"https:\/\/roveyayinevi.com.tr\/index.php\/urun\/cocuklarla-konusma-sanati\/"},"modified":"2026-04-16T03:08:25","modified_gmt":"2026-04-16T00:08:25","slug":"cocuklarla-konusma-sanati","status":"publish","type":"product","link":"https:\/\/roveyayinevi.com.tr\/index.php\/urun\/cocuklarla-konusma-sanati\/","title":{"rendered":"\u00c7ocuklarla Konu\u015fma Sanat\u0131"},"content":{"rendered":"<p>Bu kitap, \u00e7ocuklarla daha etkili ileti\u015fim kurulabilmesi i\u00e7in tecr\u00fcbelere dayal\u0131 y\u00f6ntemler sunan ve \u00e7ocuklar\u0131n, \u00e7at\u0131\u015fmas\u0131 az, ne\u015fesi bol, huzurlu ili\u015fkiler geli\u015ftirmelerine olanak tan\u0131yan bir rehber. Bilim; \u00e7ocuklar\u0131m\u0131z\u0131n ba\u011f\u0131ms\u0131z, \u00f6zg\u00fcvenli, nazik, empati sahibi ve mutlu olmalar\u0131n\u0131 sa\u011flaman\u0131n en iyi yolunun, onlarla konu\u015fmak oldu\u011funu g\u00f6sterse de \u00e7o\u011fu zaman ebeveynler ya da e\u011fitimciler ileti\u015fim kurmakta sorun ya\u015f\u0131yor. Konu\u015fmalar de\u011fersiz, zoraki ya da \u00e7at\u0131\u015fmalarla dolu olabiliyor. Harvard \u00dcniversitesi \u00f6\u011fretim \u00fcyesi, konu\u015fma patolo\u011fu ve bir anne olarak Rebecca Rolland \u00c7ocuklarla Konu\u015fma Sanat\u0131\u2019nda yeti\u015fkinlere, her ya\u015ftan \u00e7ocukla verimli ve faydal\u0131 ileti\u015fim kurabilmenin ya da geli\u015fme \u00e7a\u011f\u0131ndaki \u00e7ocuklar\u0131 ileti\u015fim kurmaya ikna etmenin yollar\u0131n\u0131 sunuyor. Ayr\u0131ca nitelikli ileti\u015fimin, \u00e7ocuk geli\u015fiminde ihtiya\u00e7 duyulan yetenek ve kapasiteyi geli\u015ftirme \u00fczerindeki etkisini g\u00f6zler \u00f6n\u00fcne seriyor. <\/p>\n","protected":false},"excerpt":{"rendered":"<p>Bu kitap, \u00e7ocuklarla daha etkili ileti\u015fim kurulabilmesi i\u00e7in tecr\u00fcbelere dayal\u0131 y\u00f6ntemler sunan ve \u00e7ocuklar\u0131n, \u00e7at\u0131\u015fmas\u0131 az, ne\u015fesi bol, huzurlu ili\u015fkiler geli\u015ftirmelerine olanak tan\u0131yan bir rehber. Bilim;<span class=\"excerpt-hellip\"> [\u2026]<\/span><\/p>\n","protected":false},"featured_media":0,"template":"","meta":{"_monsterinsights_skip_tracking":false,"_monsterinsights_sitenote_active":false,"_monsterinsights_sitenote_note":"","_monsterinsights_sitenote_category":0},"product_brand":[],"product_cat":[12357],"product_tag":[],"class_list":{"0":"post-755260","1":"product","2":"type-product","3":"status-publish","5":"product_cat-psikoloji","6":"pa_cilt-ciltsiz","7":"pa_tur-kitap","8":"pa_yayinevi-say-yayinlari","9":"pa_yazar-rebecca-rolland","11":"first","12":"instock","13":"sale","14":"shipping-taxable","15":"purchasable","16":"product-type-simple"},"_links":{"self":[{"href":"https:\/\/roveyayinevi.com.tr\/index.php\/wp-json\/wp\/v2\/product\/755260","targetHints":{"allow":["GET"]}}],"collection":[{"href":"https:\/\/roveyayinevi.com.tr\/index.php\/wp-json\/wp\/v2\/product"}],"about":[{"href":"https:\/\/roveyayinevi.com.tr\/index.php\/wp-json\/wp\/v2\/types\/product"}],"wp:attachment":[{"href":"https:\/\/roveyayinevi.com.tr\/index.php\/wp-json\/wp\/v2\/media?parent=755260"}],"wp:term":[{"taxonomy":"product_brand","embeddable":true,"href":"https:\/\/roveyayinevi.com.tr\/index.php\/wp-json\/wp\/v2\/product_brand?post=755260"},{"taxonomy":"product_cat","embeddable":true,"href":"https:\/\/roveyayinevi.com.tr\/index.php\/wp-json\/wp\/v2\/product_cat?post=755260"},{"taxonomy":"product_tag","embeddable":true,"href":"https:\/\/roveyayinevi.com.tr\/index.php\/wp-json\/wp\/v2\/product_tag?post=755260"}],"curies":[{"name":"wp","href":"https:\/\/api.w.org\/{rel}","templated":true}]}}