{"id":755259,"date":"2025-08-28T06:34:44","date_gmt":"2025-08-28T03:34:44","guid":{"rendered":"https:\/\/roveyayinevi.com.tr\/index.php\/urun\/kizil-iblisin-donusu-3\/"},"modified":"2026-04-16T03:08:25","modified_gmt":"2026-04-16T00:08:25","slug":"kizil-iblisin-donusu-3","status":"publish","type":"product","link":"https:\/\/roveyayinevi.com.tr\/index.php\/urun\/kizil-iblisin-donusu-3\/","title":{"rendered":"K\u0131z\u0131l \u0130blis\u2019in D\u00f6n\u00fc\u015f\u00fc 3"},"content":{"rendered":"<p>Canavarlar ve do\u011fa\u00fcst\u00fc\u0308 g\u00fc\u00e7lerin yaln\u0131zca ge\u00e7mi\u015fte kalmad\u0131\u011f\u0131ndan emin olan Kang Jinho, art\u0131k hayat\u0131n\u0131n yeni bir evresine ge\u00e7iyor! Askerlik mi?! \u015eimdiye kadar hi\u00e7 kar\u015f\u0131la\u015fmad\u0131\u011f\u0131 olaylar ve yepyeni deneyimler! Peki tan\u0131\u015ft\u0131\u011f\u0131 ki\u015filerle anla\u015fabilecek mi? Acaba ald\u0131\u011f\u0131 kararlar onu neye g\u00f6t\u00fcrecek? <\/p>\n","protected":false},"excerpt":{"rendered":"<p>Canavarlar ve do\u011fa\u00fcst\u00fc\u0308 g\u00fc\u00e7lerin yaln\u0131zca ge\u00e7mi\u015fte kalmad\u0131\u011f\u0131ndan emin olan Kang Jinho, art\u0131k hayat\u0131n\u0131n yeni bir evresine ge\u00e7iyor! Askerlik mi?! \u015eimdiye kadar hi\u00e7 kar\u015f\u0131la\u015fmad\u0131\u011f\u0131 olaylar ve yepyeni<span class=\"excerpt-hellip\"> [\u2026]<\/span><\/p>\n","protected":false},"featured_media":0,"template":"","meta":{"_monsterinsights_skip_tracking":false,"_monsterinsights_sitenote_active":false,"_monsterinsights_sitenote_note":"","_monsterinsights_sitenote_category":0},"product_brand":[],"product_cat":[12416,12291],"product_tag":[],"class_list":{"0":"post-755259","1":"product","2":"type-product","3":"status-publish","5":"product_cat-cizgi-roman","6":"product_cat-edebiyat","7":"pa_cilt-ciltsiz","8":"pa_tur-kitap","9":"pa_yayinevi-athica-yayinlari","10":"pa_yazar-azi-wolbaek","12":"first","13":"instock","14":"sale","15":"shipping-taxable","16":"purchasable","17":"product-type-simple"},"_links":{"self":[{"href":"https:\/\/roveyayinevi.com.tr\/index.php\/wp-json\/wp\/v2\/product\/755259","targetHints":{"allow":["GET"]}}],"collection":[{"href":"https:\/\/roveyayinevi.com.tr\/index.php\/wp-json\/wp\/v2\/product"}],"about":[{"href":"https:\/\/roveyayinevi.com.tr\/index.php\/wp-json\/wp\/v2\/types\/product"}],"wp:attachment":[{"href":"https:\/\/roveyayinevi.com.tr\/index.php\/wp-json\/wp\/v2\/media?parent=755259"}],"wp:term":[{"taxonomy":"product_brand","embeddable":true,"href":"https:\/\/roveyayinevi.com.tr\/index.php\/wp-json\/wp\/v2\/product_brand?post=755259"},{"taxonomy":"product_cat","embeddable":true,"href":"https:\/\/roveyayinevi.com.tr\/index.php\/wp-json\/wp\/v2\/product_cat?post=755259"},{"taxonomy":"product_tag","embeddable":true,"href":"https:\/\/roveyayinevi.com.tr\/index.php\/wp-json\/wp\/v2\/product_tag?post=755259"}],"curies":[{"name":"wp","href":"https:\/\/api.w.org\/{rel}","templated":true}]}}