{"id":755258,"date":"2025-08-28T06:34:43","date_gmt":"2025-08-28T03:34:43","guid":{"rendered":"https:\/\/roveyayinevi.com.tr\/index.php\/urun\/dus-uykunun-bekcisidir-sigmund-freud\/"},"modified":"2026-04-16T03:08:25","modified_gmt":"2026-04-16T00:08:25","slug":"dus-uykunun-bekcisidir-sigmund-freud","status":"publish","type":"product","link":"https:\/\/roveyayinevi.com.tr\/index.php\/urun\/dus-uykunun-bekcisidir-sigmund-freud\/","title":{"rendered":"D\u00fc\u015f Uykunun Bek\u00e7isidir-Sigmund Freud"},"content":{"rendered":"<p>\u201cTIPKI F\u0130Z\u0130KSEL OLAN G\u0130B\u0130 RUHSAL OLANIN DA GER\u00c7EKTE B\u0130ZE G\u00d6R\u00dcND\u00dc\u011e\u00dc \u015eEK\u0130LDE OLMASI GEREKMEZ.\u201d   Psikanalizin kurucusu ve bilin\u00e7d\u0131\u015f\u0131n\u0131n k\u00e2\u015fifi Sigmund Freud, insanl\u0131k tarihinin g\u00f6rd\u00fc\u011f\u00fc en etkili entelekt\u00fcellerden biridir. Bir hekim olarak ba\u015flayan kariyeri din, rit\u00fcel, mit, masal, d\u00fc\u015f ve sanat gibi alanlara uzan\u0131r. Onun eseri olan psikanaliz, birbirinden alabildi\u011fine farkl\u0131 g\u00f6r\u00fcnen bu alanlar\u0131 birbirine ba\u011flayan bir kuramd\u0131r.   Sigmund Freud bir taraftan insan\u0131n zihin yap\u0131s\u0131n\u0131 a\u00e7\u0131klamay\u0131, di\u011fer taraftan insan uygarl\u0131klar\u0131n\u0131 masum ve gizemli g\u00f6steren b\u00fcy\u00fcy\u00fc da\u011f\u0131tmay\u0131 dener. \u0130nsan zihninin kendisi hakk\u0131nda yan\u0131labildi\u011fini bize \u00f6\u011freten psikanalizin ortaya \u00e7\u0131k\u0131\u015f\u0131ndan beri, art\u0131k herkes biraz hasta, her bak\u0131\u015f a\u00e7\u0131s\u0131 biraz \u015f\u00fcphelidir, en ba\u015fta da uygarl\u0131klar.   Sigmund Freud\u2019un kendi \u00e7ocukluk an\u0131lar\u0131 ve d\u00fc\u015fleri psikanalizin ilk malzemeleriydi. Bu y\u00fczden psikanalizi anlaman\u0131n yolu, onun zor ve sanc\u0131l\u0131 ya\u015fam\u0131n\u0131 incelemekten ge\u00e7er. Bu kitap sizi, Freud\u2019u yeni ve \u015fa\u015f\u0131rt\u0131c\u0131 y\u00f6nleriyle g\u00f6rmeye ve psikanalizi en yal\u0131n haliyle anlamaya davet ediyor. <\/p>\n","protected":false},"excerpt":{"rendered":"<p>\u201cTIPKI F\u0130Z\u0130KSEL OLAN G\u0130B\u0130 RUHSAL OLANIN DA GER\u00c7EKTE B\u0130ZE G\u00d6R\u00dcND\u00dc\u011e\u00dc \u015eEK\u0130LDE OLMASI GEREKMEZ.\u201d Psikanalizin kurucusu ve bilin\u00e7d\u0131\u015f\u0131n\u0131n k\u00e2\u015fifi Sigmund Freud, insanl\u0131k tarihinin g\u00f6rd\u00fc\u011f\u00fc en etkili entelekt\u00fcellerden<span class=\"excerpt-hellip\"> [\u2026]<\/span><\/p>\n","protected":false},"featured_media":0,"template":"","meta":{"_monsterinsights_skip_tracking":false,"_monsterinsights_sitenote_active":false,"_monsterinsights_sitenote_note":"","_monsterinsights_sitenote_category":0},"product_brand":[],"product_cat":[12358,12357],"product_tag":[],"class_list":{"0":"post-755258","1":"product","2":"type-product","3":"status-publish","5":"product_cat-genel-psikoloji","6":"product_cat-psikoloji","7":"pa_cilt-ciltsiz","8":"pa_tur-kitap","9":"pa_yayinevi-destek-yayinlari","10":"pa_yazar-firat-ilim","12":"first","13":"instock","14":"sale","15":"shipping-taxable","16":"purchasable","17":"product-type-simple"},"_links":{"self":[{"href":"https:\/\/roveyayinevi.com.tr\/index.php\/wp-json\/wp\/v2\/product\/755258","targetHints":{"allow":["GET"]}}],"collection":[{"href":"https:\/\/roveyayinevi.com.tr\/index.php\/wp-json\/wp\/v2\/product"}],"about":[{"href":"https:\/\/roveyayinevi.com.tr\/index.php\/wp-json\/wp\/v2\/types\/product"}],"wp:attachment":[{"href":"https:\/\/roveyayinevi.com.tr\/index.php\/wp-json\/wp\/v2\/media?parent=755258"}],"wp:term":[{"taxonomy":"product_brand","embeddable":true,"href":"https:\/\/roveyayinevi.com.tr\/index.php\/wp-json\/wp\/v2\/product_brand?post=755258"},{"taxonomy":"product_cat","embeddable":true,"href":"https:\/\/roveyayinevi.com.tr\/index.php\/wp-json\/wp\/v2\/product_cat?post=755258"},{"taxonomy":"product_tag","embeddable":true,"href":"https:\/\/roveyayinevi.com.tr\/index.php\/wp-json\/wp\/v2\/product_tag?post=755258"}],"curies":[{"name":"wp","href":"https:\/\/api.w.org\/{rel}","templated":true}]}}