{"id":755255,"date":"2025-08-28T06:34:37","date_gmt":"2025-08-28T03:34:37","guid":{"rendered":"https:\/\/roveyayinevi.com.tr\/index.php\/urun\/bab-ul-ask\/"},"modified":"2026-04-16T03:08:25","modified_gmt":"2026-04-16T00:08:25","slug":"bab-ul-ask","status":"publish","type":"product","link":"https:\/\/roveyayinevi.com.tr\/index.php\/urun\/bab-ul-ask\/","title":{"rendered":"Bab-\u00fcl A\u015fk"},"content":{"rendered":"<p>Hayat \u00f6nce ilim, sonra de\u011fi\u015fim, finalde de d\u00f6n\u00fc\u015f\u00fcmd\u00fcr. \u0130lk iki ad\u0131m her zaman geriye d\u00f6nebilir ama son ad\u0131m\u0131 att\u0131ysan geri d\u00f6n\u00fc\u015f\u00fcn yoktur, t\u0131pk\u0131 kelebe\u011fe d\u00f6n\u00fc\u015fen t\u0131rt\u0131l\u0131n bir daha kozaya d\u00f6nememesi gibi&#8230; Gizem ya\u015fad\u0131\u011f\u0131 travmadan sonra eve kapanm\u0131\u015f, sosyal hayattan elini aya\u011f\u0131n\u0131 \u00e7ekmi\u015ftir. S\u00fcrekli ya\u015fam\u0131 ve \u00f6l\u00fcm\u00fc sorgulamakta, soluk al\u0131p vermek i\u00e7in bir ama\u00e7 bulmaya \u00e7al\u0131\u015fmaktad\u0131r. Tam o s\u0131rada garip r\u00fcyalar g\u00f6rmeye ba\u015flar. Yak\u0131n arkada\u015f\u0131 Elif ile gitti\u011fi \u015eebiarus t\u00f6reninden sonra g\u00f6rd\u00fc\u011f\u00fc r\u00fcyalar\u0131n pe\u015fine tak\u0131lan Gizem hi\u00e7 bilmedi\u011fi bir gizemler ve s\u0131rlar \u00e2lemine ad\u0131m atar. Tek amac\u0131 kendini bilmek, bulmak ve kendini ger\u00e7ekle\u015ftirmektir. Bu yolculukta bir dost yan\u0131nda belirir ve elinden tutar. Art\u0131k kozas\u0131ndan \u00e7\u0131kmak ve kanatlar\u0131n\u0131 a\u00e7mak zorundad\u0131r \u00e7\u00fcnk\u00fc bu yoldan geriye d\u00f6n\u00fc\u015f yoktur. Gizem d\u00f6rt kap\u0131, yedi mertebe ve yedi vadinin yoluna ba\u015f koymu\u015ftur! \u201cGer\u00e7ekte birdir benimle senin can\u0131n Hem ortaday\u0131z hem gizli, oyunu bu devran\u0131n Haml\u0131\u011f\u0131mdan h\u00e2l\u00e2 ben ve sen diyorum Ne sen kald\u0131 ne ben, onlar sadece bu d\u00fcnyan\u0131n.\u201d \u2013 Hz. Mevlana <\/p>\n","protected":false},"excerpt":{"rendered":"<p>Hayat \u00f6nce ilim, sonra de\u011fi\u015fim, finalde de d\u00f6n\u00fc\u015f\u00fcmd\u00fcr. \u0130lk iki ad\u0131m her zaman geriye d\u00f6nebilir ama son ad\u0131m\u0131 att\u0131ysan geri d\u00f6n\u00fc\u015f\u00fcn yoktur, t\u0131pk\u0131 kelebe\u011fe d\u00f6n\u00fc\u015fen t\u0131rt\u0131l\u0131n<span class=\"excerpt-hellip\"> [\u2026]<\/span><\/p>\n","protected":false},"featured_media":0,"template":"","meta":{"_monsterinsights_skip_tracking":false,"_monsterinsights_sitenote_active":false,"_monsterinsights_sitenote_note":"","_monsterinsights_sitenote_category":0},"product_brand":[],"product_cat":[18545,12291],"product_tag":[],"class_list":{"0":"post-755255","1":"product","2":"type-product","3":"status-publish","5":"product_cat-anlati","6":"product_cat-edebiyat","7":"pa_cilt-ciltsiz","8":"pa_tur-kitap","9":"pa_yayinevi-destek-yayinlari","10":"pa_yazar-rengin-yilmaz","12":"first","13":"instock","14":"sale","15":"shipping-taxable","16":"purchasable","17":"product-type-simple"},"_links":{"self":[{"href":"https:\/\/roveyayinevi.com.tr\/index.php\/wp-json\/wp\/v2\/product\/755255","targetHints":{"allow":["GET"]}}],"collection":[{"href":"https:\/\/roveyayinevi.com.tr\/index.php\/wp-json\/wp\/v2\/product"}],"about":[{"href":"https:\/\/roveyayinevi.com.tr\/index.php\/wp-json\/wp\/v2\/types\/product"}],"wp:attachment":[{"href":"https:\/\/roveyayinevi.com.tr\/index.php\/wp-json\/wp\/v2\/media?parent=755255"}],"wp:term":[{"taxonomy":"product_brand","embeddable":true,"href":"https:\/\/roveyayinevi.com.tr\/index.php\/wp-json\/wp\/v2\/product_brand?post=755255"},{"taxonomy":"product_cat","embeddable":true,"href":"https:\/\/roveyayinevi.com.tr\/index.php\/wp-json\/wp\/v2\/product_cat?post=755255"},{"taxonomy":"product_tag","embeddable":true,"href":"https:\/\/roveyayinevi.com.tr\/index.php\/wp-json\/wp\/v2\/product_tag?post=755255"}],"curies":[{"name":"wp","href":"https:\/\/api.w.org\/{rel}","templated":true}]}}