{"id":755252,"date":"2025-08-28T06:34:32","date_gmt":"2025-08-28T03:34:32","guid":{"rendered":"https:\/\/roveyayinevi.com.tr\/index.php\/urun\/komunizmin-abecesi\/"},"modified":"2026-04-16T03:08:25","modified_gmt":"2026-04-16T00:08:25","slug":"komunizmin-abecesi","status":"publish","type":"product","link":"https:\/\/roveyayinevi.com.tr\/index.php\/urun\/komunizmin-abecesi\/","title":{"rendered":"Kom\u00fcnizmin Abecesi"},"content":{"rendered":"<p>Devrimler tarihin en g\u00fc\u00e7l\u00fc lokomotifidir, demi\u015f Marx. \u00c7\u00fcnk\u00fc tarih, \u00f6zellikle h\u0131zlan\u0131nca ger\u00e7ek y\u00fcz\u00fcn\u00fc g\u00f6sterir. Ekim 1917 Rus \u0130\u015f\u00e7i Devrimi, t\u0131pk\u0131 1789 Frans\u0131z Burjuva Devrimi gibi, bu h\u0131zlanman\u0131n ola\u011fan\u00fcst\u00fc \u00f6rneklerinden biri. Devrimden k\u0131sa bir s\u00fcre sonra ba\u015flayan i\u00e7 sava\u015f be\u015f y\u0131l s\u00fcrm\u00fc\u015f, \u00c7arl\u0131\u011f\u0131n ve burjuvazinin g\u00fc\u00e7lerine ek olarak, on \u00fc\u00e7 yabanc\u0131 devlet de i\u015f\u00e7i devrimine kar\u015f\u0131 sava\u015fm\u0131\u015ft\u0131r. D\u00fcnya sava\u015f\u0131n\u0131n y\u0131k\u0131m\u0131 \u00fczerine gelen bu \u00f6l\u00fcm kal\u0131m sava\u015f\u0131, a\u00e7l\u0131\u011fa eklenen verem, tif\u00fcs gibi kitlesel salg\u0131nlar\u0131n birle\u015fmesiyle, Rusya\u2019ya yedi ila on iki milyon \u00f6l\u00fcme mal olmu\u015ftur. Kom\u00fcnizmin Abecesi, i\u015fte bu ola\u011fan\u00fcst\u00fc karga\u015fan\u0131n ortas\u0131nda, Ekim 1919\u2019da, Rusya Kom\u00fcnist Partisi\u2019nin ileri gelenlerinden iki gen\u00e7 insan, Buharin (31) ile Preobrajenski (33) taraf\u0131ndan kaleme al\u0131nm\u0131\u015ft\u0131r. Amac\u0131, Rusya Kom\u00fcnist Partisi\u2019nin Mart 1919\u2019da kabul etti\u011fi program\u0131, halk\u0131n anlayaca\u011f\u0131 bir dille a\u00e7\u0131klamakt\u0131r. \u201cProletarya devrimi g\u00fcn\u00fcm\u00fczde ancak bir d\u00fcnya devrimi olarak ger\u00e7ekle\u015febilir,\u201d diyor yazarlar. Bunu \u00e7ok iyi bilenlerden biri de, \u201cBol\u015fevizm be\u015fikteyken bo\u011fulmal\u0131d\u0131r,\u201d diyen ve i\u015f\u00e7i devrimine kar\u015f\u0131 sava\u015fan b\u00fcy\u00fck devletlerden birinin \u00fcnl\u00fc politikac\u0131s\u0131 olan Winston Churchill. Kom\u00fcnizmin Abecesi, bug\u00fcn de bir ba\u015fvuru kayna\u011f\u0131 olmaya devam eden co\u015fkulu, heyecanl\u0131 bir sosyalizme giri\u015f kitab\u0131d\u0131r. \u201cBu kitab\u0131n yaz\u0131l\u0131\u015f\u0131n\u0131n \u00fczerinden bir y\u00fczy\u0131l ge\u00e7ti. Tan\u0131kl\u0131k etti\u011fi ate\u015f \u00f6ylesine yak\u0131c\u0131yd\u0131 ki, alevleri ister istemez kocaman bir me\u015faleye d\u00f6n\u00fc\u015ft\u00fc. Ger\u00e7ek en b\u00fcy\u00fck \u00f6\u011fretmenimizdir. Hele buna b\u00f6ylesine geriden bakma olana\u011f\u0131 bulunca. Bu ger\u00e7e\u011fin i\u00e7inde hem olgular hem de hayaller var. Tarih, ancak bu ger\u00e7ek b\u00fct\u00fcn y\u00f6nleriyle kavran\u0131nca en de\u011ferli \u00f6\u011fretmen olur.\u201d Cem Ero\u011ful <\/p>\n","protected":false},"excerpt":{"rendered":"<p>Devrimler tarihin en g\u00fc\u00e7l\u00fc lokomotifidir, demi\u015f Marx. \u00c7\u00fcnk\u00fc tarih, \u00f6zellikle h\u0131zlan\u0131nca ger\u00e7ek y\u00fcz\u00fcn\u00fc g\u00f6sterir. Ekim 1917 Rus \u0130\u015f\u00e7i Devrimi, t\u0131pk\u0131 1789 Frans\u0131z Burjuva Devrimi gibi, bu<span class=\"excerpt-hellip\"> [\u2026]<\/span><\/p>\n","protected":false},"featured_media":0,"template":"","meta":{"_monsterinsights_skip_tracking":false,"_monsterinsights_sitenote_active":false,"_monsterinsights_sitenote_note":"","_monsterinsights_sitenote_category":0},"product_brand":[],"product_cat":[12337],"product_tag":[],"class_list":{"0":"post-755252","1":"product","2":"type-product","3":"status-publish","5":"product_cat-politika-siyaset","6":"pa_cilt-ciltsiz","7":"pa_tur-kitap","8":"pa_yayinevi-yordam-kitap","9":"pa_yazar-n-buharin-e-preobrajenski","11":"first","12":"instock","13":"sale","14":"shipping-taxable","15":"purchasable","16":"product-type-simple"},"_links":{"self":[{"href":"https:\/\/roveyayinevi.com.tr\/index.php\/wp-json\/wp\/v2\/product\/755252","targetHints":{"allow":["GET"]}}],"collection":[{"href":"https:\/\/roveyayinevi.com.tr\/index.php\/wp-json\/wp\/v2\/product"}],"about":[{"href":"https:\/\/roveyayinevi.com.tr\/index.php\/wp-json\/wp\/v2\/types\/product"}],"wp:attachment":[{"href":"https:\/\/roveyayinevi.com.tr\/index.php\/wp-json\/wp\/v2\/media?parent=755252"}],"wp:term":[{"taxonomy":"product_brand","embeddable":true,"href":"https:\/\/roveyayinevi.com.tr\/index.php\/wp-json\/wp\/v2\/product_brand?post=755252"},{"taxonomy":"product_cat","embeddable":true,"href":"https:\/\/roveyayinevi.com.tr\/index.php\/wp-json\/wp\/v2\/product_cat?post=755252"},{"taxonomy":"product_tag","embeddable":true,"href":"https:\/\/roveyayinevi.com.tr\/index.php\/wp-json\/wp\/v2\/product_tag?post=755252"}],"curies":[{"name":"wp","href":"https:\/\/api.w.org\/{rel}","templated":true}]}}