{"id":755250,"date":"2025-08-28T06:34:29","date_gmt":"2025-08-28T03:34:29","guid":{"rendered":"https:\/\/roveyayinevi.com.tr\/index.php\/urun\/sahabe-hikayeleri-set-10-kitap\/"},"modified":"2026-04-16T03:08:25","modified_gmt":"2026-04-16T00:08:25","slug":"sahabe-hikayeleri-set-10-kitap","status":"publish","type":"product","link":"https:\/\/roveyayinevi.com.tr\/index.php\/urun\/sahabe-hikayeleri-set-10-kitap\/","title":{"rendered":"Sahabe Hikayeleri Set (10 Kitap)"},"content":{"rendered":"<p>Bu kutudaki on kitapta, Peygamberimizin (s.a.v.) yak\u0131n arkada\u015flar\u0131n\u0131n (yani sahabelerin) hayatlar\u0131ndan \u00f6rnek hat\u0131ralar anlat\u0131lmakta. Ayr\u0131ca her sahabeyle birlikte bir tane de \u201cerdem\u201d tan\u0131t\u0131lmakta.Bu seride kar\u015f\u0131n\u0131za \u00e7\u0131kan her bir sahabe gibi anlat\u0131lmayanlar da \u00e7ok \u00f6zel insanlar. Zira onlar Peygamberimizin (s.a.v.) anlatt\u0131klar\u0131na inanm\u0131\u015f ve onunla birlikte \u201cg\u00fczel dinimizi yaymak i\u00e7in\u201d \u00e7aba g\u00f6stermi\u015fler. \u00d6rnek hayatlar\u0131yla g\u00fcn\u00fcm\u00fcze \u0131\u015f\u0131k tutmu\u015flar.Onlar\u0131n huzur veren hayatlar\u0131n\u0131n anlat\u0131ld\u0131\u011f\u0131 bu kitaplara do\u011fru yolculu\u011fa ne dersin?<\/p>\n","protected":false},"excerpt":{"rendered":"<p>Bu kutudaki on kitapta, Peygamberimizin (s.a.v.) yak\u0131n arkada\u015flar\u0131n\u0131n (yani sahabelerin) hayatlar\u0131ndan \u00f6rnek hat\u0131ralar anlat\u0131lmakta. Ayr\u0131ca her sahabeyle birlikte bir tane de \u201cerdem\u201d tan\u0131t\u0131lmakta.Bu seride kar\u015f\u0131n\u0131za \u00e7\u0131kan<span class=\"excerpt-hellip\"> [\u2026]<\/span><\/p>\n","protected":false},"featured_media":0,"template":"","meta":{"_monsterinsights_skip_tracking":false,"_monsterinsights_sitenote_active":false,"_monsterinsights_sitenote_note":"","_monsterinsights_sitenote_category":0},"product_brand":[],"product_cat":[12274,18802],"product_tag":[],"class_list":{"0":"post-755250","1":"product","2":"type-product","3":"status-publish","5":"product_cat-cocuk-ve-genclik-kitaplari","6":"product_cat-din-egitimi","7":"pa_cilt-ciltsiz","8":"pa_tur-kitap","9":"pa_yayinevi-gulce-kitap","10":"pa_yazar-merve-sultan-gunduz","12":"first","13":"instock","14":"sale","15":"shipping-taxable","16":"purchasable","17":"product-type-simple"},"_links":{"self":[{"href":"https:\/\/roveyayinevi.com.tr\/index.php\/wp-json\/wp\/v2\/product\/755250","targetHints":{"allow":["GET"]}}],"collection":[{"href":"https:\/\/roveyayinevi.com.tr\/index.php\/wp-json\/wp\/v2\/product"}],"about":[{"href":"https:\/\/roveyayinevi.com.tr\/index.php\/wp-json\/wp\/v2\/types\/product"}],"wp:attachment":[{"href":"https:\/\/roveyayinevi.com.tr\/index.php\/wp-json\/wp\/v2\/media?parent=755250"}],"wp:term":[{"taxonomy":"product_brand","embeddable":true,"href":"https:\/\/roveyayinevi.com.tr\/index.php\/wp-json\/wp\/v2\/product_brand?post=755250"},{"taxonomy":"product_cat","embeddable":true,"href":"https:\/\/roveyayinevi.com.tr\/index.php\/wp-json\/wp\/v2\/product_cat?post=755250"},{"taxonomy":"product_tag","embeddable":true,"href":"https:\/\/roveyayinevi.com.tr\/index.php\/wp-json\/wp\/v2\/product_tag?post=755250"}],"curies":[{"name":"wp","href":"https:\/\/api.w.org\/{rel}","templated":true}]}}