{"id":755247,"date":"2025-08-28T06:34:25","date_gmt":"2025-08-28T03:34:25","guid":{"rendered":"https:\/\/roveyayinevi.com.tr\/index.php\/urun\/sahabe-hikayeleri-7-kitap\/"},"modified":"2026-04-16T03:08:24","modified_gmt":"2026-04-16T00:08:24","slug":"sahabe-hikayeleri-7-kitap","status":"publish","type":"product","link":"https:\/\/roveyayinevi.com.tr\/index.php\/urun\/sahabe-hikayeleri-7-kitap\/","title":{"rendered":"Sahabe Hikayeleri 7. Kitap"},"content":{"rendered":"<p>Peygamberimizin (s.a.v.)  arkada\u015flar\u0131 bir y\u0131ld\u0131z gibi yolumuzu ayd\u0131nlat\u0131p bize rehber oluyor.Bu kitapta;Said bin Zeyd\u2019den ki\u015finin kendi hakk\u0131n\u0131 korumas\u0131n\u0131,Selman-\u0131 Farisi\u2019den tedbirli olmay\u0131,\u00dcmm\u00fc Seleme\u2019den Allah\u2019tan hay\u0131rl\u0131s\u0131n\u0131 istemeyi,Halid bin Velid\u2019den ak\u0131l ile hareket etmeyi \u00f6\u011freniyoruz.<\/p>\n","protected":false},"excerpt":{"rendered":"<p>Peygamberimizin (s.a.v.) arkada\u015flar\u0131 bir y\u0131ld\u0131z gibi yolumuzu ayd\u0131nlat\u0131p bize rehber oluyor.Bu kitapta;Said bin Zeyd\u2019den ki\u015finin kendi hakk\u0131n\u0131 korumas\u0131n\u0131,Selman-\u0131 Farisi\u2019den tedbirli olmay\u0131,\u00dcmm\u00fc Seleme\u2019den Allah\u2019tan hay\u0131rl\u0131s\u0131n\u0131 istemeyi,Halid bin<span class=\"excerpt-hellip\"> [\u2026]<\/span><\/p>\n","protected":false},"featured_media":0,"template":"","meta":{"_monsterinsights_skip_tracking":false,"_monsterinsights_sitenote_active":false,"_monsterinsights_sitenote_note":"","_monsterinsights_sitenote_category":0},"product_brand":[],"product_cat":[12274,18802],"product_tag":[],"class_list":{"0":"post-755247","1":"product","2":"type-product","3":"status-publish","5":"product_cat-cocuk-ve-genclik-kitaplari","6":"product_cat-din-egitimi","7":"pa_cilt-ciltsiz","8":"pa_tur-kitap","9":"pa_yayinevi-gulce-kitap","10":"pa_yazar-merve-sultan-gunduz","12":"first","13":"instock","14":"sale","15":"shipping-taxable","16":"purchasable","17":"product-type-simple"},"_links":{"self":[{"href":"https:\/\/roveyayinevi.com.tr\/index.php\/wp-json\/wp\/v2\/product\/755247","targetHints":{"allow":["GET"]}}],"collection":[{"href":"https:\/\/roveyayinevi.com.tr\/index.php\/wp-json\/wp\/v2\/product"}],"about":[{"href":"https:\/\/roveyayinevi.com.tr\/index.php\/wp-json\/wp\/v2\/types\/product"}],"wp:attachment":[{"href":"https:\/\/roveyayinevi.com.tr\/index.php\/wp-json\/wp\/v2\/media?parent=755247"}],"wp:term":[{"taxonomy":"product_brand","embeddable":true,"href":"https:\/\/roveyayinevi.com.tr\/index.php\/wp-json\/wp\/v2\/product_brand?post=755247"},{"taxonomy":"product_cat","embeddable":true,"href":"https:\/\/roveyayinevi.com.tr\/index.php\/wp-json\/wp\/v2\/product_cat?post=755247"},{"taxonomy":"product_tag","embeddable":true,"href":"https:\/\/roveyayinevi.com.tr\/index.php\/wp-json\/wp\/v2\/product_tag?post=755247"}],"curies":[{"name":"wp","href":"https:\/\/api.w.org\/{rel}","templated":true}]}}