{"id":755237,"date":"2025-08-28T06:34:08","date_gmt":"2025-08-28T03:34:08","guid":{"rendered":"https:\/\/roveyayinevi.com.tr\/index.php\/urun\/ibadetlerle-super-oluyorum\/"},"modified":"2026-04-16T03:08:24","modified_gmt":"2026-04-16T00:08:24","slug":"ibadetlerle-super-oluyorum","status":"publish","type":"product","link":"https:\/\/roveyayinevi.com.tr\/index.php\/urun\/ibadetlerle-super-oluyorum\/","title":{"rendered":"\u0130badetlerle S\u00fcper Oluyorum"},"content":{"rendered":"<p>\u00d6yle bakma l\u00fctfen.Biliyorum akl\u0131na pek \u00e7ok soru geliyor; gelebilir sorun de\u011fil. O sorulardan baz\u0131lar\u0131 da &#8220;ibadetlerle&#8221; ilgili; onu da biliyorum, o da sorun de\u011fil. Benim de akl\u0131m\u0131 kurcalayan pek \u00e7ok sorum vard\u0131. Nas\u0131l m\u0131 cevaplar\u0131 \u00f6\u011frendim.  En iyisi ben seni kitab\u0131n i\u00e7ine davet edeyim de neler ya\u015fad\u0131\u011f\u0131m\u0131 ta en ba\u015f\u0131ndan anlatay\u0131m.<\/p>\n","protected":false},"excerpt":{"rendered":"<p>\u00d6yle bakma l\u00fctfen.Biliyorum akl\u0131na pek \u00e7ok soru geliyor; gelebilir sorun de\u011fil. O sorulardan baz\u0131lar\u0131 da &#8220;ibadetlerle&#8221; ilgili; onu da biliyorum, o da sorun de\u011fil. Benim de<span class=\"excerpt-hellip\"> [\u2026]<\/span><\/p>\n","protected":false},"featured_media":0,"template":"","meta":{"_monsterinsights_skip_tracking":false,"_monsterinsights_sitenote_active":false,"_monsterinsights_sitenote_note":"","_monsterinsights_sitenote_category":0},"product_brand":[],"product_cat":[12274,18802],"product_tag":[],"class_list":{"0":"post-755237","1":"product","2":"type-product","3":"status-publish","5":"product_cat-cocuk-ve-genclik-kitaplari","6":"product_cat-din-egitimi","7":"pa_cilt-ciltsiz","8":"pa_tur-kitap","9":"pa_yayinevi-gulce-kitap","10":"pa_yazar-emrah-bilge-merdivan","12":"first","13":"instock","14":"sale","15":"shipping-taxable","16":"purchasable","17":"product-type-simple"},"_links":{"self":[{"href":"https:\/\/roveyayinevi.com.tr\/index.php\/wp-json\/wp\/v2\/product\/755237","targetHints":{"allow":["GET"]}}],"collection":[{"href":"https:\/\/roveyayinevi.com.tr\/index.php\/wp-json\/wp\/v2\/product"}],"about":[{"href":"https:\/\/roveyayinevi.com.tr\/index.php\/wp-json\/wp\/v2\/types\/product"}],"wp:attachment":[{"href":"https:\/\/roveyayinevi.com.tr\/index.php\/wp-json\/wp\/v2\/media?parent=755237"}],"wp:term":[{"taxonomy":"product_brand","embeddable":true,"href":"https:\/\/roveyayinevi.com.tr\/index.php\/wp-json\/wp\/v2\/product_brand?post=755237"},{"taxonomy":"product_cat","embeddable":true,"href":"https:\/\/roveyayinevi.com.tr\/index.php\/wp-json\/wp\/v2\/product_cat?post=755237"},{"taxonomy":"product_tag","embeddable":true,"href":"https:\/\/roveyayinevi.com.tr\/index.php\/wp-json\/wp\/v2\/product_tag?post=755237"}],"curies":[{"name":"wp","href":"https:\/\/api.w.org\/{rel}","templated":true}]}}