{"id":755235,"date":"2025-08-28T06:34:04","date_gmt":"2025-08-28T03:34:04","guid":{"rendered":"https:\/\/roveyayinevi.com.tr\/index.php\/urun\/balon-isleri-muduru-bay-yoci\/"},"modified":"2026-04-16T03:08:24","modified_gmt":"2026-04-16T00:08:24","slug":"balon-isleri-muduru-bay-yoci","status":"publish","type":"product","link":"https:\/\/roveyayinevi.com.tr\/index.php\/urun\/balon-isleri-muduru-bay-yoci\/","title":{"rendered":"Balon \u0130\u015fleri M\u00fcd\u00fcr\u00fc Bay Yo\u00e7i"},"content":{"rendered":"<p>Hadi g\u00f6zlerini kapat. Evlerin, okullar\u0131n, ta\u015f\u0131tlar\u0131n balon \u015feklinde oldu\u011fu reng\u00e2renk ne\u015feli bir kasaba hayal et. Ettin mi? Bu kasabada Bay Yo\u00e7i ad\u0131nda biri ya\u015f\u0131yor. Yery\u00fcz\u00fcndeki t\u00fcm balonlar onu \u00e7ok yak\u0131ndan tan\u0131yor. \u00c7\u00fcnk\u00fc o, yaral\u0131 balonlar\u0131 tedavi ediyor, ka\u00e7an balonlar\u0131 yakalay\u0131p \u00e7ocuklara teslim ediyor, s\u00f6nmek \u00fczere olan balonlara hava \u00fcfl\u00fcyor\u2026 D\u00fcnya\u2019n\u0131n en \u00fcnl\u00fc Balon \u0130\u015fleri M\u00fcd\u00fcr\u00fc\u2019yle ve onun renkli kasabas\u0131yla tan\u0131\u015fmaya haz\u0131r m\u0131s\u0131n?<\/p>\n","protected":false},"excerpt":{"rendered":"<p>Hadi g\u00f6zlerini kapat. Evlerin, okullar\u0131n, ta\u015f\u0131tlar\u0131n balon \u015feklinde oldu\u011fu reng\u00e2renk ne\u015feli bir kasaba hayal et. Ettin mi? Bu kasabada Bay Yo\u00e7i ad\u0131nda biri ya\u015f\u0131yor. Yery\u00fcz\u00fcndeki t\u00fcm<span class=\"excerpt-hellip\"> [\u2026]<\/span><\/p>\n","protected":false},"featured_media":0,"template":"","meta":{"_monsterinsights_skip_tracking":false,"_monsterinsights_sitenote_active":false,"_monsterinsights_sitenote_note":"","_monsterinsights_sitenote_category":0},"product_brand":[],"product_cat":[12274,12284],"product_tag":[],"class_list":{"0":"post-755235","1":"product","2":"type-product","3":"status-publish","5":"product_cat-cocuk-ve-genclik-kitaplari","6":"product_cat-hikayeler","7":"pa_cilt-ciltsiz","8":"pa_tur-kitap","9":"pa_yayinevi-timas-cocuk","10":"pa_yazar-omur-uzel","12":"first","13":"instock","14":"sale","15":"shipping-taxable","16":"purchasable","17":"product-type-simple"},"_links":{"self":[{"href":"https:\/\/roveyayinevi.com.tr\/index.php\/wp-json\/wp\/v2\/product\/755235","targetHints":{"allow":["GET"]}}],"collection":[{"href":"https:\/\/roveyayinevi.com.tr\/index.php\/wp-json\/wp\/v2\/product"}],"about":[{"href":"https:\/\/roveyayinevi.com.tr\/index.php\/wp-json\/wp\/v2\/types\/product"}],"wp:attachment":[{"href":"https:\/\/roveyayinevi.com.tr\/index.php\/wp-json\/wp\/v2\/media?parent=755235"}],"wp:term":[{"taxonomy":"product_brand","embeddable":true,"href":"https:\/\/roveyayinevi.com.tr\/index.php\/wp-json\/wp\/v2\/product_brand?post=755235"},{"taxonomy":"product_cat","embeddable":true,"href":"https:\/\/roveyayinevi.com.tr\/index.php\/wp-json\/wp\/v2\/product_cat?post=755235"},{"taxonomy":"product_tag","embeddable":true,"href":"https:\/\/roveyayinevi.com.tr\/index.php\/wp-json\/wp\/v2\/product_tag?post=755235"}],"curies":[{"name":"wp","href":"https:\/\/api.w.org\/{rel}","templated":true}]}}