{"id":755234,"date":"2025-08-28T06:34:03","date_gmt":"2025-08-28T03:34:03","guid":{"rendered":"https:\/\/roveyayinevi.com.tr\/index.php\/urun\/hz-peygamberin-kriz-yonetimi\/"},"modified":"2026-04-16T03:08:24","modified_gmt":"2026-04-16T00:08:24","slug":"hz-peygamberin-kriz-yonetimi","status":"publish","type":"product","link":"https:\/\/roveyayinevi.com.tr\/index.php\/urun\/hz-peygamberin-kriz-yonetimi\/","title":{"rendered":"Hz. Peygamber\u2019in Kriz Y\u00f6netimi"},"content":{"rendered":"<p>\u0130sl\u00e2m Peygamberi Hz. Muhammed (sas.), insanl\u0131\u011f\u0131n derin bir krize maruz kald\u0131\u011f\u0131 bir d\u00f6nemde din\u00ee, ahlaki, hukuki, siyasi, sosyal, iktisadi, asker\u00ee vs. pek \u00e7ok sorun, kriz ve riskle kar\u015f\u0131 kar\u015f\u0131ya kalm\u0131\u015f, bire bir ya\u015fam\u0131\u015f, y\u00f6netmi\u015f ve bunlarla m\u00fccadele etmi\u015f bir peygamber ve liderdir. Onun siret ve s\u00fcnneti krizlere kar\u015f\u0131 verdi\u011fi m\u00fccadele ve krizlerden ba\u015far\u0131yla \u00e7\u0131kmak i\u00e7in g\u00f6zetti\u011fi ilke ve izledi\u011fi y\u00f6ntemlerle doludur. B\u00fct\u00fcn insanl\u0131\u011fa ve t\u00fcm zamanlara \u00f6rnek ve rehber olarak g\u00f6nderilmi\u015f bir peygamber olarak Hz. Peygamber\u2019in bu konudaki ilke ve y\u00f6ntemleri insanl\u0131k i\u00e7in akt\u00fcel bir de\u011feri haizdir.  Eserde \u0130sl\u00e2m d\u00fcnyas\u0131n\u0131n ve insanl\u0131\u011f\u0131n birbirinden farkl\u0131 sorun ve krizlerden ge\u00e7ti\u011fi bir d\u00f6nemde, mevcut sorun ve krizlerin \u00e7\u00f6z\u00fcm\u00fcne Nebevi bir katk\u0131 sunmas\u0131 ve bak\u0131\u015f getirmesi amac\u0131yla Hz. Peygamber\u2019in krizlerle ba\u015fa \u00e7\u0131kmada ve riskleri y\u00f6netmede g\u00f6zetti\u011fi ilke, y\u00f6ntem ve stratejiler, siret-s\u00fcnnet b\u00fct\u00fcnl\u00fc\u011f\u00fc g\u00f6zetilerek risalet hayat\u0131ndan \u00f6rneklerle ortaya konulmu\u015ftur.<\/p>\n","protected":false},"excerpt":{"rendered":"<p>\u0130sl\u00e2m Peygamberi Hz. Muhammed (sas.), insanl\u0131\u011f\u0131n derin bir krize maruz kald\u0131\u011f\u0131 bir d\u00f6nemde din\u00ee, ahlaki, hukuki, siyasi, sosyal, iktisadi, asker\u00ee vs. pek \u00e7ok sorun, kriz ve<span class=\"excerpt-hellip\"> [\u2026]<\/span><\/p>\n","protected":false},"featured_media":0,"template":"","meta":{"_monsterinsights_skip_tracking":false,"_monsterinsights_sitenote_active":false,"_monsterinsights_sitenote_note":"","_monsterinsights_sitenote_category":0},"product_brand":[],"product_cat":[12718,12719],"product_tag":[],"class_list":{"0":"post-755234","1":"product","2":"type-product","3":"status-publish","5":"product_cat-din","6":"product_cat-islam","7":"pa_cilt-ciltsiz","8":"pa_tur-kitap","9":"pa_yayinevi-otto-yayinlari","10":"pa_yazar-muammer-bayraktutar","12":"first","13":"instock","14":"sale","15":"shipping-taxable","16":"purchasable","17":"product-type-simple"},"_links":{"self":[{"href":"https:\/\/roveyayinevi.com.tr\/index.php\/wp-json\/wp\/v2\/product\/755234","targetHints":{"allow":["GET"]}}],"collection":[{"href":"https:\/\/roveyayinevi.com.tr\/index.php\/wp-json\/wp\/v2\/product"}],"about":[{"href":"https:\/\/roveyayinevi.com.tr\/index.php\/wp-json\/wp\/v2\/types\/product"}],"wp:attachment":[{"href":"https:\/\/roveyayinevi.com.tr\/index.php\/wp-json\/wp\/v2\/media?parent=755234"}],"wp:term":[{"taxonomy":"product_brand","embeddable":true,"href":"https:\/\/roveyayinevi.com.tr\/index.php\/wp-json\/wp\/v2\/product_brand?post=755234"},{"taxonomy":"product_cat","embeddable":true,"href":"https:\/\/roveyayinevi.com.tr\/index.php\/wp-json\/wp\/v2\/product_cat?post=755234"},{"taxonomy":"product_tag","embeddable":true,"href":"https:\/\/roveyayinevi.com.tr\/index.php\/wp-json\/wp\/v2\/product_tag?post=755234"}],"curies":[{"name":"wp","href":"https:\/\/api.w.org\/{rel}","templated":true}]}}