{"id":755233,"date":"2025-08-28T06:34:02","date_gmt":"2025-08-28T03:34:02","guid":{"rendered":"https:\/\/roveyayinevi.com.tr\/index.php\/urun\/epistemik-adaletsizlik-iktidar-ve-bilmenin-etigi\/"},"modified":"2026-04-16T03:08:24","modified_gmt":"2026-04-16T00:08:24","slug":"epistemik-adaletsizlik-iktidar-ve-bilmenin-etigi","status":"publish","type":"product","link":"https:\/\/roveyayinevi.com.tr\/index.php\/urun\/epistemik-adaletsizlik-iktidar-ve-bilmenin-etigi\/","title":{"rendered":"Epistemik Adaletsizlik -\u0130ktidar ve Bilmenin Eti\u011fi"},"content":{"rendered":"<p>\u201c\u00c7a\u011fda\u015f epistemolojinin deneyimlerimizle ili\u015fkilendirilerek nas\u0131l zenginle\u015ftirilebilece\u011finin, etik, siyaset teorisi ve feminist felsefeden gelen fikirlerin kullan\u0131lmas\u0131 yoluyla epistemik meselelere dair anlay\u0131\u015f\u0131m\u0131z\u0131n nas\u0131l derinle\u015ftirilebilece\u011finin \u00e7arp\u0131c\u0131 bir \u00f6rne\u011fi bu kitap.\u201d \u2013Michael Brady   \u201cD\u00fc\u015fman\u0131n ad\u0131n\u0131 koyabilmek ne b\u00fcy\u00fck bir ilerleme, bu ister cinsel taciz ister epistemik adaletsizlik olsun!\u201d \u2013Rae Langton   \u201cBilgi ve iktidar\u0131n kesi\u015fimine dair \u00f6rnek g\u00f6sterilecek bir tart\u0131\u015fma.\u201d \u2013Kathleen Lennon   \u201cAdalet\u201d felsefe tarihinin en eski ve en merkez\u00ee konular\u0131ndan biri, ancak epistemik, yani bilgi temelli uygulamalar\u0131m\u0131z\u0131n etik boyutunu ortaya \u00e7\u0131karmak i\u00e7in odak noktam\u0131z\u0131 \u201cadaletsizli\u011fe\u201d kayd\u0131rmaya ne dersiniz? Ortaya koydu\u011fu kavramsal \u00e7er\u00e7eve ile \u00e7\u0131\u011f\u0131r a\u00e7an kitap, epistemik adaletsizli\u011fin ya\u015fam\u0131n pratik boyutlar\u0131nda ve toplumsal adaletsizlik modeli i\u00e7indeki yerini g\u00f6steriyor. Fricker\u2019\u0131n yer yer romanlar ve filmler \u00fczerinden ilerletti\u011fi epistemik adaletsizlik tart\u0131\u015fmas\u0131, sadece etik ve epistemoloji ili\u015fkisini de\u011fil, etik ve politika ili\u015fkisini de ortaya koydu\u011fu i\u00e7in \u00f6nem ta\u015f\u0131yor.   Bu kitap, etik ve epistemoloji aras\u0131ndaki yeni alanlar\u0131 ke\u015ffederken, toplumsal iktidar, toplumsal cinsiyet normlar\u0131, hukuk ve bilginin soyk\u00fct\u00fc\u011f\u00fc gibi bir\u00e7ok alana \u0131\u015f\u0131k tutuyor.<\/p>\n","protected":false},"excerpt":{"rendered":"<p>\u201c\u00c7a\u011fda\u015f epistemolojinin deneyimlerimizle ili\u015fkilendirilerek nas\u0131l zenginle\u015ftirilebilece\u011finin, etik, siyaset teorisi ve feminist felsefeden gelen fikirlerin kullan\u0131lmas\u0131 yoluyla epistemik meselelere dair anlay\u0131\u015f\u0131m\u0131z\u0131n nas\u0131l derinle\u015ftirilebilece\u011finin \u00e7arp\u0131c\u0131 bir \u00f6rne\u011fi bu<span class=\"excerpt-hellip\"> [\u2026]<\/span><\/p>\n","protected":false},"featured_media":0,"template":"","meta":{"_monsterinsights_skip_tracking":false,"_monsterinsights_sitenote_active":false,"_monsterinsights_sitenote_note":"","_monsterinsights_sitenote_category":0},"product_brand":[],"product_cat":[12388],"product_tag":[],"class_list":{"0":"post-755233","1":"product","2":"type-product","3":"status-publish","5":"product_cat-felsefe","6":"pa_cilt-ciltsiz","7":"pa_tur-kitap","8":"pa_yayinevi-fol-kitap","9":"pa_yazar-miranda-fricker","11":"first","12":"instock","13":"sale","14":"shipping-taxable","15":"purchasable","16":"product-type-simple"},"_links":{"self":[{"href":"https:\/\/roveyayinevi.com.tr\/index.php\/wp-json\/wp\/v2\/product\/755233","targetHints":{"allow":["GET"]}}],"collection":[{"href":"https:\/\/roveyayinevi.com.tr\/index.php\/wp-json\/wp\/v2\/product"}],"about":[{"href":"https:\/\/roveyayinevi.com.tr\/index.php\/wp-json\/wp\/v2\/types\/product"}],"wp:attachment":[{"href":"https:\/\/roveyayinevi.com.tr\/index.php\/wp-json\/wp\/v2\/media?parent=755233"}],"wp:term":[{"taxonomy":"product_brand","embeddable":true,"href":"https:\/\/roveyayinevi.com.tr\/index.php\/wp-json\/wp\/v2\/product_brand?post=755233"},{"taxonomy":"product_cat","embeddable":true,"href":"https:\/\/roveyayinevi.com.tr\/index.php\/wp-json\/wp\/v2\/product_cat?post=755233"},{"taxonomy":"product_tag","embeddable":true,"href":"https:\/\/roveyayinevi.com.tr\/index.php\/wp-json\/wp\/v2\/product_tag?post=755233"}],"curies":[{"name":"wp","href":"https:\/\/api.w.org\/{rel}","templated":true}]}}