{"id":755232,"date":"2025-08-28T06:34:00","date_gmt":"2025-08-28T03:34:00","guid":{"rendered":"https:\/\/roveyayinevi.com.tr\/index.php\/urun\/martin-guerrein-donusu\/"},"modified":"2026-04-16T03:08:24","modified_gmt":"2026-04-16T00:08:24","slug":"martin-guerrein-donusu","status":"publish","type":"product","link":"https:\/\/roveyayinevi.com.tr\/index.php\/urun\/martin-guerrein-donusu\/","title":{"rendered":"Martin Guerre&#8217;in D\u00f6n\u00fc\u015f\u00fc"},"content":{"rendered":"<p>1540\u2019larda Fransa\u2019n\u0131n g\u00fcneyindeki Languedoc\u2019da ya\u015fayan, Bask k\u00f6kenli zengin bir k\u00f6yl\u00fc olan Martin Guerre, kimseye hi\u00e7bir \u015fey s\u00f6ylemeden, kar\u0131s\u0131 Bertrande\u2019\u0131, \u00e7ocu\u011fu Sanxi\u2019yi ve mal\u0131n\u0131 m\u00fclk\u00fcn\u00fc terk edip gider ve izini kaybettirir. Y\u0131llar sonra aniden \u00e7\u0131kagelir. T\u00fcm ailesi ve k\u00f6yl\u00fcler taraf\u0131ndan sevin\u00e7le kar\u015f\u0131lan\u0131r. Evlili\u011fi, kald\u0131\u011f\u0131 yerden devam eder ve bir \u00e7ocu\u011fu daha olur. M\u00fclklerini, amcas\u0131yla birlikte y\u00f6netir, ya\u015fam\u0131n keyfini s\u00fcrer. Fakat g\u00fcn\u00fcn birinde kar\u0131s\u0131 ve amcas\u0131, onun kimlik h\u0131rs\u0131z\u0131 bir sahtek\u00e2r oldu\u011funu ve kand\u0131r\u0131ld\u0131klar\u0131n\u0131 ileri s\u00fcrerek aleyhinde bir su\u00e7 davas\u0131 a\u00e7ar. Dava, 1560 y\u0131l\u0131nda Toulouse Parlamentosu huzuruna getirilir. Adam, mahkemeyi Martin Guerre oldu\u011funa neredeyse ikna etmi\u015ftir ki, son dakikada ger\u00e7ek Martin Guerre, Parlamento\u2019nun kap\u0131s\u0131nda beliriverir.    Bu, o kadar ola\u011fand\u0131\u015f\u0131 bir olay ve davad\u0131r ki, haberler, su\u00e7un ger\u00e7ekle\u015fti\u011fi Artigat isimli k\u00fc\u00e7\u00fck Pirene k\u00f6y\u00fcnden t\u00fcm \u00fclkeye ve Avrupa\u2019ya yay\u0131l\u0131r. Davan\u0131n sonu\u00e7lanmas\u0131n\u0131n hemen ard\u0131ndan yarg\u0131\u00e7lardan biri olan Coras dava hakk\u0131nda \u201cUnutulmaz Tutuklama\u201d isimli bir kitap yazar. Y\u0131llar i\u00e7inde pek \u00e7ok hukuk\u00e7u, edebiyat\u00e7\u0131 ve d\u00fc\u015f\u00fcn\u00fcr, bu dava hakk\u0131nda yazmaya devam eder. Hatta Montaigne bile bir makalesini bu harikulade davaya ay\u0131r\u0131r. Artigat\u2019da bug\u00fcn bile h\u00e2l\u00e2 hat\u0131rlanan bu olay, tiyatro oyunlar\u0131na, romanlara, operalara ilham verir. Nihayet Martin Guerre davas\u0131 bir film olur. Senaristli\u011fini Jean-Claude Carriere\u2019nin, y\u00f6netmenli\u011fini Daniel Vigne\u2019in yapt\u0131\u011f\u0131, bu kitab\u0131n yazar\u0131 Natalie Zemon Davis\u2019in de katk\u0131 sundu\u011fu ve ba\u015frol\u00fcnde G\u00e9rard Depardieu\u2019nun oldu\u011fu Le Retour de Martin Guerre 1982\u2019de g\u00f6sterime girer.<\/p>\n","protected":false},"excerpt":{"rendered":"<p>1540\u2019larda Fransa\u2019n\u0131n g\u00fcneyindeki Languedoc\u2019da ya\u015fayan, Bask k\u00f6kenli zengin bir k\u00f6yl\u00fc olan Martin Guerre, kimseye hi\u00e7bir \u015fey s\u00f6ylemeden, kar\u0131s\u0131 Bertrande\u2019\u0131, \u00e7ocu\u011fu Sanxi\u2019yi ve mal\u0131n\u0131 m\u00fclk\u00fcn\u00fc terk edip<span class=\"excerpt-hellip\"> [\u2026]<\/span><\/p>\n","protected":false},"featured_media":0,"template":"","meta":{"_monsterinsights_skip_tracking":false,"_monsterinsights_sitenote_active":false,"_monsterinsights_sitenote_note":"","_monsterinsights_sitenote_category":0},"product_brand":[],"product_cat":[12304],"product_tag":[],"class_list":{"0":"post-755232","1":"product","2":"type-product","3":"status-publish","5":"product_cat-tarih","6":"pa_cilt-ciltsiz","7":"pa_tur-kitap","8":"pa_yayinevi-pinhan-yayincilik","9":"pa_yazar-natalie-zemon-davis","11":"first","12":"instock","13":"sale","14":"shipping-taxable","15":"purchasable","16":"product-type-simple"},"_links":{"self":[{"href":"https:\/\/roveyayinevi.com.tr\/index.php\/wp-json\/wp\/v2\/product\/755232","targetHints":{"allow":["GET"]}}],"collection":[{"href":"https:\/\/roveyayinevi.com.tr\/index.php\/wp-json\/wp\/v2\/product"}],"about":[{"href":"https:\/\/roveyayinevi.com.tr\/index.php\/wp-json\/wp\/v2\/types\/product"}],"wp:attachment":[{"href":"https:\/\/roveyayinevi.com.tr\/index.php\/wp-json\/wp\/v2\/media?parent=755232"}],"wp:term":[{"taxonomy":"product_brand","embeddable":true,"href":"https:\/\/roveyayinevi.com.tr\/index.php\/wp-json\/wp\/v2\/product_brand?post=755232"},{"taxonomy":"product_cat","embeddable":true,"href":"https:\/\/roveyayinevi.com.tr\/index.php\/wp-json\/wp\/v2\/product_cat?post=755232"},{"taxonomy":"product_tag","embeddable":true,"href":"https:\/\/roveyayinevi.com.tr\/index.php\/wp-json\/wp\/v2\/product_tag?post=755232"}],"curies":[{"name":"wp","href":"https:\/\/api.w.org\/{rel}","templated":true}]}}