{"id":755231,"date":"2025-08-28T06:33:59","date_gmt":"2025-08-28T03:33:59","guid":{"rendered":"https:\/\/roveyayinevi.com.tr\/index.php\/urun\/althusser-ve-hukuk\/"},"modified":"2026-04-16T03:08:24","modified_gmt":"2026-04-16T00:08:24","slug":"althusser-ve-hukuk","status":"publish","type":"product","link":"https:\/\/roveyayinevi.com.tr\/index.php\/urun\/althusser-ve-hukuk\/","title":{"rendered":"Althusser ve Hukuk"},"content":{"rendered":"<p>Althusser ve Hukuk, gittik\u00e7e \u00f6nem kazanan bir d\u00fc\u015f\u00fcn\u00fcr olarak Althusser\u2019in hukuk \u00fczerine g\u00f6r\u00fc\u015flerine adanan ilk kitap olarak g\u00f6r\u00fcl\u00fcr. Hukuk ve felsefe alanlar\u0131nda \u00e7al\u0131\u015fan akademisyenlerin Althusser \u00fczerine makalelerinden, de Sutter edit\u00f6rl\u00fc\u011f\u00fcnde bir araya getirilerek olu\u015fturulmu\u015ftur. Althusser\u2019in \u201ccinayetini\u201d ve hukukla kar\u015f\u0131 kar\u015f\u0131ya geldi\u011fi bizzat kendi davas\u0131n\u0131 g\u00f6z \u00f6n\u00fcne ald\u0131\u011f\u0131m\u0131zda bu konu ve bu ki\u015filik aras\u0131ndaki ili\u015fki de bilhassa ilgin\u00e7 g\u00f6r\u00fcnmektedir. Ayr\u0131ca burada \u201cDevletin \u0130deolojik Ayg\u0131tlar\u0131\u201d gibi bir\u00e7ok \u00f6nemli hukuki\/politik kavram\u0131n ayd\u0131nlat\u0131ld\u0131\u011f\u0131n\u0131, ilgin\u00e7 paraleller \u00fczerinden geni\u015fletildiklerini g\u00f6rece\u011fiz. <\/p>\n","protected":false},"excerpt":{"rendered":"<p>Althusser ve Hukuk, gittik\u00e7e \u00f6nem kazanan bir d\u00fc\u015f\u00fcn\u00fcr olarak Althusser\u2019in hukuk \u00fczerine g\u00f6r\u00fc\u015flerine adanan ilk kitap olarak g\u00f6r\u00fcl\u00fcr. Hukuk ve felsefe alanlar\u0131nda \u00e7al\u0131\u015fan akademisyenlerin Althusser \u00fczerine<span class=\"excerpt-hellip\"> [\u2026]<\/span><\/p>\n","protected":false},"featured_media":0,"template":"","meta":{"_monsterinsights_skip_tracking":false,"_monsterinsights_sitenote_active":false,"_monsterinsights_sitenote_note":"","_monsterinsights_sitenote_category":0},"product_brand":[],"product_cat":[15350],"product_tag":[],"class_list":{"0":"post-755231","1":"product","2":"type-product","3":"status-publish","5":"product_cat-hukuk","6":"pa_cilt-ciltsiz","7":"pa_tur-kitap","8":"pa_yayinevi-pinhan-yayincilik","9":"pa_yazar-laurent-de-sutter","11":"first","12":"instock","13":"sale","14":"shipping-taxable","15":"purchasable","16":"product-type-simple"},"_links":{"self":[{"href":"https:\/\/roveyayinevi.com.tr\/index.php\/wp-json\/wp\/v2\/product\/755231","targetHints":{"allow":["GET"]}}],"collection":[{"href":"https:\/\/roveyayinevi.com.tr\/index.php\/wp-json\/wp\/v2\/product"}],"about":[{"href":"https:\/\/roveyayinevi.com.tr\/index.php\/wp-json\/wp\/v2\/types\/product"}],"wp:attachment":[{"href":"https:\/\/roveyayinevi.com.tr\/index.php\/wp-json\/wp\/v2\/media?parent=755231"}],"wp:term":[{"taxonomy":"product_brand","embeddable":true,"href":"https:\/\/roveyayinevi.com.tr\/index.php\/wp-json\/wp\/v2\/product_brand?post=755231"},{"taxonomy":"product_cat","embeddable":true,"href":"https:\/\/roveyayinevi.com.tr\/index.php\/wp-json\/wp\/v2\/product_cat?post=755231"},{"taxonomy":"product_tag","embeddable":true,"href":"https:\/\/roveyayinevi.com.tr\/index.php\/wp-json\/wp\/v2\/product_tag?post=755231"}],"curies":[{"name":"wp","href":"https:\/\/api.w.org\/{rel}","templated":true}]}}