{"id":755230,"date":"2025-08-28T06:33:57","date_gmt":"2025-08-28T03:33:57","guid":{"rendered":"https:\/\/roveyayinevi.com.tr\/index.php\/urun\/sizi-seviyoruz-ogretmenim\/"},"modified":"2026-04-16T03:08:24","modified_gmt":"2026-04-16T00:08:24","slug":"sizi-seviyoruz-ogretmenim","status":"publish","type":"product","link":"https:\/\/roveyayinevi.com.tr\/index.php\/urun\/sizi-seviyoruz-ogretmenim\/","title":{"rendered":"Sizi Seviyoruz \u00d6\u011fretmenim"},"content":{"rendered":"<p>Kokarca, Sincap, Tilki, Ay\u0131, \u00d6rdek, Kurba\u011fa ve Tav\u015fan \u00f6\u011fretmenleri Ceylan\u2019\u0131 \u00e7ok seviyorlar. S\u0131n\u0131fta hep birlikte \u00f6\u011freniyor, e\u011fleniyor, dans ediyor ve birbirlerine hik\u00e2yeler anlat\u0131yorlar. Ama bir g\u00fcn okula geldiklerinde Ceylan \u00d6\u011fretmen\u2019i bulam\u0131yorlar. \u00d6\u011fretmenleri nerede acaba?   Okul rutinleri, \u00f6\u011fretmen ve kitap okuma sevgisi \u00fczerine s\u0131cac\u0131k bir hik\u00e2ye\u2026 <\/p>\n","protected":false},"excerpt":{"rendered":"<p>Kokarca, Sincap, Tilki, Ay\u0131, \u00d6rdek, Kurba\u011fa ve Tav\u015fan \u00f6\u011fretmenleri Ceylan\u2019\u0131 \u00e7ok seviyorlar. S\u0131n\u0131fta hep birlikte \u00f6\u011freniyor, e\u011fleniyor, dans ediyor ve birbirlerine hik\u00e2yeler anlat\u0131yorlar. Ama bir g\u00fcn<span class=\"excerpt-hellip\"> [\u2026]<\/span><\/p>\n","protected":false},"featured_media":0,"template":"","meta":{"_monsterinsights_skip_tracking":false,"_monsterinsights_sitenote_active":false,"_monsterinsights_sitenote_note":"","_monsterinsights_sitenote_category":0},"product_brand":[],"product_cat":[12274,12518],"product_tag":[],"class_list":{"0":"post-755230","1":"product","2":"type-product","3":"status-publish","5":"product_cat-cocuk-ve-genclik-kitaplari","6":"product_cat-okul-oncesi-kitaplar","7":"pa_cilt-ciltsiz","8":"pa_tur-kitap","9":"pa_yayinevi-redhouse-kidz-yayinlari","10":"pa_yazar-luis-amavisca","12":"first","13":"instock","14":"sale","15":"shipping-taxable","16":"purchasable","17":"product-type-simple"},"_links":{"self":[{"href":"https:\/\/roveyayinevi.com.tr\/index.php\/wp-json\/wp\/v2\/product\/755230","targetHints":{"allow":["GET"]}}],"collection":[{"href":"https:\/\/roveyayinevi.com.tr\/index.php\/wp-json\/wp\/v2\/product"}],"about":[{"href":"https:\/\/roveyayinevi.com.tr\/index.php\/wp-json\/wp\/v2\/types\/product"}],"wp:attachment":[{"href":"https:\/\/roveyayinevi.com.tr\/index.php\/wp-json\/wp\/v2\/media?parent=755230"}],"wp:term":[{"taxonomy":"product_brand","embeddable":true,"href":"https:\/\/roveyayinevi.com.tr\/index.php\/wp-json\/wp\/v2\/product_brand?post=755230"},{"taxonomy":"product_cat","embeddable":true,"href":"https:\/\/roveyayinevi.com.tr\/index.php\/wp-json\/wp\/v2\/product_cat?post=755230"},{"taxonomy":"product_tag","embeddable":true,"href":"https:\/\/roveyayinevi.com.tr\/index.php\/wp-json\/wp\/v2\/product_tag?post=755230"}],"curies":[{"name":"wp","href":"https:\/\/api.w.org\/{rel}","templated":true}]}}