{"id":755228,"date":"2025-08-28T06:33:45","date_gmt":"2025-08-28T03:33:45","guid":{"rendered":"https:\/\/roveyayinevi.com.tr\/index.php\/urun\/koridor\/"},"modified":"2026-04-16T03:08:24","modified_gmt":"2026-04-16T00:08:24","slug":"koridor","status":"publish","type":"product","link":"https:\/\/roveyayinevi.com.tr\/index.php\/urun\/koridor\/","title":{"rendered":"Koridor"},"content":{"rendered":"<p>12 Eyl\u00fcl \u0130htilali; halk\u0131n \u00fczerinden tank gibi ge\u00e7mi\u015f, gen\u00e7lerin \u00f6nemli bir k\u0131sm\u0131 sa\u011f-sol davalar\u0131 kapsam\u0131nda g\u00f6zalt\u0131na al\u0131nm\u0131\u015f, i\u015fkencelerden ge\u00e7irilmi\u015f ve idam sehpalar\u0131na g\u00f6nderilmi\u015fti. \u0130htilalden sonraki ku\u015fak 12 Eyl\u00fcl\u2019\u00fcn getirdi\u011fi korku iklimiyle \u00fcniversitelerde okumu\u015f ve ailelerinin \u201cAman dikkat et, hi\u00e7bir \u015feye kar\u0131\u015fma; seni de i\u00e7eri al\u0131rlar, sadece okumana bak!\u201d gibi tavsiyeleriyle kar\u015f\u0131la\u015fm\u0131\u015ft\u0131. Buna ra\u011fmen gen\u00e7lerin bir k\u0131sm\u0131 idealleri u\u011fruna m\u00fccadele etmeye devam etmi\u015fti. Elinizdeki bu kitapta; 80 sonras\u0131 ku\u015fa\u011f\u0131n i\u00e7 d\u00fcnyas\u0131n\u0131, sorgulamalar\u0131n\u0131, ele\u015ftirilerini, sevdalar\u0131n\u0131, yoklukla m\u00fccadelelerini, davalar\u0131 u\u011fruna yard\u0131mla\u015fma ve dayan\u0131\u015fmalar\u0131n\u0131 ve idealleri i\u00e7in bir\u00e7ok \u015feyden vazge\u00e7i\u015flerini bulacaks\u0131n\u0131z. Bu roman; farkl\u0131 d\u00fc\u015f\u00fcncelere sahip iki ki\u015finin cezaevinin so\u011fuk h\u00fccrelerinde zamanla dost olmalar\u0131n\u0131 ve tahliye olduktan sonra da \u00fclkelerine bar\u0131\u015f ve karde\u015flik ortam\u0131 getirmek i\u00e7in verdikleri m\u00fccadeleyi g\u00f6zler \u00f6n\u00fcne seriyor. <\/p>\n","protected":false},"excerpt":{"rendered":"<p>12 Eyl\u00fcl \u0130htilali; halk\u0131n \u00fczerinden tank gibi ge\u00e7mi\u015f, gen\u00e7lerin \u00f6nemli bir k\u0131sm\u0131 sa\u011f-sol davalar\u0131 kapsam\u0131nda g\u00f6zalt\u0131na al\u0131nm\u0131\u015f, i\u015fkencelerden ge\u00e7irilmi\u015f ve idam sehpalar\u0131na g\u00f6nderilmi\u015fti. \u0130htilalden sonraki ku\u015fak<span class=\"excerpt-hellip\"> [\u2026]<\/span><\/p>\n","protected":false},"featured_media":0,"template":"","meta":{"_monsterinsights_skip_tracking":false,"_monsterinsights_sitenote_active":false,"_monsterinsights_sitenote_note":"","_monsterinsights_sitenote_category":0},"product_brand":[],"product_cat":[12291,12711],"product_tag":[],"class_list":{"0":"post-755228","1":"product","2":"type-product","3":"status-publish","5":"product_cat-edebiyat","6":"product_cat-roman-oyku","7":"pa_cilt-ciltsiz","8":"pa_tur-kitap","9":"pa_yayinevi-cinaralti-yayinlari","10":"pa_yazar-osman-azman","12":"first","13":"instock","14":"sale","15":"shipping-taxable","16":"purchasable","17":"product-type-simple"},"_links":{"self":[{"href":"https:\/\/roveyayinevi.com.tr\/index.php\/wp-json\/wp\/v2\/product\/755228","targetHints":{"allow":["GET"]}}],"collection":[{"href":"https:\/\/roveyayinevi.com.tr\/index.php\/wp-json\/wp\/v2\/product"}],"about":[{"href":"https:\/\/roveyayinevi.com.tr\/index.php\/wp-json\/wp\/v2\/types\/product"}],"wp:attachment":[{"href":"https:\/\/roveyayinevi.com.tr\/index.php\/wp-json\/wp\/v2\/media?parent=755228"}],"wp:term":[{"taxonomy":"product_brand","embeddable":true,"href":"https:\/\/roveyayinevi.com.tr\/index.php\/wp-json\/wp\/v2\/product_brand?post=755228"},{"taxonomy":"product_cat","embeddable":true,"href":"https:\/\/roveyayinevi.com.tr\/index.php\/wp-json\/wp\/v2\/product_cat?post=755228"},{"taxonomy":"product_tag","embeddable":true,"href":"https:\/\/roveyayinevi.com.tr\/index.php\/wp-json\/wp\/v2\/product_tag?post=755228"}],"curies":[{"name":"wp","href":"https:\/\/api.w.org\/{rel}","templated":true}]}}