{"id":755227,"date":"2025-08-28T06:33:44","date_gmt":"2025-08-28T03:33:44","guid":{"rendered":"https:\/\/roveyayinevi.com.tr\/index.php\/urun\/hic-boyle-dusunmemistim\/"},"modified":"2026-04-08T03:15:59","modified_gmt":"2026-04-08T00:15:59","slug":"hic-boyle-dusunmemistim","status":"publish","type":"product","link":"https:\/\/roveyayinevi.com.tr\/index.php\/urun\/hic-boyle-dusunmemistim\/","title":{"rendered":"Hi\u00e7 B\u00f6yle D\u00fc\u015f\u00fcnmemi\u015ftim"},"content":{"rendered":"<p>Daha \u00f6nce bakmad\u0131\u011f\u0131n\u0131z bir a\u00e7\u0131y\u0131, g\u00f6rmedi\u011finiz bir detay\u0131, hi\u00e7 akl\u0131n\u0131za getirmedi\u011finiz bir noktay\u0131 fark etti\u011finizde hissetti\u011finiz duyguyu an\u0131msay\u0131n. Nas\u0131l da heyecan verici ve hayret uyand\u0131r\u0131c\u0131d\u0131r! Sanki kapkaranl\u0131k bir odada bir \u0131\u015f\u0131k yanar ve birden ortal\u0131k ayd\u0131nlan\u0131verir. Akl\u0131n\u0131z berrakla\u015f\u0131r. \u0130\u00e7iniz k\u0131p\u0131r k\u0131p\u0131r olur. Ta\u015flar tek tek yerine oturmaya ba\u015flar. \u0130nanamazs\u0131n\u0131z. \u0130\u015fte o an muhte\u015fem bir and\u0131r. E\u011fer k\u0131ymeti bilinirse\u2026 \u00c7\u00fcnk\u00fc o anda b\u00fcy\u00fcl\u00fc bir \u015fey olmu\u015f, bir fikir do\u011fmu\u015ftur. Bir problem \u00e7\u00f6z\u00fclm\u00fc\u015ft\u00fcr. Ta\u015flar yerine oturmu\u015f, par\u00e7alar birle\u015fmi\u015ftir. Ve sizin i\u00e7in yepyeni bir \u015fey ortaya \u00e7\u0131km\u0131\u015ft\u0131r. Yepyeni bir bak\u0131\u015f a\u00e7\u0131s\u0131\u2026 Yepyeni bir hayat dersi\u2026 Yepyeni bir karar&#8230; Belki de yepyeni bir ba\u015flang\u0131\u00e7&#8230; \u00c7\u00fcnk\u00fc hayat, \u201cHi\u00e7 b\u00f6yle d\u00fc\u015f\u00fcnmemi\u015ftim!\u201d dedi\u011finiz anlarda anlamlan\u0131r. Bu kitapta, \u201cHi\u00e7 b\u00f6yle d\u00fc\u015f\u00fcnmemi\u015ftim!\u201d dedirten ya\u015fanm\u0131\u015fl\u0131klar\u0131n hik\u00e2yelerini okuyacaks\u0131n\u0131z; par\u00e7alar\u0131 birle\u015ftiren hikayeleri! <\/p>\n","protected":false},"excerpt":{"rendered":"<p>Daha \u00f6nce bakmad\u0131\u011f\u0131n\u0131z bir a\u00e7\u0131y\u0131, g\u00f6rmedi\u011finiz bir detay\u0131, hi\u00e7 akl\u0131n\u0131za getirmedi\u011finiz bir noktay\u0131 fark etti\u011finizde hissetti\u011finiz duyguyu an\u0131msay\u0131n. Nas\u0131l da heyecan verici ve hayret uyand\u0131r\u0131c\u0131d\u0131r! Sanki<span class=\"excerpt-hellip\"> [\u2026]<\/span><\/p>\n","protected":false},"featured_media":0,"template":"","meta":{"_monsterinsights_skip_tracking":false,"_monsterinsights_sitenote_active":false,"_monsterinsights_sitenote_note":"","_monsterinsights_sitenote_category":0},"product_brand":[],"product_cat":[12364,12376],"product_tag":[],"class_list":{"0":"post-755227","1":"product","2":"type-product","3":"status-publish","5":"product_cat-genel-konular","6":"product_cat-kisisel-gelisim","7":"pa_cilt-ciltsiz","8":"pa_tur-kitap","9":"pa_yayinevi-cinaralti-yayinlari","10":"pa_yazar-osman-fatih-cengiz","12":"first","13":"instock","14":"sale","15":"shipping-taxable","16":"purchasable","17":"product-type-simple"},"_links":{"self":[{"href":"https:\/\/roveyayinevi.com.tr\/index.php\/wp-json\/wp\/v2\/product\/755227","targetHints":{"allow":["GET"]}}],"collection":[{"href":"https:\/\/roveyayinevi.com.tr\/index.php\/wp-json\/wp\/v2\/product"}],"about":[{"href":"https:\/\/roveyayinevi.com.tr\/index.php\/wp-json\/wp\/v2\/types\/product"}],"wp:attachment":[{"href":"https:\/\/roveyayinevi.com.tr\/index.php\/wp-json\/wp\/v2\/media?parent=755227"}],"wp:term":[{"taxonomy":"product_brand","embeddable":true,"href":"https:\/\/roveyayinevi.com.tr\/index.php\/wp-json\/wp\/v2\/product_brand?post=755227"},{"taxonomy":"product_cat","embeddable":true,"href":"https:\/\/roveyayinevi.com.tr\/index.php\/wp-json\/wp\/v2\/product_cat?post=755227"},{"taxonomy":"product_tag","embeddable":true,"href":"https:\/\/roveyayinevi.com.tr\/index.php\/wp-json\/wp\/v2\/product_tag?post=755227"}],"curies":[{"name":"wp","href":"https:\/\/api.w.org\/{rel}","templated":true}]}}