{"id":755226,"date":"2025-08-28T06:33:42","date_gmt":"2025-08-28T03:33:42","guid":{"rendered":"https:\/\/roveyayinevi.com.tr\/index.php\/urun\/sozun-eri\/"},"modified":"2026-04-16T03:08:24","modified_gmt":"2026-04-16T00:08:24","slug":"sozun-eri","status":"publish","type":"product","link":"https:\/\/roveyayinevi.com.tr\/index.php\/urun\/sozun-eri\/","title":{"rendered":"S\u00f6z\u00fcn Eri"},"content":{"rendered":"<p>\u201cSevgili Ayla A\u011fabeg\u00fcm hocam\u0131zdan ve bu s\u00f6yle\u015filerden bana kalan miras, \u2018Susmak ve al\u0131\u015fmak yok.\u2019 tavsiyesi\u2026 Ve g\u00f6rd\u00fcm ki o, yan\u0131nda rahatl\u0131kla a\u011flayabildi\u011fimiz g\u00fczel bir insan. Abla, anne, k\u0131z karde\u015f, teyze\u2026 G\u00fcnl\u00fck hayatta sosyal stat\u00fclerimiz \u00e7ok \u00e7ok ba\u015fkad\u0131r ancak Ayla A\u011fabeg\u00fcm hepimizi kucaklayabilen engin bir kalp, dingin bir ruh, se\u00e7kin bir zihin ve ak\u0131ld\u0131r. \u2018G\u00f6z\u00fcn\u00fcz\u00fc a\u011flamaya, kafan\u0131z\u0131 d\u00fc\u015f\u00fcnmeye al\u0131\u015ft\u0131r\u0131n.\u2019 der.  Dik duru\u015f bir han\u0131mefendiye bu kadar m\u0131 yak\u0131\u015f\u0131r? G\u00f6n\u00fcl eri\u2026 S\u00f6z\u00fcn eri\u2026\u201d (Yasemin Kulo\u011flu) *** \u201cZaman\u0131n elinden tutan insanlar\u0131, ayn\u0131 zamanda sesimiz, \u00e7\u0131\u011fl\u0131\u011f\u0131m\u0131z olan insanlar\u0131 tan\u0131mak onlar\u0131n ayd\u0131nlatt\u0131\u011f\u0131 yolda belki de y\u00fcr\u00fcmeyi, hayata kar\u015f\u0131 dimdik durmay\u0131 \u00f6\u011frenmek ne kadar k\u0131ymetli. Ve topluma kanat geren insanlar toplumun her bir ferdi i\u00e7in bir hazine de\u011ferinde. Onlar\u0131n yaz\u0131lar\u0131n\u0131 okurken ruhumuz, benli\u011fimiz, belle\u011fimiz nas\u0131l da tazelenir, yenilenir. Hele hele bir de onlar\u0131 yak\u0131ndan tan\u0131ma ve dinleme talihine kavu\u015fanlar i\u00e7in ise bu tan\u0131\u015f\u0131kl\u0131k bir nimete d\u00f6n\u00fc\u015f\u00fcr.\u201d  (\u0130smail ZORBA) <\/p>\n","protected":false},"excerpt":{"rendered":"<p>\u201cSevgili Ayla A\u011fabeg\u00fcm hocam\u0131zdan ve bu s\u00f6yle\u015filerden bana kalan miras, \u2018Susmak ve al\u0131\u015fmak yok.\u2019 tavsiyesi\u2026 Ve g\u00f6rd\u00fcm ki o, yan\u0131nda rahatl\u0131kla a\u011flayabildi\u011fimiz g\u00fczel bir insan. Abla,<span class=\"excerpt-hellip\"> [\u2026]<\/span><\/p>\n","protected":false},"featured_media":0,"template":"","meta":{"_monsterinsights_skip_tracking":false,"_monsterinsights_sitenote_active":false,"_monsterinsights_sitenote_note":"","_monsterinsights_sitenote_category":0},"product_brand":[],"product_cat":[12291,30969],"product_tag":[],"class_list":{"0":"post-755226","1":"product","2":"type-product","3":"status-publish","5":"product_cat-edebiyat","6":"product_cat-soylesi-edebiyat","7":"pa_cilt-ciltsiz","8":"pa_tur-kitap","9":"pa_yayinevi-cinaralti-yayinlari","10":"pa_yazar-ayla-agabegum","12":"first","13":"instock","14":"sale","15":"shipping-taxable","16":"purchasable","17":"product-type-simple"},"_links":{"self":[{"href":"https:\/\/roveyayinevi.com.tr\/index.php\/wp-json\/wp\/v2\/product\/755226","targetHints":{"allow":["GET"]}}],"collection":[{"href":"https:\/\/roveyayinevi.com.tr\/index.php\/wp-json\/wp\/v2\/product"}],"about":[{"href":"https:\/\/roveyayinevi.com.tr\/index.php\/wp-json\/wp\/v2\/types\/product"}],"wp:attachment":[{"href":"https:\/\/roveyayinevi.com.tr\/index.php\/wp-json\/wp\/v2\/media?parent=755226"}],"wp:term":[{"taxonomy":"product_brand","embeddable":true,"href":"https:\/\/roveyayinevi.com.tr\/index.php\/wp-json\/wp\/v2\/product_brand?post=755226"},{"taxonomy":"product_cat","embeddable":true,"href":"https:\/\/roveyayinevi.com.tr\/index.php\/wp-json\/wp\/v2\/product_cat?post=755226"},{"taxonomy":"product_tag","embeddable":true,"href":"https:\/\/roveyayinevi.com.tr\/index.php\/wp-json\/wp\/v2\/product_tag?post=755226"}],"curies":[{"name":"wp","href":"https:\/\/api.w.org\/{rel}","templated":true}]}}