{"id":755225,"date":"2025-08-28T06:33:41","date_gmt":"2025-08-28T03:33:41","guid":{"rendered":"https:\/\/roveyayinevi.com.tr\/index.php\/urun\/sevginin-yedi-rengi\/"},"modified":"2026-04-16T03:08:24","modified_gmt":"2026-04-16T00:08:24","slug":"sevginin-yedi-rengi","status":"publish","type":"product","link":"https:\/\/roveyayinevi.com.tr\/index.php\/urun\/sevginin-yedi-rengi\/","title":{"rendered":"Sevginin Yedi Rengi"},"content":{"rendered":"<p>Sevgi, bir duygu ve heyecan t\u00fcr\u00fcd\u00fcr. Duygu ise psikolojide en \u00e7ok tart\u0131\u015f\u0131lan fakat kesin bir tan\u0131m\u0131 yap\u0131lamayan konulardan biridir. \u00c7\u00fcnk\u00fc t\u00fcrleri, geli\u015fimleri, derinlik dereceleri, s\u00fcrekli de\u011fi\u015fen yap\u0131s\u0131 itibar\u0131yla duygular son derece karma\u015f\u0131k bir yap\u0131ya sahiptir. Kesin tan\u0131m\u0131 yap\u0131lamamas\u0131na ra\u011fmen anla\u015f\u0131lmas\u0131 imk\u00e2ns\u0131z da de\u011fildir. Sevgi, insan i\u00e7in do\u011fumla birlikte ba\u015flayan ve sa\u011fl\u0131kl\u0131 bir ruh yap\u0131s\u0131 i\u00e7in gerekli olan temel bir ihtiya\u00e7t\u0131r. Sevgi; insan\u0131n hayatla ba\u011f\u0131n\u0131 olu\u015fturan, ya\u015fam\u0131n g\u00fczelli\u011finin fark edilmesine arac\u0131l\u0131k eden f\u0131tr\u00ee bir duygudur. Sevgi, insanl\u0131\u011f\u0131n evrensel dilidir. \u201cSevginin Yedi Rengi\u201d ise insan\u0131n sevgi ve a\u015fkla ilgili b\u00fct\u00fcn ser\u00fcvenini ve insan\u0131n tekam\u00fcl\u00fcne giden yoldaki renkli y\u00f6n levhalar\u0131n\u0131 bize g\u00f6stermeye \u00e7al\u0131\u015f\u0131yor. <\/p>\n","protected":false},"excerpt":{"rendered":"<p>Sevgi, bir duygu ve heyecan t\u00fcr\u00fcd\u00fcr. Duygu ise psikolojide en \u00e7ok tart\u0131\u015f\u0131lan fakat kesin bir tan\u0131m\u0131 yap\u0131lamayan konulardan biridir. \u00c7\u00fcnk\u00fc t\u00fcrleri, geli\u015fimleri, derinlik dereceleri, s\u00fcrekli de\u011fi\u015fen<span class=\"excerpt-hellip\"> [\u2026]<\/span><\/p>\n","protected":false},"featured_media":0,"template":"","meta":{"_monsterinsights_skip_tracking":false,"_monsterinsights_sitenote_active":false,"_monsterinsights_sitenote_note":"","_monsterinsights_sitenote_category":0},"product_brand":[],"product_cat":[12358,12357],"product_tag":[],"class_list":{"0":"post-755225","1":"product","2":"type-product","3":"status-publish","5":"product_cat-genel-psikoloji","6":"product_cat-psikoloji","7":"pa_cilt-ciltsiz","8":"pa_tur-kitap","9":"pa_yayinevi-cinaralti-yayinlari","10":"pa_yazar-onder-aksoy","12":"first","13":"instock","14":"sale","15":"shipping-taxable","16":"purchasable","17":"product-type-simple"},"_links":{"self":[{"href":"https:\/\/roveyayinevi.com.tr\/index.php\/wp-json\/wp\/v2\/product\/755225","targetHints":{"allow":["GET"]}}],"collection":[{"href":"https:\/\/roveyayinevi.com.tr\/index.php\/wp-json\/wp\/v2\/product"}],"about":[{"href":"https:\/\/roveyayinevi.com.tr\/index.php\/wp-json\/wp\/v2\/types\/product"}],"wp:attachment":[{"href":"https:\/\/roveyayinevi.com.tr\/index.php\/wp-json\/wp\/v2\/media?parent=755225"}],"wp:term":[{"taxonomy":"product_brand","embeddable":true,"href":"https:\/\/roveyayinevi.com.tr\/index.php\/wp-json\/wp\/v2\/product_brand?post=755225"},{"taxonomy":"product_cat","embeddable":true,"href":"https:\/\/roveyayinevi.com.tr\/index.php\/wp-json\/wp\/v2\/product_cat?post=755225"},{"taxonomy":"product_tag","embeddable":true,"href":"https:\/\/roveyayinevi.com.tr\/index.php\/wp-json\/wp\/v2\/product_tag?post=755225"}],"curies":[{"name":"wp","href":"https:\/\/api.w.org\/{rel}","templated":true}]}}